{"id":5232,"date":"2014-03-06T09:48:40","date_gmt":"2014-03-06T08:48:40","guid":{"rendered":"https:\/\/test.imprimetresde.com\/producto\/lampada-caveira-voronoi\/"},"modified":"2022-09-09T16:47:07","modified_gmt":"2022-09-09T14:47:07","slug":"lampada-caveira-voronoi","status":"publish","type":"product","link":"https:\/\/test.imprimetresde.com\/gl\/produto\/lampada-caveira-voronoi\/","title":{"rendered":"L\u00e1mpada Caveira Voronoi"},"content":{"rendered":"<p>L\u00e1mpada Calavera Voronoi realizada en <a href=\"https:\/\/test.imprimetresde.com\/nuestro-material-de-impresion-el-pla-polimero-biodegradable-procedente-de-recursos-vegetales\/\">PLA<\/a> ecol\u00f3xico. L\u00e1mpada con forma de cr\u00e1neo ou calavera, \u00a0realizada cun dese\u00f1o basado nun diagrama de Voronoi. En matem\u00e1ticas, un <a href=\"https:\/\/es.wikipedia.org\/wiki\/Pol%C3%ADgonos_de_Thiessen\"><b>diagrama de Voronoi<\/b><\/a> \u00e9 unha partici\u00f3n dun plano en rexi\u00f3ns en base \u00e1 distancia de pontos nun subconxunto espec\u00edfico de dito plano. Especif\u00edcase que conxunto de puntos (chamados sementes, sitios ou xeneradores) de antem\u00e1n, e para cada semente hai unha rexi\u00f3n correspondente que consta de todos os pontos m\u00e1is cercanos a esa semente que a calqueira outro. Estas rexi\u00f3ns ch\u00e1manse celdas de Voronoi.<\/p>\n<p>Utilizando esta t\u00e9cnica, obtense unha superficie porosa, que permite o paso da luz, \u00e1 vez que genera un acabado org\u00e1nico en toda a envolvente do obxeto. Un elemento que permite aloxar no seu interior unha bombilla, unha l\u00e1mpada led ou unha vela hal\u00f3xena.<\/p>\n<p><strong>*A fonte de luz non est\u00e1 inclu\u00edda<\/strong><\/p>\n<h5><\/h5>\n<h5><strong>Vista 3D<\/strong>\u00a0(Click + esquerda ou dereita para rotar)<\/h5>\n<img data-area='' data-attr='{}' data-brake='0.23' data-clickfree='false' data-cursor='url(\"https:\/\/test.imprimetresde.com\/wp-content\/plugins\/wp-reel\/cur\/jquery.reel.cur\"),hand' data-cw='false' data-delay='0' data-directional='' data-draggable='true' data-duration='' data-entry='' data-footage='6' data-framelock='false' data-graph='' data-hint='' data-horizontal='true' data-indicator='0' data-inversed='false' data-klass='' data-lazyness='' data-monitor='' data-opening='0' data-orbital='0' data-orientable='' data-preload='fidelity' data-preloader='4' data-rebound='0.5' data-responsive='true' data-row='1' data-rows='0' data-rowlock='false' data-scrollable='true' data-shy='false' data-spacing='0' data-steppable='true' data-tempo='25' data-throwable='true' data-velocity='0' data-vertical='false' data-wheelable='true' width='573' height='309'  class='reel' data-revolution='573'  data-speed='0'  data-loops='true'  data-frames='40' data-size='' data-frame='1'   data-images='https:\/\/test.imprimetresde.com\/wp-content\/uploads\/2014\/03\/skullvor_ANIM000040.jpg,https:\/\/test.imprimetresde.com\/wp-content\/uploads\/2014\/03\/skullvor_ANIM000001.jpg,https:\/\/test.imprimetresde.com\/wp-content\/uploads\/2014\/03\/skullvor_ANIM000002.jpg,https:\/\/test.imprimetresde.com\/wp-content\/uploads\/2014\/03\/skullvor_ANIM000003.jpg,https:\/\/test.imprimetresde.com\/wp-content\/uploads\/2014\/03\/skullvor_ANIM000004.jpg,https:\/\/test.imprimetresde.com\/wp-content\/uploads\/2014\/03\/skullvor_ANIM000005.jpg,https:\/\/test.imprimetresde.com\/wp-content\/uploads\/2014\/03\/skullvor_ANIM000006.jpg,https:\/\/test.imprimetresde.com\/wp-content\/uploads\/2014\/03\/skullvor_ANIM000007.jpg,https:\/\/test.imprimetresde.com\/wp-content\/uploads\/2014\/03\/skullvor_ANIM000008.jpg,https:\/\/test.imprimetresde.com\/wp-content\/uploads\/2014\/03\/skullvor_ANIM000009.jpg,https:\/\/test.imprimetresde.com\/wp-content\/uploads\/2014\/03\/skullvor_ANIM000010.jpg,https:\/\/test.imprimetresde.com\/wp-content\/uploads\/2014\/03\/skullvor_ANIM000011.jpg,https:\/\/test.imprimetresde.com\/wp-content\/uploads\/2014\/03\/skullvor_ANIM000012.jpg,https:\/\/test.imprimetresde.com\/wp-content\/uploads\/2014\/03\/skullvor_ANIM000013.jpg,https:\/\/test.imprimetresde.com\/wp-content\/uploads\/2014\/03\/skullvor_ANIM000014.jpg,https:\/\/test.imprimetresde.com\/wp-content\/uploads\/2014\/03\/skullvor_ANIM000015.jpg,https:\/\/test.imprimetresde.com\/wp-content\/uploads\/2014\/03\/skullvor_ANIM000016.jpg,https:\/\/test.imprimetresde.com\/wp-content\/uploads\/2014\/03\/skullvor_ANIM000017.jpg,https:\/\/test.imprimetresde.com\/wp-content\/uploads\/2014\/03\/skullvor_ANIM000018.jpg,https:\/\/test.imprimetresde.com\/wp-content\/uploads\/2014\/03\/skullvor_ANIM000019.jpg,https:\/\/test.imprimetresde.com\/wp-content\/uploads\/2014\/03\/skullvor_ANIM000020.jpg,https:\/\/test.imprimetresde.com\/wp-content\/uploads\/2014\/03\/skullvor_ANIM000021.jpg,https:\/\/test.imprimetresde.com\/wp-content\/uploads\/2014\/03\/skullvor_ANIM000022.jpg,https:\/\/test.imprimetresde.com\/wp-content\/uploads\/2014\/03\/skullvor_ANIM000023.jpg,https:\/\/test.imprimetresde.com\/wp-content\/uploads\/2014\/03\/skullvor_ANIM000024.jpg,https:\/\/test.imprimetresde.com\/wp-content\/uploads\/2014\/03\/skullvor_ANIM000025.jpg,https:\/\/test.imprimetresde.com\/wp-content\/uploads\/2014\/03\/skullvor_ANIM000026.jpg,https:\/\/test.imprimetresde.com\/wp-content\/uploads\/2014\/03\/skullvor_ANIM000027.jpg,https:\/\/test.imprimetresde.com\/wp-content\/uploads\/2014\/03\/skullvor_ANIM000028.jpg,https:\/\/test.imprimetresde.com\/wp-content\/uploads\/2014\/03\/skullvor_ANIM000029.jpg,https:\/\/test.imprimetresde.com\/wp-content\/uploads\/2014\/03\/skullvor_ANIM000030.jpg,https:\/\/test.imprimetresde.com\/wp-content\/uploads\/2014\/03\/skullvor_ANIM000031.jpg,https:\/\/test.imprimetresde.com\/wp-content\/uploads\/2014\/03\/skullvor_ANIM000032.jpg,https:\/\/test.imprimetresde.com\/wp-content\/uploads\/2014\/03\/skullvor_ANIM000033.jpg,https:\/\/test.imprimetresde.com\/wp-content\/uploads\/2014\/03\/skullvor_ANIM000034.jpg,https:\/\/test.imprimetresde.com\/wp-content\/uploads\/2014\/03\/skullvor_ANIM000035.jpg,https:\/\/test.imprimetresde.com\/wp-content\/uploads\/2014\/03\/skullvor_ANIM000036.jpg,https:\/\/test.imprimetresde.com\/wp-content\/uploads\/2014\/03\/skullvor_ANIM000037.jpg,https:\/\/test.imprimetresde.com\/wp-content\/uploads\/2014\/03\/skullvor_ANIM000038.jpg,https:\/\/test.imprimetresde.com\/wp-content\/uploads\/2014\/03\/skullvor_ANIM000039.jpg' src='https:\/\/test.imprimetresde.com\/wp-content\/uploads\/2014\/03\/skullvor_ANIM000040.jpg' >\n<p>&nbsp;<\/p>\n<p>L\u00e1mpada con forma de cr\u00e1neo oo caveira, \u00a0realizada cun dese\u00f1o baseado nun diagrama de Voronoi.\u00a0En matem\u00e1ticas, un <b>diagrama de Voronoi<\/b>\u00a0\u00e9 unha partici\u00f3n dun plano\u00a0en rexi\u00f3ns en base \u00e1 distancia de puntos nun subconxunto espec\u00edfico de dito plano. Espec\u00edficase que conxunto de puntos (chamados sementes, sitios ou xeneradores) de anteman, e para cada semilla hai unha rexi\u00f3n correspondente que consta de t\u00f3dolos puntos m\u00e1is cercanos a esta semente que a cualquer outro. Estas rexi\u00f3ns \u00a0chamanse celas de Voronoi.<\/p>\n<p>Empregando esta t\u00e9cnica, obtense unha superficie porosa, que permite o paso da luz, \u00e1 vez que xenera un acabado org\u00e1nico en todala envolvente do obxecto. Un elemento que permite aloxar no seu interior unha bombilla, una l\u00e1mpada led ou unha vela hal\u00f3xena.<\/p>\n<p><strong>*A fuente de luz non est\u00e1 inclu\u00edda<\/strong><\/p>\n","protected":false},"excerpt":{"rendered":"<p>L\u00e1mpada Calavera Voronoi realizada en <a href=\"https:\/\/test.imprimetresde.com\/nuestro-material-de-impresion-el-pla-polimero-biodegradable-procedente-de-recursos-vegetales\/\">PLA<\/a> ecol\u00f3xico. L\u00e1mpada con forma de cr\u00e1neo ou calavera, \u00a0realizada cun dese\u00f1o basado nun diagrama de Voronoi.<\/p>\n","protected":false},"featured_media":3252,"comment_status":"open","ping_status":"closed","template":"","meta":{"_vp_format_video_url":"","_vp_image_focal_point":[]},"product_brand":[],"product_cat":[313,319],"product_tag":[202,243,255,301],"class_list":{"0":"post-5232","1":"product","2":"type-product","3":"status-publish","4":"has-post-thumbnail","6":"product_cat-ambiente-gl","7":"product_cat-iluminacion-gl","8":"product_tag-caveira","9":"product_tag-iluminacion-gl","10":"product_tag-lampada","11":"product_tag-voronoi-gl","13":"first","14":"instock","15":"sale","16":"taxable","17":"shipping-taxable","18":"purchasable","19":"product-type-simple"},"exclude_global_add_ons":[],"addons":[],"_links":{"self":[{"href":"https:\/\/test.imprimetresde.com\/gl\/wp-json\/wp\/v2\/product\/5232","targetHints":{"allow":["GET"]}}],"collection":[{"href":"https:\/\/test.imprimetresde.com\/gl\/wp-json\/wp\/v2\/product"}],"about":[{"href":"https:\/\/test.imprimetresde.com\/gl\/wp-json\/wp\/v2\/types\/product"}],"replies":[{"embeddable":true,"href":"https:\/\/test.imprimetresde.com\/gl\/wp-json\/wp\/v2\/comments?post=5232"}],"wp:featuredmedia":[{"embeddable":true,"href":"https:\/\/test.imprimetresde.com\/gl\/wp-json\/wp\/v2\/media\/3252"}],"wp:attachment":[{"href":"https:\/\/test.imprimetresde.com\/gl\/wp-json\/wp\/v2\/media?parent=5232"}],"wp:term":[{"taxonomy":"product_brand","embeddable":true,"href":"https:\/\/test.imprimetresde.com\/gl\/wp-json\/wp\/v2\/product_brand?post=5232"},{"taxonomy":"product_cat","embeddable":true,"href":"https:\/\/test.imprimetresde.com\/gl\/wp-json\/wp\/v2\/product_cat?post=5232"},{"taxonomy":"product_tag","embeddable":true,"href":"https:\/\/test.imprimetresde.com\/gl\/wp-json\/wp\/v2\/product_tag?post=5232"}],"curies":[{"name":"wp","href":"https:\/\/api.w.org\/{rel}","templated":true}]}}