{"id":5233,"date":"2014-03-06T09:48:38","date_gmt":"2014-03-06T08:48:38","guid":{"rendered":"https:\/\/test.imprimetresde.com\/producto\/lampada-shapeshifter\/"},"modified":"2024-03-12T22:46:59","modified_gmt":"2024-03-12T20:46:59","slug":"lampada-shapeshifter","status":"publish","type":"product","link":"https:\/\/test.imprimetresde.com\/gl\/produto\/lampada-shapeshifter\/","title":{"rendered":"L\u00e1mpada Shapeshifter"},"content":{"rendered":"<h5><strong>Vista 3D<\/strong>\u00a0(Click + esquerda ou dereita para rotar)<\/h5>\n<img data-area='' data-attr='{}' data-brake='0.23' data-clickfree='false' data-cursor='url(\"https:\/\/test.imprimetresde.com\/wp-content\/plugins\/wp-reel\/cur\/jquery.reel.cur\"),hand' data-cw='false' data-delay='0' data-directional='' data-draggable='true' data-duration='' data-entry='' data-footage='6' data-framelock='false' data-graph='' data-hint='' data-horizontal='true' data-indicator='0' data-inversed='false' data-klass='' data-lazyness='' data-monitor='' data-opening='0' data-orbital='0' data-orientable='' data-preload='fidelity' data-preloader='4' data-rebound='0.5' data-responsive='true' data-row='1' data-rows='0' data-rowlock='false' data-scrollable='true' data-shy='false' data-spacing='0' data-steppable='true' data-tempo='25' data-throwable='true' data-velocity='0' data-vertical='false' data-wheelable='true' width='575' height='305'  class='reel' data-revolution='575'  data-speed='0'  data-loops='true'  data-frames='40' data-size='' data-frame='1'   data-images='https:\/\/test.imprimetresde.com\/wp-content\/uploads\/2014\/03\/SSLBK_anim000001-opt.jpg,https:\/\/test.imprimetresde.com\/wp-content\/uploads\/2014\/03\/SSLBK_anim000002-opt.jpg,https:\/\/test.imprimetresde.com\/wp-content\/uploads\/2014\/03\/SSLBK_anim000003-opt.jpg,https:\/\/test.imprimetresde.com\/wp-content\/uploads\/2014\/03\/SSLBK_anim000004-opt.jpg,https:\/\/test.imprimetresde.com\/wp-content\/uploads\/2014\/03\/SSLBK_anim000005-opt.jpg,https:\/\/test.imprimetresde.com\/wp-content\/uploads\/2014\/03\/SSLBK_anim000006-opt.jpg,https:\/\/test.imprimetresde.com\/wp-content\/uploads\/2014\/03\/SSLBK_anim000007-opt.jpg,https:\/\/test.imprimetresde.com\/wp-content\/uploads\/2014\/03\/SSLBK_anim000008-opt.jpg,https:\/\/test.imprimetresde.com\/wp-content\/uploads\/2014\/03\/SSLBK_anim000009-opt.jpg,https:\/\/test.imprimetresde.com\/wp-content\/uploads\/2014\/03\/SSLBK_anim000010-opt.jpg,https:\/\/test.imprimetresde.com\/wp-content\/uploads\/2014\/03\/SSLBK_anim000011-opt.jpg,https:\/\/test.imprimetresde.com\/wp-content\/uploads\/2014\/03\/SSLBK_anim000012-opt.jpg,https:\/\/test.imprimetresde.com\/wp-content\/uploads\/2014\/03\/SSLBK_anim000013-opt.jpg,https:\/\/test.imprimetresde.com\/wp-content\/uploads\/2014\/03\/SSLBK_anim000014-opt.jpg,https:\/\/test.imprimetresde.com\/wp-content\/uploads\/2014\/03\/SSLBK_anim000015-opt.jpg,https:\/\/test.imprimetresde.com\/wp-content\/uploads\/2014\/03\/SSLBK_anim000016-opt.jpg,https:\/\/test.imprimetresde.com\/wp-content\/uploads\/2014\/03\/SSLBK_anim000017-opt.jpg,https:\/\/test.imprimetresde.com\/wp-content\/uploads\/2014\/03\/SSLBK_anim000018-opt.jpg,https:\/\/test.imprimetresde.com\/wp-content\/uploads\/2014\/03\/SSLBK_anim000019-opt.jpg,https:\/\/test.imprimetresde.com\/wp-content\/uploads\/2014\/03\/SSLBK_anim000020-opt.jpg,https:\/\/test.imprimetresde.com\/wp-content\/uploads\/2014\/03\/SSLBK_anim000021-opt.jpg,https:\/\/test.imprimetresde.com\/wp-content\/uploads\/2014\/03\/SSLBK_anim000022-opt.jpg,https:\/\/test.imprimetresde.com\/wp-content\/uploads\/2014\/03\/SSLBK_anim000023-opt.jpg,https:\/\/test.imprimetresde.com\/wp-content\/uploads\/2014\/03\/SSLBK_anim000024-opt.jpg,https:\/\/test.imprimetresde.com\/wp-content\/uploads\/2014\/03\/SSLBK_anim000025-opt.jpg,https:\/\/test.imprimetresde.com\/wp-content\/uploads\/2014\/03\/SSLBK_anim000026-opt.jpg,https:\/\/test.imprimetresde.com\/wp-content\/uploads\/2014\/03\/SSLBK_anim000027-opt.jpg,https:\/\/test.imprimetresde.com\/wp-content\/uploads\/2014\/03\/SSLBK_anim000028-opt.jpg,https:\/\/test.imprimetresde.com\/wp-content\/uploads\/2014\/03\/SSLBK_anim000029-opt.jpg,https:\/\/test.imprimetresde.com\/wp-content\/uploads\/2014\/03\/SSLBK_anim000030-opt.jpg,https:\/\/test.imprimetresde.com\/wp-content\/uploads\/2014\/03\/SSLBK_anim000031-opt.jpg,https:\/\/test.imprimetresde.com\/wp-content\/uploads\/2014\/03\/SSLBK_anim000032-opt.jpg,https:\/\/test.imprimetresde.com\/wp-content\/uploads\/2014\/03\/SSLBK_anim000033-opt.jpg,https:\/\/test.imprimetresde.com\/wp-content\/uploads\/2014\/03\/SSLBK_anim000034-opt.jpg,https:\/\/test.imprimetresde.com\/wp-content\/uploads\/2014\/03\/SSLBK_anim000035-opt.jpg,https:\/\/test.imprimetresde.com\/wp-content\/uploads\/2014\/03\/SSLBK_anim000036-opt.jpg,https:\/\/test.imprimetresde.com\/wp-content\/uploads\/2014\/03\/SSLBK_anim000037-opt.jpg,https:\/\/test.imprimetresde.com\/wp-content\/uploads\/2014\/03\/SSLBK_anim000038-opt.jpg,https:\/\/test.imprimetresde.com\/wp-content\/uploads\/2014\/03\/SSLBK_anim000039-opt.jpg,https:\/\/test.imprimetresde.com\/wp-content\/uploads\/2014\/03\/SSLBK_anim000040-opt.jpg' src='https:\/\/test.imprimetresde.com\/wp-content\/uploads\/2014\/03\/SSLBK_anim000001-opt.jpg' >\n<p>&nbsp;<\/p>\n<p>O\u00a0papel de arroz do acabado da l\u00e1mpada de pe Regolit de IKEA non \u00e9 o material m\u00e1is duradeiro. Cando Samuel Bernier (LeFab Shop) atopou unha Regolit cun desgarro pero totalmente operativa, decidiu reemplazalo cunha cuberta 3d impresa do seu propio dese\u00f1o. Usou SolidWorks para darlle forma a unha serie de formas\u00a0bulbosas e imprimilas, primeiro na s\u00faa Impresora\u00a0UP! \u00a03-D, y logo na s\u00faa MakerBot Replicator 2. Chamou ao seu\u00a0 proxecto Dentelle, franc\u00e9s para &#8220;cors\u00e9&#8221;.<\/p>\n<p>&#8220;Unha grande cantidade de pantallas textiles semellan\u00a0cors\u00e9s&#8221;, dice. &#8220;As mulleres adoitaban personalizalos manualmente e lles levaban\u00a0d\u00edas para completar unha peza sinxela. Arevoluci\u00f3n industrial mudou o mundo dos textiles e a s\u00faa automatizacion\u00a0hai un s\u00e9culo. A Revoluci\u00f3n da impresi\u00f3n 3-D de hoxe muda o mundo da personalizaci\u00f3n en masa &#8220;.<\/p>\n<p>Esta es una l\u00e1mpada inspirada na coleccion Dentelle.<\/p>\n<p><strong>*A fonte de luz non est\u00e1 inclu\u00edda<\/strong><\/p>\n","protected":false},"excerpt":{"rendered":"<p>Samuel Bernier (LeFab Shop) cre\u00f3 unha colecci\u00f3n de l\u00e1mpadas baseadas na forma dos cors\u00e9s femeninos.\u00a0Esta \u00e9 unha l\u00e1mpada inspirada na s\u00faa colecci\u00f3n Dentelle.<\/p>\n<p>&nbsp;<\/p>\n","protected":false},"featured_media":3257,"comment_status":"open","ping_status":"closed","template":"","meta":{"_vp_format_video_url":"","_vp_image_focal_point":[]},"product_brand":[],"product_cat":[319],"product_tag":[243,255,253,290],"class_list":{"0":"post-5233","1":"product","2":"type-product","3":"status-publish","4":"has-post-thumbnail","6":"product_cat-iluminacion-gl","7":"product_tag-iluminacion-gl","8":"product_tag-lampada","9":"product_tag-malla-gl","10":"product_tag-shapeshifter-gl","12":"first","13":"instock","14":"sale","15":"taxable","16":"shipping-taxable","17":"purchasable","18":"product-type-simple"},"exclude_global_add_ons":[],"addons":[],"_links":{"self":[{"href":"https:\/\/test.imprimetresde.com\/gl\/wp-json\/wp\/v2\/product\/5233","targetHints":{"allow":["GET"]}}],"collection":[{"href":"https:\/\/test.imprimetresde.com\/gl\/wp-json\/wp\/v2\/product"}],"about":[{"href":"https:\/\/test.imprimetresde.com\/gl\/wp-json\/wp\/v2\/types\/product"}],"replies":[{"embeddable":true,"href":"https:\/\/test.imprimetresde.com\/gl\/wp-json\/wp\/v2\/comments?post=5233"}],"wp:featuredmedia":[{"embeddable":true,"href":"https:\/\/test.imprimetresde.com\/gl\/wp-json\/wp\/v2\/media\/3257"}],"wp:attachment":[{"href":"https:\/\/test.imprimetresde.com\/gl\/wp-json\/wp\/v2\/media?parent=5233"}],"wp:term":[{"taxonomy":"product_brand","embeddable":true,"href":"https:\/\/test.imprimetresde.com\/gl\/wp-json\/wp\/v2\/product_brand?post=5233"},{"taxonomy":"product_cat","embeddable":true,"href":"https:\/\/test.imprimetresde.com\/gl\/wp-json\/wp\/v2\/product_cat?post=5233"},{"taxonomy":"product_tag","embeddable":true,"href":"https:\/\/test.imprimetresde.com\/gl\/wp-json\/wp\/v2\/product_tag?post=5233"}],"curies":[{"name":"wp","href":"https:\/\/api.w.org\/{rel}","templated":true}]}}