{"id":5234,"date":"2014-03-05T16:18:19","date_gmt":"2014-03-05T15:18:19","guid":{"rendered":"https:\/\/test.imprimetresde.com\/producto\/paxareira-plegable\/"},"modified":"2014-03-05T16:18:19","modified_gmt":"2014-03-05T15:18:19","slug":"paxareira-plegable","status":"publish","type":"product","link":"https:\/\/test.imprimetresde.com\/gl\/produto\/paxareira-plegable\/","title":{"rendered":"Paxareira Plegable"},"content":{"rendered":"<h5><strong>Vista 3D<\/strong>\u00a0(Click +\u00a0esquerda ou dereita para rotar)<\/h5>\n<p><img data-area='' data-attr='{}' data-brake='0.23' data-clickfree='false' data-cursor='url(\"https:\/\/test.imprimetresde.com\/wp-content\/plugins\/wp-reel\/cur\/jquery.reel.cur\"),hand' data-cw='false' data-delay='0' data-directional='' data-draggable='true' data-duration='' data-entry='' data-footage='6' data-framelock='false' data-graph='' data-hint='' data-horizontal='true' data-indicator='0' data-inversed='false' data-klass='' data-lazyness='' data-monitor='' data-opening='0' data-orbital='0' data-orientable='' data-preload='fidelity' data-preloader='4' data-rebound='0.5' data-responsive='true' data-row='1' data-rows='0' data-rowlock='false' data-scrollable='true' data-shy='false' data-spacing='0' data-steppable='true' data-tempo='25' data-throwable='true' data-velocity='0' data-vertical='false' data-wheelable='true' width='575' height='305'  class='reel' data-revolution='575'  data-speed='0'  data-loops='true'  data-frames='40' data-size='' data-frame='1'   data-images='https:\/\/test.imprimetresde.com\/wp-content\/uploads\/2014\/03\/PAJ_anim000040-opt.jpg,https:\/\/test.imprimetresde.com\/wp-content\/uploads\/2014\/03\/PAJ_anim000001-opt.jpg,https:\/\/test.imprimetresde.com\/wp-content\/uploads\/2014\/03\/PAJ_anim000002-opt.jpg,https:\/\/test.imprimetresde.com\/wp-content\/uploads\/2014\/03\/PAJ_anim000003-opt.jpg,https:\/\/test.imprimetresde.com\/wp-content\/uploads\/2014\/03\/PAJ_anim000004-opt.jpg,https:\/\/test.imprimetresde.com\/wp-content\/uploads\/2014\/03\/PAJ_anim000005-opt.jpg,https:\/\/test.imprimetresde.com\/wp-content\/uploads\/2014\/03\/PAJ_anim000006-opt.jpg,https:\/\/test.imprimetresde.com\/wp-content\/uploads\/2014\/03\/PAJ_anim000007-opt.jpg,https:\/\/test.imprimetresde.com\/wp-content\/uploads\/2014\/03\/PAJ_anim000008-opt.jpg,https:\/\/test.imprimetresde.com\/wp-content\/uploads\/2014\/03\/PAJ_anim000009-opt.jpg,https:\/\/test.imprimetresde.com\/wp-content\/uploads\/2014\/03\/PAJ_anim000010-opt.jpg,https:\/\/test.imprimetresde.com\/wp-content\/uploads\/2014\/03\/PAJ_anim000011-opt.jpg,https:\/\/test.imprimetresde.com\/wp-content\/uploads\/2014\/03\/PAJ_anim000012-opt.jpg,https:\/\/test.imprimetresde.com\/wp-content\/uploads\/2014\/03\/PAJ_anim000013-opt.jpg,https:\/\/test.imprimetresde.com\/wp-content\/uploads\/2014\/03\/PAJ_anim000014-opt.jpg,https:\/\/test.imprimetresde.com\/wp-content\/uploads\/2014\/03\/PAJ_anim000015-opt.jpg,https:\/\/test.imprimetresde.com\/wp-content\/uploads\/2014\/03\/PAJ_anim000016-opt.jpg,https:\/\/test.imprimetresde.com\/wp-content\/uploads\/2014\/03\/PAJ_anim000017-opt.jpg,https:\/\/test.imprimetresde.com\/wp-content\/uploads\/2014\/03\/PAJ_anim000018-opt.jpg,https:\/\/test.imprimetresde.com\/wp-content\/uploads\/2014\/03\/PAJ_anim000019-opt.jpg,https:\/\/test.imprimetresde.com\/wp-content\/uploads\/2014\/03\/PAJ_anim000020-opt.jpg,https:\/\/test.imprimetresde.com\/wp-content\/uploads\/2014\/03\/PAJ_anim000021-opt.jpg,https:\/\/test.imprimetresde.com\/wp-content\/uploads\/2014\/03\/PAJ_anim000022-opt.jpg,https:\/\/test.imprimetresde.com\/wp-content\/uploads\/2014\/03\/PAJ_anim000023-opt.jpg,https:\/\/test.imprimetresde.com\/wp-content\/uploads\/2014\/03\/PAJ_anim000024-opt.jpg,https:\/\/test.imprimetresde.com\/wp-content\/uploads\/2014\/03\/PAJ_anim000025-opt.jpg,https:\/\/test.imprimetresde.com\/wp-content\/uploads\/2014\/03\/PAJ_anim000026-opt.jpg,https:\/\/test.imprimetresde.com\/wp-content\/uploads\/2014\/03\/PAJ_anim000027-opt.jpg,https:\/\/test.imprimetresde.com\/wp-content\/uploads\/2014\/03\/PAJ_anim000028-opt.jpg,https:\/\/test.imprimetresde.com\/wp-content\/uploads\/2014\/03\/PAJ_anim000029-opt.jpg,https:\/\/test.imprimetresde.com\/wp-content\/uploads\/2014\/03\/PAJ_anim000030-opt.jpg,https:\/\/test.imprimetresde.com\/wp-content\/uploads\/2014\/03\/PAJ_anim000031-opt.jpg,https:\/\/test.imprimetresde.com\/wp-content\/uploads\/2014\/03\/PAJ_anim000032-opt.jpg,https:\/\/test.imprimetresde.com\/wp-content\/uploads\/2014\/03\/PAJ_anim000033-opt.jpg,https:\/\/test.imprimetresde.com\/wp-content\/uploads\/2014\/03\/PAJ_anim000034-opt.jpg,https:\/\/test.imprimetresde.com\/wp-content\/uploads\/2014\/03\/PAJ_anim000035-opt.jpg,https:\/\/test.imprimetresde.com\/wp-content\/uploads\/2014\/03\/PAJ_anim000036-opt.jpg,https:\/\/test.imprimetresde.com\/wp-content\/uploads\/2014\/03\/PAJ_anim000037-opt.jpg,https:\/\/test.imprimetresde.com\/wp-content\/uploads\/2014\/03\/PAJ_anim000038-opt.jpg,https:\/\/test.imprimetresde.com\/wp-content\/uploads\/2014\/03\/PAJ_anim000039-opt.jpg' src='https:\/\/test.imprimetresde.com\/wp-content\/uploads\/2014\/03\/PAJ_anim000040-opt.jpg' ><br \/>\nEsta paxareira plegable dese\u00f1ada por &#8220;Gyrobot&#8221; dar\u00e1 un toque de cor ao teu xard\u00edn ou xanela e axudar\u00e1 \u00f3s paxaros a criar a sus pitos.<\/p>\n<p>A facilidade de plegado permite o seu transporte doadamente e o seu dese\u00f1o fai que o burato sexa alto dabondo como para que os pitos non poidan caer, pero poidan subir as paredes inclinadas cando estean listos para voar do ni\u00f1o.<\/p>\n<p>** Pode ser personalizado con ata 8 caracteres, o que permite engadirlle nomes, marcas, etc<\/p>\n","protected":false},"excerpt":{"rendered":"<p>\u00bfA qu\u00e9n non lle gusta o canto dos paxari\u00f1os pola ma\u00f1\u00e1?<\/p>\n<p>Esta paxareira plegable dese\u00f1ada por &#8220;Gyrobot&#8221; dar\u00e1 un toque de cor ao teu xard\u00edn ou xanela e axudar\u00e1 \u00f3s paxaros a criar aos seus pitos.<\/p>\n","protected":false},"featured_media":3264,"comment_status":"open","ping_status":"closed","template":"","meta":{"_vp_format_video_url":"","_vp_image_focal_point":[]},"product_brand":[],"product_cat":[320],"product_tag":[265,264,259,288],"class_list":{"0":"post-5234","1":"product","2":"type-product","3":"status-publish","4":"has-post-thumbnail","6":"product_cat-mascotas-gl","7":"product_tag-natureza","8":"product_tag-nino","9":"product_tag-paxareira","10":"product_tag-paxaros","12":"first","13":"instock","14":"taxable","15":"shipping-taxable","16":"purchasable","17":"product-type-simple"},"exclude_global_add_ons":false,"addons":[{"name":"Texto personalizado","type":"heading","position":0,"required":false,"title_format":"label","default":"","description_enable":true,"description":"**Texto que llevar\u00e1 el objeto al imprimirlo (8 caracteres m\u00e1ximo)","placeholder_enable":false,"placeholder":"","display":"select","restrictions_type":"any_text","adjust_price":false,"price":"","price_type":"","restrictions":false,"min":"0","max":"0","options":[]},{"name":"Texto","type":"custom_text","position":0,"required":false,"title_format":"label","default":"","description_enable":false,"description":"","placeholder_enable":false,"placeholder":"","display":"select","restrictions_type":"any_text","adjust_price":true,"price":"5","price_type":"quantity_based","restrictions":false,"min":"","max":"","options":[]}],"_links":{"self":[{"href":"https:\/\/test.imprimetresde.com\/gl\/wp-json\/wp\/v2\/product\/5234","targetHints":{"allow":["GET"]}}],"collection":[{"href":"https:\/\/test.imprimetresde.com\/gl\/wp-json\/wp\/v2\/product"}],"about":[{"href":"https:\/\/test.imprimetresde.com\/gl\/wp-json\/wp\/v2\/types\/product"}],"replies":[{"embeddable":true,"href":"https:\/\/test.imprimetresde.com\/gl\/wp-json\/wp\/v2\/comments?post=5234"}],"wp:featuredmedia":[{"embeddable":true,"href":"https:\/\/test.imprimetresde.com\/gl\/wp-json\/wp\/v2\/media\/3264"}],"wp:attachment":[{"href":"https:\/\/test.imprimetresde.com\/gl\/wp-json\/wp\/v2\/media?parent=5234"}],"wp:term":[{"taxonomy":"product_brand","embeddable":true,"href":"https:\/\/test.imprimetresde.com\/gl\/wp-json\/wp\/v2\/product_brand?post=5234"},{"taxonomy":"product_cat","embeddable":true,"href":"https:\/\/test.imprimetresde.com\/gl\/wp-json\/wp\/v2\/product_cat?post=5234"},{"taxonomy":"product_tag","embeddable":true,"href":"https:\/\/test.imprimetresde.com\/gl\/wp-json\/wp\/v2\/product_tag?post=5234"}],"curies":[{"name":"wp","href":"https:\/\/api.w.org\/{rel}","templated":true}]}}