{"id":5236,"date":"2014-03-05T16:18:17","date_gmt":"2014-03-05T15:18:17","guid":{"rendered":"https:\/\/test.imprimetresde.com\/producto\/polbo-martino\/"},"modified":"2014-03-05T16:18:17","modified_gmt":"2014-03-05T15:18:17","slug":"polbo-martino","status":"publish","type":"product","link":"https:\/\/test.imprimetresde.com\/gl\/produto\/polbo-martino\/","title":{"rendered":"Polbo Marti\u00f1o"},"content":{"rendered":"<h5><strong>Vista 3D<\/strong>\u00a0(Click + esquerda ou dereita para rotar)<\/h5>\n<img data-area='' data-attr='{}' data-brake='0.23' data-clickfree='false' data-cursor='url(\"https:\/\/test.imprimetresde.com\/wp-content\/plugins\/wp-reel\/cur\/jquery.reel.cur\"),hand' data-cw='false' data-delay='0' data-directional='' data-draggable='true' data-duration='' data-entry='' data-footage='6' data-framelock='false' data-graph='' data-hint='' data-horizontal='true' data-indicator='0' data-inversed='false' data-klass='' data-lazyness='' data-monitor='' data-opening='0' data-orbital='0' data-orientable='' data-preload='fidelity' data-preloader='4' data-rebound='0.5' data-responsive='true' data-row='1' data-rows='0' data-rowlock='false' data-scrollable='true' data-shy='false' data-spacing='0' data-steppable='true' data-tempo='25' data-throwable='true' data-velocity='0' data-vertical='false' data-wheelable='true' width='575' height='305'  class='reel' data-revolution='575'  data-speed='0'  data-loops='true'  data-frames='40' data-size='' data-frame='1'   data-images='https:\/\/test.imprimetresde.com\/wp-content\/uploads\/2014\/03\/PM_anim000037-opt.jpg,https:\/\/test.imprimetresde.com\/wp-content\/uploads\/2014\/03\/PM_anim000038-opt.jpg,https:\/\/test.imprimetresde.com\/wp-content\/uploads\/2014\/03\/PM_anim000039-opt.jpg,https:\/\/test.imprimetresde.com\/wp-content\/uploads\/2014\/03\/PM_anim000040-opt.jpg,https:\/\/test.imprimetresde.com\/wp-content\/uploads\/2014\/03\/PM_anim000001-opt.jpg,https:\/\/test.imprimetresde.com\/wp-content\/uploads\/2014\/03\/PM_anim000002-opt.jpg,https:\/\/test.imprimetresde.com\/wp-content\/uploads\/2014\/03\/PM_anim000003-opt.jpg,https:\/\/test.imprimetresde.com\/wp-content\/uploads\/2014\/03\/PM_anim000004-opt.jpg,https:\/\/test.imprimetresde.com\/wp-content\/uploads\/2014\/03\/PM_anim000005-opt.jpg,https:\/\/test.imprimetresde.com\/wp-content\/uploads\/2014\/03\/PM_anim000006-opt.jpg,https:\/\/test.imprimetresde.com\/wp-content\/uploads\/2014\/03\/PM_anim000007-opt.jpg,https:\/\/test.imprimetresde.com\/wp-content\/uploads\/2014\/03\/PM_anim000008-opt.jpg,https:\/\/test.imprimetresde.com\/wp-content\/uploads\/2014\/03\/PM_anim000009-opt.jpg,https:\/\/test.imprimetresde.com\/wp-content\/uploads\/2014\/03\/PM_anim000010-opt.jpg,https:\/\/test.imprimetresde.com\/wp-content\/uploads\/2014\/03\/PM_anim000011-opt.jpg,https:\/\/test.imprimetresde.com\/wp-content\/uploads\/2014\/03\/PM_anim000012-opt.jpg,https:\/\/test.imprimetresde.com\/wp-content\/uploads\/2014\/03\/PM_anim000013-opt.jpg,https:\/\/test.imprimetresde.com\/wp-content\/uploads\/2014\/03\/PM_anim000014-opt.jpg,https:\/\/test.imprimetresde.com\/wp-content\/uploads\/2014\/03\/PM_anim000015-opt.jpg,https:\/\/test.imprimetresde.com\/wp-content\/uploads\/2014\/03\/PM_anim000016-opt.jpg,https:\/\/test.imprimetresde.com\/wp-content\/uploads\/2014\/03\/PM_anim000017-opt.jpg,https:\/\/test.imprimetresde.com\/wp-content\/uploads\/2014\/03\/PM_anim000018-opt.jpg,https:\/\/test.imprimetresde.com\/wp-content\/uploads\/2014\/03\/PM_anim000019-opt.jpg,https:\/\/test.imprimetresde.com\/wp-content\/uploads\/2014\/03\/PM_anim000020-opt.jpg,https:\/\/test.imprimetresde.com\/wp-content\/uploads\/2014\/03\/PM_anim000021-opt.jpg,https:\/\/test.imprimetresde.com\/wp-content\/uploads\/2014\/03\/PM_anim000022-opt.jpg,https:\/\/test.imprimetresde.com\/wp-content\/uploads\/2014\/03\/PM_anim000023-opt.jpg,https:\/\/test.imprimetresde.com\/wp-content\/uploads\/2014\/03\/PM_anim000024-opt.jpg,https:\/\/test.imprimetresde.com\/wp-content\/uploads\/2014\/03\/PM_anim000025-opt.jpg,https:\/\/test.imprimetresde.com\/wp-content\/uploads\/2014\/03\/PM_anim000026-opt.jpg,https:\/\/test.imprimetresde.com\/wp-content\/uploads\/2014\/03\/PM_anim000027-opt.jpg,https:\/\/test.imprimetresde.com\/wp-content\/uploads\/2014\/03\/PM_anim000028-opt.jpg,https:\/\/test.imprimetresde.com\/wp-content\/uploads\/2014\/03\/PM_anim000029-opt.jpg,https:\/\/test.imprimetresde.com\/wp-content\/uploads\/2014\/03\/PM_anim000030-opt.jpg,https:\/\/test.imprimetresde.com\/wp-content\/uploads\/2014\/03\/PM_anim000031-opt.jpg,https:\/\/test.imprimetresde.com\/wp-content\/uploads\/2014\/03\/PM_anim000032-opt.jpg,https:\/\/test.imprimetresde.com\/wp-content\/uploads\/2014\/03\/PM_anim000033-opt.jpg,https:\/\/test.imprimetresde.com\/wp-content\/uploads\/2014\/03\/PM_anim000034-opt.jpg,https:\/\/test.imprimetresde.com\/wp-content\/uploads\/2014\/03\/PM_anim000035-opt.jpg,https:\/\/test.imprimetresde.com\/wp-content\/uploads\/2014\/03\/PM_anim000036-opt.jpg' src='https:\/\/test.imprimetresde.com\/wp-content\/uploads\/2014\/03\/PM_anim000037-opt.jpg' >\n<p>O dese\u00f1ador de gadgets, robots e dem\u00e1is trebellos, Andrew Lindsey de New Jersey brindanos este espectacular dese\u00f1o para un xoguete infantil articulado, o Polbo Marti\u00f1o, bautizado con ese nome xa que vive en Galicia, e dende aqu\u00ed enviamolo a todo o mundo. Tratase dunha peza de tama\u00f1o medio, articulado en todalas extremidades, o que permite colocaro nun n\u00famero ilimitado de posici\u00f3ns e lle permite agarrar calquer obxecto, o que far\u00e1 las delicias dos m\u00e1is pequenos.<\/p>\n<p>** Pode ser personalizado con ata 8 caracteres, o que permite engadirlle nomes, marcas, etc<\/p>\n","protected":false},"excerpt":{"rendered":"<p>O\u00a0dese\u00f1ador de gadgets, robots e dem\u00e1is trebellos, Andrew Lindsey de New Jersey brindanos este espectacular dese\u00f1o para un xoguete infantil articulado, o Polbo Marti\u00f1o.<\/p>\n","protected":false},"featured_media":3542,"comment_status":"open","ping_status":"closed","template":"","meta":{"_vp_format_video_url":"","_vp_image_focal_point":[]},"product_brand":[],"product_cat":[321],"product_tag":[312,278,240],"class_list":{"0":"post-5236","1":"product","2":"type-product","3":"status-publish","4":"has-post-thumbnail","6":"product_cat-play-gl","7":"product_tag-articulado-gl","8":"product_tag-polbo","9":"product_tag-xoguete","11":"first","12":"instock","13":"taxable","14":"shipping-taxable","15":"purchasable","16":"product-type-simple"},"exclude_global_add_ons":false,"addons":[{"name":"Color","type":"multiple_choice","position":0,"required":true,"title_format":"heading","default":"","description_enable":true,"description":"Elige el color de PLA para el producto","placeholder_enable":false,"placeholder":"","display":"select","restrictions_type":"any_text","adjust_price":false,"price":"","price_type":"","restrictions":false,"min":"0","max":"0","options":[{"label":"PLA rojo","price":"000","price_type":"quantity_based","image":0,"visibility":true},{"label":"PLA verde","price":"0","price_type":"quantity_based","image":0,"visibility":true},{"label":"PLA amarillo","price":"","price_type":"quantity_based","image":0,"visibility":true},{"label":"PLA azul","price":"","price_type":"quantity_based","image":0,"visibility":true},{"label":"PLA transparente","price":"","price_type":"quantity_based","image":0,"visibility":true},{"label":"PLA naranja","price":"","price_type":"quantity_based","image":0,"visibility":true},{"label":"PLA negro","price":"","price_type":"quantity_based","image":0,"visibility":true}]},{"name":"Texto personalizado","type":"heading","position":0,"required":false,"title_format":"label","default":"","description_enable":true,"description":"**Texto que llevar\u00e1 el objeto al imprimirlo (8 caracteres m\u00e1ximo)","placeholder_enable":false,"placeholder":"","display":"select","restrictions_type":"any_text","adjust_price":false,"price":"","price_type":"","restrictions":false,"min":"0","max":"0","options":[]},{"name":"Texto","type":"custom_text","position":0,"required":false,"title_format":"label","default":"","description_enable":false,"description":"","placeholder_enable":false,"placeholder":"","display":"select","restrictions_type":"any_text","adjust_price":true,"price":"5","price_type":"quantity_based","restrictions":false,"min":"","max":"","options":[]}],"_links":{"self":[{"href":"https:\/\/test.imprimetresde.com\/gl\/wp-json\/wp\/v2\/product\/5236","targetHints":{"allow":["GET"]}}],"collection":[{"href":"https:\/\/test.imprimetresde.com\/gl\/wp-json\/wp\/v2\/product"}],"about":[{"href":"https:\/\/test.imprimetresde.com\/gl\/wp-json\/wp\/v2\/types\/product"}],"replies":[{"embeddable":true,"href":"https:\/\/test.imprimetresde.com\/gl\/wp-json\/wp\/v2\/comments?post=5236"}],"wp:featuredmedia":[{"embeddable":true,"href":"https:\/\/test.imprimetresde.com\/gl\/wp-json\/wp\/v2\/media\/3542"}],"wp:attachment":[{"href":"https:\/\/test.imprimetresde.com\/gl\/wp-json\/wp\/v2\/media?parent=5236"}],"wp:term":[{"taxonomy":"product_brand","embeddable":true,"href":"https:\/\/test.imprimetresde.com\/gl\/wp-json\/wp\/v2\/product_brand?post=5236"},{"taxonomy":"product_cat","embeddable":true,"href":"https:\/\/test.imprimetresde.com\/gl\/wp-json\/wp\/v2\/product_cat?post=5236"},{"taxonomy":"product_tag","embeddable":true,"href":"https:\/\/test.imprimetresde.com\/gl\/wp-json\/wp\/v2\/product_tag?post=5236"}],"curies":[{"name":"wp","href":"https:\/\/api.w.org\/{rel}","templated":true}]}}