{"id":5237,"date":"2014-03-06T09:48:42","date_gmt":"2014-03-06T08:48:42","guid":{"rendered":"https:\/\/test.imprimetresde.com\/producto\/brazalete-malla\/"},"modified":"2021-03-16T06:45:29","modified_gmt":"2021-03-16T04:45:29","slug":"brazalete-malla","status":"publish","type":"product","link":"https:\/\/test.imprimetresde.com\/gl\/produto\/brazalete-malla\/","title":{"rendered":"Brazalete Malla"},"content":{"rendered":"<h5><strong>Vista 3D<\/strong>\u00a0(Click +\u00a0esquerda ou dereita para rotar)<\/h5>\n<p><img data-area='' data-attr='{}' data-brake='0.23' data-clickfree='false' data-cursor='url(\"https:\/\/test.imprimetresde.com\/wp-content\/plugins\/wp-reel\/cur\/jquery.reel.cur\"),hand' data-cw='false' data-delay='0' data-directional='' data-draggable='true' data-duration='' data-entry='' data-footage='6' data-framelock='false' data-graph='' data-hint='' data-horizontal='true' data-indicator='0' data-inversed='false' data-klass='' data-lazyness='' data-monitor='' data-opening='0' data-orbital='0' data-orientable='' data-preload='fidelity' data-preloader='4' data-rebound='0.5' data-responsive='true' data-row='1' data-rows='0' data-rowlock='false' data-scrollable='true' data-shy='false' data-spacing='0' data-steppable='true' data-tempo='25' data-throwable='true' data-velocity='0' data-vertical='false' data-wheelable='true' width='575' height='310'  class='reel' data-revolution='575'  data-speed='0'  data-loops='true'  data-frames='40' data-size='' data-frame='1'   data-images='https:\/\/test.imprimetresde.com\/wp-content\/uploads\/2014\/03\/brace_ani000038.jpg,https:\/\/test.imprimetresde.com\/wp-content\/uploads\/2014\/03\/brace_ani000037.jpg,https:\/\/test.imprimetresde.com\/wp-content\/uploads\/2014\/03\/brace_ani000036.jpg,https:\/\/test.imprimetresde.com\/wp-content\/uploads\/2014\/03\/brace_ani000035.jpg,https:\/\/test.imprimetresde.com\/wp-content\/uploads\/2014\/03\/brace_ani000034.jpg,https:\/\/test.imprimetresde.com\/wp-content\/uploads\/2014\/03\/brace_ani000033.jpg,https:\/\/test.imprimetresde.com\/wp-content\/uploads\/2014\/03\/brace_ani000032.jpg,https:\/\/test.imprimetresde.com\/wp-content\/uploads\/2014\/03\/brace_ani000031.jpg,https:\/\/test.imprimetresde.com\/wp-content\/uploads\/2014\/03\/brace_ani000030.jpg,https:\/\/test.imprimetresde.com\/wp-content\/uploads\/2014\/03\/brace_ani000029.jpg,https:\/\/test.imprimetresde.com\/wp-content\/uploads\/2014\/03\/brace_ani000028.jpg,https:\/\/test.imprimetresde.com\/wp-content\/uploads\/2014\/03\/brace_ani000027.jpg,https:\/\/test.imprimetresde.com\/wp-content\/uploads\/2014\/03\/brace_ani000026.jpg,https:\/\/test.imprimetresde.com\/wp-content\/uploads\/2014\/03\/brace_ani000025.jpg,https:\/\/test.imprimetresde.com\/wp-content\/uploads\/2014\/03\/brace_ani000024.jpg,https:\/\/test.imprimetresde.com\/wp-content\/uploads\/2014\/03\/brace_ani000023.jpg,https:\/\/test.imprimetresde.com\/wp-content\/uploads\/2014\/03\/brace_ani000022.jpg,https:\/\/test.imprimetresde.com\/wp-content\/uploads\/2014\/03\/brace_ani000021.jpg,https:\/\/test.imprimetresde.com\/wp-content\/uploads\/2014\/03\/brace_ani000020.jpg,https:\/\/test.imprimetresde.com\/wp-content\/uploads\/2014\/03\/brace_ani000019.jpg,https:\/\/test.imprimetresde.com\/wp-content\/uploads\/2014\/03\/brace_ani000018.jpg,https:\/\/test.imprimetresde.com\/wp-content\/uploads\/2014\/03\/brace_ani000017.jpg,https:\/\/test.imprimetresde.com\/wp-content\/uploads\/2014\/03\/brace_ani000016.jpg,https:\/\/test.imprimetresde.com\/wp-content\/uploads\/2014\/03\/brace_ani000015.jpg,https:\/\/test.imprimetresde.com\/wp-content\/uploads\/2014\/03\/brace_ani000014.jpg,https:\/\/test.imprimetresde.com\/wp-content\/uploads\/2014\/03\/brace_ani000013.jpg,https:\/\/test.imprimetresde.com\/wp-content\/uploads\/2014\/03\/brace_ani000012.jpg,https:\/\/test.imprimetresde.com\/wp-content\/uploads\/2014\/03\/brace_ani000011.jpg,https:\/\/test.imprimetresde.com\/wp-content\/uploads\/2014\/03\/brace_ani000010.jpg,https:\/\/test.imprimetresde.com\/wp-content\/uploads\/2014\/03\/brace_ani000009.jpg,https:\/\/test.imprimetresde.com\/wp-content\/uploads\/2014\/03\/brace_ani000008.jpg,https:\/\/test.imprimetresde.com\/wp-content\/uploads\/2014\/03\/brace_ani000007.jpg,https:\/\/test.imprimetresde.com\/wp-content\/uploads\/2014\/03\/brace_ani000006.jpg,https:\/\/test.imprimetresde.com\/wp-content\/uploads\/2014\/03\/brace_ani000005.jpg,https:\/\/test.imprimetresde.com\/wp-content\/uploads\/2014\/03\/brace_ani000004.jpg,https:\/\/test.imprimetresde.com\/wp-content\/uploads\/2014\/03\/brace_ani000003.jpg,https:\/\/test.imprimetresde.com\/wp-content\/uploads\/2014\/03\/brace_ani000002.jpg,https:\/\/test.imprimetresde.com\/wp-content\/uploads\/2014\/03\/brace_ani000001.jpg,https:\/\/test.imprimetresde.com\/wp-content\/uploads\/2014\/03\/brace_ani000040.jpg,https:\/\/test.imprimetresde.com\/wp-content\/uploads\/2014\/03\/brace_ani000039.jpg' src='https:\/\/test.imprimetresde.com\/wp-content\/uploads\/2014\/03\/brace_ani000038.jpg' ><br \/>\nImpresi\u00f3n de brazalete de cota de malla\u00a0param\u00e9trica<\/p>\n<p><strong>Gian Pablo Villamil <\/strong>ach\u00e9ganos<strong>\u00a0<\/strong>este fant\u00e1stico dese\u00f1o de brazalete.\u00a0Unha pulseira baseada no modelo de cota de malla de <strong>Zomboe<\/strong>.<\/p>\n<p>O\u00a0autor comenta:&#8221;Gustame moito, pero dinme de conta que os eslab\u00f3ns da cota de malla poder\u00edan xirar fora de lugar, e hacer que o tecido prendera. Tentei imprimir d\u00faas capas, unha enriba da outra, e funcion\u00f3 moi bien.&#8221;<\/p>\n<p>&#8220;Estiven a personalizar o modelo OpenSCAD para permitir unha maior folgura nas pontes, polo que non necesita unha gran cantidade de traballo para que sexa flexible.&#8221;<\/p>\n<p>Por \u00faltimo, indica, engad\u00edn un mecanismo de peche cun par de pequenos &#8220;resortes&#8221; que lle axudan a bloquear xuntos.<\/p>\n<p>O dese\u00f1ador da cota de malla, <strong>Zomboe,<\/strong> indica que quixo probar isto desde hai un tempo. Tr\u00e1tase dunha folla de aneis entrelazados, impresos no seu lugar. Os aneis son basicamente cadrados, coas esquinas cortadas. Dous xogos de diagonais cr\u00fazanse entre si a diferentes alturas, con catro postes nas esquinas. Ben, ten sentido cando ves as fotos!<\/p>\n<p>** Pode ser personalizado con ata 8 caracteres, o que permite engadirlle nomes, marcas, etc<\/p>\n","protected":false},"excerpt":{"rendered":"<p>Impresi\u00f3n de brazalete de cota de malla param\u00e9trica. Gian Pablo Villamil, dende California, <strong>\u00a0<\/strong>ach\u00e9ganos<strong>\u00a0<\/strong>este fant\u00e1stico dese\u00f1o de brazalete.\u00a0Unha pulseira baseada no modelo de cota de malla de Zomboe, dese\u00f1ador de \u00e9xito no universo 3D print.<\/p>\n","protected":false},"featured_media":3247,"comment_status":"open","ping_status":"closed","template":"","meta":{"_vp_format_video_url":"","_vp_image_focal_point":[]},"product_brand":[],"product_cat":[315],"product_tag":[206,213,253,268],"class_list":{"0":"post-5237","1":"product","2":"type-product","3":"status-publish","4":"has-post-thumbnail","6":"product_cat-complementos-gl","7":"product_tag-brazalete-gl","8":"product_tag-complemento-gl","9":"product_tag-malla-gl","10":"product_tag-moda-gl","12":"first","13":"instock","14":"sale","15":"taxable","16":"shipping-taxable","17":"purchasable","18":"product-type-simple"},"exclude_global_add_ons":[],"addons":[],"_links":{"self":[{"href":"https:\/\/test.imprimetresde.com\/gl\/wp-json\/wp\/v2\/product\/5237","targetHints":{"allow":["GET"]}}],"collection":[{"href":"https:\/\/test.imprimetresde.com\/gl\/wp-json\/wp\/v2\/product"}],"about":[{"href":"https:\/\/test.imprimetresde.com\/gl\/wp-json\/wp\/v2\/types\/product"}],"replies":[{"embeddable":true,"href":"https:\/\/test.imprimetresde.com\/gl\/wp-json\/wp\/v2\/comments?post=5237"}],"wp:featuredmedia":[{"embeddable":true,"href":"https:\/\/test.imprimetresde.com\/gl\/wp-json\/wp\/v2\/media\/3247"}],"wp:attachment":[{"href":"https:\/\/test.imprimetresde.com\/gl\/wp-json\/wp\/v2\/media?parent=5237"}],"wp:term":[{"taxonomy":"product_brand","embeddable":true,"href":"https:\/\/test.imprimetresde.com\/gl\/wp-json\/wp\/v2\/product_brand?post=5237"},{"taxonomy":"product_cat","embeddable":true,"href":"https:\/\/test.imprimetresde.com\/gl\/wp-json\/wp\/v2\/product_cat?post=5237"},{"taxonomy":"product_tag","embeddable":true,"href":"https:\/\/test.imprimetresde.com\/gl\/wp-json\/wp\/v2\/product_tag?post=5237"}],"curies":[{"name":"wp","href":"https:\/\/api.w.org\/{rel}","templated":true}]}}