{"id":5238,"date":"2014-03-06T09:48:44","date_gmt":"2014-03-06T08:48:44","guid":{"rendered":"https:\/\/test.imprimetresde.com\/producto\/brazalete-voronoi\/"},"modified":"2024-07-09T14:58:41","modified_gmt":"2024-07-09T12:58:41","slug":"brazalete-voronoi","status":"publish","type":"product","link":"https:\/\/test.imprimetresde.com\/gl\/produto\/brazalete-voronoi\/","title":{"rendered":"Brazalete Voronoi"},"content":{"rendered":"<h5><strong>Brazalete A Vista 3D<\/strong>\u00a0(Click + esquerda ou dereita para rotar)<\/h5>\n<img data-area='' data-attr='{}' data-brake='0.23' data-clickfree='false' data-cursor='url(\"https:\/\/test.imprimetresde.com\/wp-content\/plugins\/wp-reel\/cur\/jquery.reel.cur\"),hand' data-cw='false' data-delay='0' data-directional='' data-draggable='true' data-duration='' data-entry='' data-footage='6' data-framelock='false' data-graph='' data-hint='' data-horizontal='true' data-indicator='0' data-inversed='false' data-klass='' data-lazyness='' data-monitor='' data-opening='0' data-orbital='0' data-orientable='' data-preload='fidelity' data-preloader='4' data-rebound='0.5' data-responsive='true' data-row='1' data-rows='0' data-rowlock='false' data-scrollable='true' data-shy='false' data-spacing='0' data-steppable='true' data-tempo='25' data-throwable='true' data-velocity='0' data-vertical='false' data-wheelable='true' width='575' height='305'  class='reel' data-revolution='575'  data-speed='0'  data-loops='true'  data-frames='40' data-size='' data-frame='1'   data-images='https:\/\/test.imprimetresde.com\/wp-content\/uploads\/2014\/03\/BVA_anim000001-opt.jpg,https:\/\/test.imprimetresde.com\/wp-content\/uploads\/2014\/03\/BVA_anim000002-opt.jpg,https:\/\/test.imprimetresde.com\/wp-content\/uploads\/2014\/03\/BVA_anim000003-opt.jpg,https:\/\/test.imprimetresde.com\/wp-content\/uploads\/2014\/03\/BVA_anim000004-opt.jpg,https:\/\/test.imprimetresde.com\/wp-content\/uploads\/2014\/03\/BVA_anim000005-opt.jpg,https:\/\/test.imprimetresde.com\/wp-content\/uploads\/2014\/03\/BVA_anim000006-opt.jpg,https:\/\/test.imprimetresde.com\/wp-content\/uploads\/2014\/03\/BVA_anim000007-opt.jpg,https:\/\/test.imprimetresde.com\/wp-content\/uploads\/2014\/03\/BVA_anim000008-opt.jpg,https:\/\/test.imprimetresde.com\/wp-content\/uploads\/2014\/03\/BVA_anim000009-opt.jpg,https:\/\/test.imprimetresde.com\/wp-content\/uploads\/2014\/03\/BVA_anim000010-opt.jpg,https:\/\/test.imprimetresde.com\/wp-content\/uploads\/2014\/03\/BVA_anim000011-opt.jpg,https:\/\/test.imprimetresde.com\/wp-content\/uploads\/2014\/03\/BVA_anim000012-opt.jpg,https:\/\/test.imprimetresde.com\/wp-content\/uploads\/2014\/03\/BVA_anim000013-opt.jpg,https:\/\/test.imprimetresde.com\/wp-content\/uploads\/2014\/03\/BVA_anim000014-opt.jpg,https:\/\/test.imprimetresde.com\/wp-content\/uploads\/2014\/03\/BVA_anim000015-opt.jpg,https:\/\/test.imprimetresde.com\/wp-content\/uploads\/2014\/03\/BVA_anim000016-opt.jpg,https:\/\/test.imprimetresde.com\/wp-content\/uploads\/2014\/03\/BVA_anim000017-opt.jpg,https:\/\/test.imprimetresde.com\/wp-content\/uploads\/2014\/03\/BVA_anim000018-opt.jpg,https:\/\/test.imprimetresde.com\/wp-content\/uploads\/2014\/03\/BVA_anim000019-opt.jpg,https:\/\/test.imprimetresde.com\/wp-content\/uploads\/2014\/03\/BVA_anim000020-opt.jpg,https:\/\/test.imprimetresde.com\/wp-content\/uploads\/2014\/03\/BVA_anim000021-opt.jpg,https:\/\/test.imprimetresde.com\/wp-content\/uploads\/2014\/03\/BVA_anim000022-opt.jpg,https:\/\/test.imprimetresde.com\/wp-content\/uploads\/2014\/03\/BVA_anim000023-opt.jpg,https:\/\/test.imprimetresde.com\/wp-content\/uploads\/2014\/03\/BVA_anim000024-opt.jpg,https:\/\/test.imprimetresde.com\/wp-content\/uploads\/2014\/03\/BVA_anim000025-opt.jpg,https:\/\/test.imprimetresde.com\/wp-content\/uploads\/2014\/03\/BVA_anim000026-opt.jpg,https:\/\/test.imprimetresde.com\/wp-content\/uploads\/2014\/03\/BVA_anim000027-opt.jpg,https:\/\/test.imprimetresde.com\/wp-content\/uploads\/2014\/03\/BVA_anim000028-opt.jpg,https:\/\/test.imprimetresde.com\/wp-content\/uploads\/2014\/03\/BVA_anim000029-opt.jpg,https:\/\/test.imprimetresde.com\/wp-content\/uploads\/2014\/03\/BVA_anim000030-opt.jpg,https:\/\/test.imprimetresde.com\/wp-content\/uploads\/2014\/03\/BVA_anim000031-opt.jpg,https:\/\/test.imprimetresde.com\/wp-content\/uploads\/2014\/03\/BVA_anim000032-opt.jpg,https:\/\/test.imprimetresde.com\/wp-content\/uploads\/2014\/03\/BVA_anim000033-opt.jpg,https:\/\/test.imprimetresde.com\/wp-content\/uploads\/2014\/03\/BVA_anim000034-opt.jpg,https:\/\/test.imprimetresde.com\/wp-content\/uploads\/2014\/03\/BVA_anim000035-opt.jpg,https:\/\/test.imprimetresde.com\/wp-content\/uploads\/2014\/03\/BVA_anim000036-opt.jpg,https:\/\/test.imprimetresde.com\/wp-content\/uploads\/2014\/03\/BVA_anim000037-opt.jpg,https:\/\/test.imprimetresde.com\/wp-content\/uploads\/2014\/03\/BVA_anim000038-opt.jpg,https:\/\/test.imprimetresde.com\/wp-content\/uploads\/2014\/03\/BVA_anim000039-opt.jpg,https:\/\/test.imprimetresde.com\/wp-content\/uploads\/2014\/03\/BVA_anim000040-opt.jpg' src='https:\/\/test.imprimetresde.com\/wp-content\/uploads\/2014\/03\/BVA_anim000001-opt.jpg' >\n<h5><strong>Brazalete B Vista 3D<\/strong>\u00a0(Click + esquerda ou dereita para rotar)<\/h5>\n<img data-area='' data-attr='{}' data-brake='0.23' data-clickfree='false' data-cursor='url(\"https:\/\/test.imprimetresde.com\/wp-content\/plugins\/wp-reel\/cur\/jquery.reel.cur\"),hand' data-cw='false' data-delay='0' data-directional='' data-draggable='true' data-duration='' data-entry='' data-footage='6' data-framelock='false' data-graph='' data-hint='' data-horizontal='true' data-indicator='0' data-inversed='false' data-klass='' data-lazyness='' data-monitor='' data-opening='0' data-orbital='0' data-orientable='' data-preload='fidelity' data-preloader='4' data-rebound='0.5' data-responsive='true' data-row='1' data-rows='0' data-rowlock='false' data-scrollable='true' data-shy='false' data-spacing='0' data-steppable='true' data-tempo='25' data-throwable='true' data-velocity='0' data-vertical='false' data-wheelable='true' width='575' height='305'  class='reel' data-revolution='575'  data-speed='0'  data-loops='true'  data-frames='40' data-size='' data-frame='1'   data-images='https:\/\/test.imprimetresde.com\/wp-content\/uploads\/2014\/03\/BVB_anim000036-opt.jpg,https:\/\/test.imprimetresde.com\/wp-content\/uploads\/2014\/03\/BVB_anim000006-opt.jpg,https:\/\/test.imprimetresde.com\/wp-content\/uploads\/2014\/03\/BVB_anim000017-opt.jpg,https:\/\/test.imprimetresde.com\/wp-content\/uploads\/2014\/03\/BVB_anim000005-opt.jpg,https:\/\/test.imprimetresde.com\/wp-content\/uploads\/2014\/03\/BVB_anim000016-opt.jpg,https:\/\/test.imprimetresde.com\/wp-content\/uploads\/2014\/03\/BVB_anim000034-opt.jpg,https:\/\/test.imprimetresde.com\/wp-content\/uploads\/2014\/03\/BVB_anim000035-opt.jpg,https:\/\/test.imprimetresde.com\/wp-content\/uploads\/2014\/03\/BVB_anim000003-opt.jpg,https:\/\/test.imprimetresde.com\/wp-content\/uploads\/2014\/03\/BVB_anim000004-opt.jpg,https:\/\/test.imprimetresde.com\/wp-content\/uploads\/2014\/03\/BVB_anim000015-opt.jpg,https:\/\/test.imprimetresde.com\/wp-content\/uploads\/2014\/03\/BVB_anim000032-opt.jpg,https:\/\/test.imprimetresde.com\/wp-content\/uploads\/2014\/03\/BVB_anim000033-opt.jpg,https:\/\/test.imprimetresde.com\/wp-content\/uploads\/2014\/03\/BVB_anim000014-opt.jpg,https:\/\/test.imprimetresde.com\/wp-content\/uploads\/2014\/03\/BVB_anim000024-opt.jpg,https:\/\/test.imprimetresde.com\/wp-content\/uploads\/2014\/03\/BVB_anim000002-opt.jpg,https:\/\/test.imprimetresde.com\/wp-content\/uploads\/2014\/03\/BVB_anim000013-opt.jpg,https:\/\/test.imprimetresde.com\/wp-content\/uploads\/2014\/03\/BVB_anim000030-opt.jpg,https:\/\/test.imprimetresde.com\/wp-content\/uploads\/2014\/03\/BVB_anim000031-opt.jpg,https:\/\/test.imprimetresde.com\/wp-content\/uploads\/2014\/03\/BVB_anim000012-opt.jpg,https:\/\/test.imprimetresde.com\/wp-content\/uploads\/2014\/03\/BVB_anim000022-opt.jpg,https:\/\/test.imprimetresde.com\/wp-content\/uploads\/2014\/03\/BVB_anim000023-opt.jpg,https:\/\/test.imprimetresde.com\/wp-content\/uploads\/2014\/03\/BVB_anim000040-opt.jpg,https:\/\/test.imprimetresde.com\/wp-content\/uploads\/2014\/03\/BVB_anim000001-opt.jpg,https:\/\/test.imprimetresde.com\/wp-content\/uploads\/2014\/03\/BVB_anim000011-opt.jpg,https:\/\/test.imprimetresde.com\/wp-content\/uploads\/2014\/03\/BVB_anim000028-opt.jpg,https:\/\/test.imprimetresde.com\/wp-content\/uploads\/2014\/03\/BVB_anim000029-opt.jpg,https:\/\/test.imprimetresde.com\/wp-content\/uploads\/2014\/03\/BVB_anim000009-opt.jpg,https:\/\/test.imprimetresde.com\/wp-content\/uploads\/2014\/03\/BVB_anim000010-opt.jpg,https:\/\/test.imprimetresde.com\/wp-content\/uploads\/2014\/03\/BVB_anim000020-opt.jpg,https:\/\/test.imprimetresde.com\/wp-content\/uploads\/2014\/03\/BVB_anim000021-opt.jpg,https:\/\/test.imprimetresde.com\/wp-content\/uploads\/2014\/03\/BVB_anim000039-opt.jpg,https:\/\/test.imprimetresde.com\/wp-content\/uploads\/2014\/03\/BVB_anim000026-opt.jpg,https:\/\/test.imprimetresde.com\/wp-content\/uploads\/2014\/03\/BVB_anim000027-opt.jpg,https:\/\/test.imprimetresde.com\/wp-content\/uploads\/2014\/03\/BVB_anim000038-opt.jpg,https:\/\/test.imprimetresde.com\/wp-content\/uploads\/2014\/03\/BVB_anim000008-opt.jpg,https:\/\/test.imprimetresde.com\/wp-content\/uploads\/2014\/03\/BVB_anim000019-opt.jpg,https:\/\/test.imprimetresde.com\/wp-content\/uploads\/2014\/03\/BVB_anim000037-opt.jpg,https:\/\/test.imprimetresde.com\/wp-content\/uploads\/2014\/03\/BVB_anim000018-opt.jpg,https:\/\/test.imprimetresde.com\/wp-content\/uploads\/2014\/03\/BVB_anim000007-opt.jpg,https:\/\/test.imprimetresde.com\/wp-content\/uploads\/2014\/03\/BVB_anim000025-opt.jpg' src='https:\/\/test.imprimetresde.com\/wp-content\/uploads\/2014\/03\/BVB_anim000036-opt.jpg' >\n<h5><strong>Brazalete C Vista 3D<\/strong>\u00a0(Click + esquerda ou dereita para rotar)<\/h5>\n<img data-area='' data-attr='{}' data-brake='0.23' data-clickfree='false' data-cursor='url(\"https:\/\/test.imprimetresde.com\/wp-content\/plugins\/wp-reel\/cur\/jquery.reel.cur\"),hand' data-cw='false' data-delay='0' data-directional='' data-draggable='true' data-duration='' data-entry='' data-footage='6' data-framelock='false' data-graph='' data-hint='' data-horizontal='true' data-indicator='0' data-inversed='false' data-klass='' data-lazyness='' data-monitor='' data-opening='0' data-orbital='0' data-orientable='' data-preload='fidelity' data-preloader='4' data-rebound='0.5' data-responsive='true' data-row='1' data-rows='0' data-rowlock='false' data-scrollable='true' data-shy='false' data-spacing='0' data-steppable='true' data-tempo='25' data-throwable='true' data-velocity='0' data-vertical='false' data-wheelable='true' width='575' height='305'  class='reel' data-revolution='575'  data-speed='0'  data-loops='true'  data-frames='39' data-size='' data-frame='1'   data-images='https:\/\/test.imprimetresde.com\/wp-content\/uploads\/2014\/03\/BVC_anim000001-opt.jpg,https:\/\/test.imprimetresde.com\/wp-content\/uploads\/2014\/03\/BVC_anim000002-opt.jpg,https:\/\/test.imprimetresde.com\/wp-content\/uploads\/2014\/03\/BVC_anim000003-opt.jpg,https:\/\/test.imprimetresde.com\/wp-content\/uploads\/2014\/03\/BVC_anim000004-opt.jpg,https:\/\/test.imprimetresde.com\/wp-content\/uploads\/2014\/03\/BVC_anim000005-opt.jpg,https:\/\/test.imprimetresde.com\/wp-content\/uploads\/2014\/03\/BVC_anim000006-opt.jpg,https:\/\/test.imprimetresde.com\/wp-content\/uploads\/2014\/03\/BVC_anim000007-opt.jpg,https:\/\/test.imprimetresde.com\/wp-content\/uploads\/2014\/03\/BVC_anim000008-opt.jpg,https:\/\/test.imprimetresde.com\/wp-content\/uploads\/2014\/03\/BVC_anim000009-opt.jpg,https:\/\/test.imprimetresde.com\/wp-content\/uploads\/2014\/03\/BVC_anim000010-opt.jpg,https:\/\/test.imprimetresde.com\/wp-content\/uploads\/2014\/03\/BVC_anim000011-opt.jpg,https:\/\/test.imprimetresde.com\/wp-content\/uploads\/2014\/03\/BVC_anim000012-opt.jpg,https:\/\/test.imprimetresde.com\/wp-content\/uploads\/2014\/03\/BVC_anim000013-opt.jpg,https:\/\/test.imprimetresde.com\/wp-content\/uploads\/2014\/03\/BVC_anim000014-opt.jpg,https:\/\/test.imprimetresde.com\/wp-content\/uploads\/2014\/03\/BVC_anim000015-opt.jpg,https:\/\/test.imprimetresde.com\/wp-content\/uploads\/2014\/03\/BVC_anim000016-opt.jpg,https:\/\/test.imprimetresde.com\/wp-content\/uploads\/2014\/03\/BVC_anim000017-opt.jpg,https:\/\/test.imprimetresde.com\/wp-content\/uploads\/2014\/03\/BVC_anim000018-opt.jpg,https:\/\/test.imprimetresde.com\/wp-content\/uploads\/2014\/03\/BVC_anim000019-opt.jpg,https:\/\/test.imprimetresde.com\/wp-content\/uploads\/2014\/03\/BVC_anim000020-opt.jpg,https:\/\/test.imprimetresde.com\/wp-content\/uploads\/2014\/03\/BVC_anim000021-opt.jpg,https:\/\/test.imprimetresde.com\/wp-content\/uploads\/2014\/03\/BVC_anim000022-opt.jpg,https:\/\/test.imprimetresde.com\/wp-content\/uploads\/2014\/03\/BVC_anim000023-opt.jpg,https:\/\/test.imprimetresde.com\/wp-content\/uploads\/2014\/03\/BVC_anim000024-opt.jpg,https:\/\/test.imprimetresde.com\/wp-content\/uploads\/2014\/03\/BVC_anim000025-opt.jpg,https:\/\/test.imprimetresde.com\/wp-content\/uploads\/2014\/03\/BVC_anim000026-opt.jpg,https:\/\/test.imprimetresde.com\/wp-content\/uploads\/2014\/03\/BVC_anim000027-opt.jpg,https:\/\/test.imprimetresde.com\/wp-content\/uploads\/2014\/03\/BVC_anim000028-opt.jpg,https:\/\/test.imprimetresde.com\/wp-content\/uploads\/2014\/03\/BVC_anim000029-opt.jpg,https:\/\/test.imprimetresde.com\/wp-content\/uploads\/2014\/03\/BVC_anim000030-opt.jpg,https:\/\/test.imprimetresde.com\/wp-content\/uploads\/2014\/03\/BVC_anim000031-opt.jpg,https:\/\/test.imprimetresde.com\/wp-content\/uploads\/2014\/03\/BVC_anim000032-opt.jpg,https:\/\/test.imprimetresde.com\/wp-content\/uploads\/2014\/03\/BVC_anim000033-opt.jpg,https:\/\/test.imprimetresde.com\/wp-content\/uploads\/2014\/03\/BVC_anim000034-opt.jpg,https:\/\/test.imprimetresde.com\/wp-content\/uploads\/2014\/03\/BVC_anim000036-opt.jpg,https:\/\/test.imprimetresde.com\/wp-content\/uploads\/2014\/03\/BVC_anim000037-opt.jpg,https:\/\/test.imprimetresde.com\/wp-content\/uploads\/2014\/03\/BVC_anim000038-opt.jpg,https:\/\/test.imprimetresde.com\/wp-content\/uploads\/2014\/03\/BVC_anim000039-opt.jpg,https:\/\/test.imprimetresde.com\/wp-content\/uploads\/2014\/03\/BVC_anim000040-opt.jpg' src='https:\/\/test.imprimetresde.com\/wp-content\/uploads\/2014\/03\/BVC_anim000001-opt.jpg' >\n<p>Brazalete realizado cun dese\u00f1o baseado nun diagrama de Voronoi. Empregando esta t\u00e9cnica obtense unha superficie que permite o paso da luz a trav\u00e9s dos seus ocos e o mesmo tempo xenera un acabado org\u00e1nico en toda a envolvente do objecto.<\/p>\n<p>** Pode ser personalizado con ata 8 caracteres, lo que permite engadirlle nomes, marcas, etc<\/p>\n","protected":false},"excerpt":{"rendered":"<p>Brazalete realizado cun dese\u00f1o baseado nun diagrama de Voronoi. Empregando esta t\u00e9cnica obtense unha superficie que permite o paso da luz a trav\u00e9s dos seus ocos e o mesmo tempo xenera un acabado org\u00e1nico en toda a envolvente do objecto.<\/p>\n","protected":false},"featured_media":4750,"comment_status":"open","ping_status":"closed","template":"","meta":{"_vp_format_video_url":"","_vp_image_focal_point":[]},"product_brand":[],"product_cat":[315],"product_tag":[206,213,268,301],"class_list":{"0":"post-5238","1":"product","2":"type-product","3":"status-publish","4":"has-post-thumbnail","6":"product_cat-complementos-gl","7":"product_tag-brazalete-gl","8":"product_tag-complemento-gl","9":"product_tag-moda-gl","10":"product_tag-voronoi-gl","12":"first","13":"instock","14":"sale","15":"taxable","16":"shipping-taxable","17":"purchasable","18":"product-type-simple"},"exclude_global_add_ons":[],"addons":[],"_links":{"self":[{"href":"https:\/\/test.imprimetresde.com\/gl\/wp-json\/wp\/v2\/product\/5238","targetHints":{"allow":["GET"]}}],"collection":[{"href":"https:\/\/test.imprimetresde.com\/gl\/wp-json\/wp\/v2\/product"}],"about":[{"href":"https:\/\/test.imprimetresde.com\/gl\/wp-json\/wp\/v2\/types\/product"}],"replies":[{"embeddable":true,"href":"https:\/\/test.imprimetresde.com\/gl\/wp-json\/wp\/v2\/comments?post=5238"}],"wp:featuredmedia":[{"embeddable":true,"href":"https:\/\/test.imprimetresde.com\/gl\/wp-json\/wp\/v2\/media\/4750"}],"wp:attachment":[{"href":"https:\/\/test.imprimetresde.com\/gl\/wp-json\/wp\/v2\/media?parent=5238"}],"wp:term":[{"taxonomy":"product_brand","embeddable":true,"href":"https:\/\/test.imprimetresde.com\/gl\/wp-json\/wp\/v2\/product_brand?post=5238"},{"taxonomy":"product_cat","embeddable":true,"href":"https:\/\/test.imprimetresde.com\/gl\/wp-json\/wp\/v2\/product_cat?post=5238"},{"taxonomy":"product_tag","embeddable":true,"href":"https:\/\/test.imprimetresde.com\/gl\/wp-json\/wp\/v2\/product_tag?post=5238"}],"curies":[{"name":"wp","href":"https:\/\/api.w.org\/{rel}","templated":true}]}}