{"id":5239,"date":"2014-03-06T09:48:35","date_gmt":"2014-03-06T08:48:35","guid":{"rendered":"https:\/\/test.imprimetresde.com\/producto\/lampada-wire\/"},"modified":"2014-03-06T09:48:35","modified_gmt":"2014-03-06T08:48:35","slug":"lampada-wire","status":"publish","type":"product","link":"https:\/\/test.imprimetresde.com\/gl\/produto\/lampada-wire\/","title":{"rendered":"L\u00e1mpada Wire"},"content":{"rendered":"<p><strong>Vista 3D (click + esquerda ou dereita para rotar)<br \/>\n<\/strong><\/p>\n<img data-area='' data-attr='{}' data-brake='0.23' data-clickfree='false' data-cursor='url(\"https:\/\/test.imprimetresde.com\/wp-content\/plugins\/wp-reel\/cur\/jquery.reel.cur\"),hand' data-cw='false' data-delay='0' data-directional='' data-draggable='true' data-duration='' data-entry='' data-footage='6' data-framelock='false' data-graph='' data-hint='' data-horizontal='true' data-indicator='0' data-inversed='false' data-klass='' data-lazyness='' data-monitor='' data-opening='0' data-orbital='0' data-orientable='' data-preload='fidelity' data-preloader='4' data-rebound='0.5' data-responsive='true' data-row='1' data-rows='0' data-rowlock='false' data-scrollable='true' data-shy='false' data-spacing='0' data-steppable='true' data-tempo='25' data-throwable='true' data-velocity='0' data-vertical='false' data-wheelable='true' width='575' height='305'  class='reel' data-revolution='575'  data-speed='0'  data-loops='true'  data-frames='40' data-size='' data-frame='1'   data-images='https:\/\/test.imprimetresde.com\/wp-content\/uploads\/2014\/03\/WLBK_anim000040.jpg,https:\/\/test.imprimetresde.com\/wp-content\/uploads\/2014\/03\/WLBK_anim000001.jpg,https:\/\/test.imprimetresde.com\/wp-content\/uploads\/2014\/03\/WLBK_anim000002.jpg,https:\/\/test.imprimetresde.com\/wp-content\/uploads\/2014\/03\/WLBK_anim000003.jpg,https:\/\/test.imprimetresde.com\/wp-content\/uploads\/2014\/03\/WLBK_anim000004.jpg,https:\/\/test.imprimetresde.com\/wp-content\/uploads\/2014\/03\/WLBK_anim000005.jpg,https:\/\/test.imprimetresde.com\/wp-content\/uploads\/2014\/03\/WLBK_anim000006.jpg,https:\/\/test.imprimetresde.com\/wp-content\/uploads\/2014\/03\/WLBK_anim000007.jpg,https:\/\/test.imprimetresde.com\/wp-content\/uploads\/2014\/03\/WLBK_anim000008.jpg,https:\/\/test.imprimetresde.com\/wp-content\/uploads\/2014\/03\/WLBK_anim000009.jpg,https:\/\/test.imprimetresde.com\/wp-content\/uploads\/2014\/03\/WLBK_anim000010.jpg,https:\/\/test.imprimetresde.com\/wp-content\/uploads\/2014\/03\/WLBK_anim000011.jpg,https:\/\/test.imprimetresde.com\/wp-content\/uploads\/2014\/03\/WLBK_anim000012.jpg,https:\/\/test.imprimetresde.com\/wp-content\/uploads\/2014\/03\/WLBK_anim000013.jpg,https:\/\/test.imprimetresde.com\/wp-content\/uploads\/2014\/03\/WLBK_anim000014.jpg,https:\/\/test.imprimetresde.com\/wp-content\/uploads\/2014\/03\/WLBK_anim000015.jpg,https:\/\/test.imprimetresde.com\/wp-content\/uploads\/2014\/03\/WLBK_anim000016.jpg,https:\/\/test.imprimetresde.com\/wp-content\/uploads\/2014\/03\/WLBK_anim000017.jpg,https:\/\/test.imprimetresde.com\/wp-content\/uploads\/2014\/03\/WLBK_anim000018.jpg,https:\/\/test.imprimetresde.com\/wp-content\/uploads\/2014\/03\/WLBK_anim000019.jpg,https:\/\/test.imprimetresde.com\/wp-content\/uploads\/2014\/03\/WLBK_anim000020.jpg,https:\/\/test.imprimetresde.com\/wp-content\/uploads\/2014\/03\/WLBK_anim000021.jpg,https:\/\/test.imprimetresde.com\/wp-content\/uploads\/2014\/03\/WLBK_anim000022.jpg,https:\/\/test.imprimetresde.com\/wp-content\/uploads\/2014\/03\/WLBK_anim000023.jpg,https:\/\/test.imprimetresde.com\/wp-content\/uploads\/2014\/03\/WLBK_anim000024.jpg,https:\/\/test.imprimetresde.com\/wp-content\/uploads\/2014\/03\/WLBK_anim000025.jpg,https:\/\/test.imprimetresde.com\/wp-content\/uploads\/2014\/03\/WLBK_anim000026.jpg,https:\/\/test.imprimetresde.com\/wp-content\/uploads\/2014\/03\/WLBK_anim000027.jpg,https:\/\/test.imprimetresde.com\/wp-content\/uploads\/2014\/03\/WLBK_anim000028.jpg,https:\/\/test.imprimetresde.com\/wp-content\/uploads\/2014\/03\/WLBK_anim000029.jpg,https:\/\/test.imprimetresde.com\/wp-content\/uploads\/2014\/03\/WLBK_anim000030.jpg,https:\/\/test.imprimetresde.com\/wp-content\/uploads\/2014\/03\/WLBK_anim000031.jpg,https:\/\/test.imprimetresde.com\/wp-content\/uploads\/2014\/03\/WLBK_anim000032.jpg,https:\/\/test.imprimetresde.com\/wp-content\/uploads\/2014\/03\/WLBK_anim000033.jpg,https:\/\/test.imprimetresde.com\/wp-content\/uploads\/2014\/03\/WLBK_anim000034.jpg,https:\/\/test.imprimetresde.com\/wp-content\/uploads\/2014\/03\/WLBK_anim000035.jpg,https:\/\/test.imprimetresde.com\/wp-content\/uploads\/2014\/03\/WLBK_anim000036.jpg,https:\/\/test.imprimetresde.com\/wp-content\/uploads\/2014\/03\/WLBK_anim000037.jpg,https:\/\/test.imprimetresde.com\/wp-content\/uploads\/2014\/03\/WLBK_anim000038.jpg,https:\/\/test.imprimetresde.com\/wp-content\/uploads\/2014\/03\/WLBK_anim000039.jpg' src='https:\/\/test.imprimetresde.com\/wp-content\/uploads\/2014\/03\/WLBK_anim000040.jpg' >\n<p>A traves de Thingiverse ch\u00e9ganos\u00a0este dese\u00f1o de &#8220;robs 3D&#8221;. \u00a0Esta l\u00e1mpada parte dun dese\u00f1o xeom\u00e9trico para xenerar efectos de luz e sombra. O elemento permite acoller no seu interior unha bombilla ou l\u00e1mpada led.<\/p>\n<p><strong>*A fonte de luz non est\u00e1 inclu\u00edda<\/strong><\/p>\n","protected":false},"excerpt":{"rendered":"<p>Esta l\u00e1mpara, creada por &#8220;robs_3D&#8221;,\u00a0parte dun dese\u00f1o xeom\u00e9trico para xenerar efectos de luz e\u00a0sombra. O\u00a0elemento permite aloxar no seu interior unha bombilla ou l\u00e1mpada led.<\/p>\n","protected":false},"featured_media":3262,"comment_status":"open","ping_status":"closed","template":"","meta":{"_vp_format_video_url":"","_vp_image_focal_point":[]},"product_brand":[],"product_cat":[319],"product_tag":[243,255,302],"class_list":{"0":"post-5239","1":"product","2":"type-product","3":"status-publish","4":"has-post-thumbnail","6":"product_cat-iluminacion-gl","7":"product_tag-iluminacion-gl","8":"product_tag-lampada","9":"product_tag-wire-gl","11":"first","12":"instock","13":"sale","14":"taxable","15":"shipping-taxable","16":"purchasable","17":"product-type-simple"},"exclude_global_add_ons":[],"addons":[],"_links":{"self":[{"href":"https:\/\/test.imprimetresde.com\/gl\/wp-json\/wp\/v2\/product\/5239","targetHints":{"allow":["GET"]}}],"collection":[{"href":"https:\/\/test.imprimetresde.com\/gl\/wp-json\/wp\/v2\/product"}],"about":[{"href":"https:\/\/test.imprimetresde.com\/gl\/wp-json\/wp\/v2\/types\/product"}],"replies":[{"embeddable":true,"href":"https:\/\/test.imprimetresde.com\/gl\/wp-json\/wp\/v2\/comments?post=5239"}],"wp:featuredmedia":[{"embeddable":true,"href":"https:\/\/test.imprimetresde.com\/gl\/wp-json\/wp\/v2\/media\/3262"}],"wp:attachment":[{"href":"https:\/\/test.imprimetresde.com\/gl\/wp-json\/wp\/v2\/media?parent=5239"}],"wp:term":[{"taxonomy":"product_brand","embeddable":true,"href":"https:\/\/test.imprimetresde.com\/gl\/wp-json\/wp\/v2\/product_brand?post=5239"},{"taxonomy":"product_cat","embeddable":true,"href":"https:\/\/test.imprimetresde.com\/gl\/wp-json\/wp\/v2\/product_cat?post=5239"},{"taxonomy":"product_tag","embeddable":true,"href":"https:\/\/test.imprimetresde.com\/gl\/wp-json\/wp\/v2\/product_tag?post=5239"}],"curies":[{"name":"wp","href":"https:\/\/api.w.org\/{rel}","templated":true}]}}