{"id":5240,"date":"2014-03-05T16:18:19","date_gmt":"2014-03-05T15:18:19","guid":{"rendered":"https:\/\/test.imprimetresde.com\/producto\/cunco-personalizado\/"},"modified":"2021-10-15T19:45:36","modified_gmt":"2021-10-15T17:45:36","slug":"cunco-personalizado","status":"publish","type":"product","link":"https:\/\/test.imprimetresde.com\/gl\/produto\/cunco-personalizado\/","title":{"rendered":"Cunco Personalizado"},"content":{"rendered":"<p>Cunco Personalizado. Que mellor agasallo para a nosa mascota favorita que personalizar o seu comedeiro ou bebedeiro.\u00a0A impresi\u00f3n 3D permite crear estes cuncos param\u00e9tricos personalizados, con materiales de orixe org\u00e1nica como o noso PLA. Adem\u00e1is leva incorporado na parte superior unha peza desmontable para permitir o seu lavado tanto a man como no lavavaixelas.<\/p>\n<p>Elixe nome\u00a0e cor e\u00a0xa tes o cunco para a t\u00faa mascota.<\/p>\n<p>** Pode ser personalizado con ata 8 caracteres, o que permite engadirlle nomes, marcas, etc<\/p>\n<h5><strong>Vista 3D<\/strong>\u00a0(Click + esquerda ou dereita para rotar)<\/h5>\n<img data-area='' data-attr='{}' data-brake='0.23' data-clickfree='false' data-cursor='url(\"https:\/\/test.imprimetresde.com\/wp-content\/plugins\/wp-reel\/cur\/jquery.reel.cur\"),hand' data-cw='false' data-delay='0' data-directional='' data-draggable='true' data-duration='' data-entry='' data-footage='6' data-framelock='false' data-graph='' data-hint='' data-horizontal='true' data-indicator='0' data-inversed='false' data-klass='' data-lazyness='' data-monitor='' data-opening='0' data-orbital='0' data-orientable='' data-preload='fidelity' data-preloader='4' data-rebound='0.5' data-responsive='true' data-row='1' data-rows='0' data-rowlock='false' data-scrollable='true' data-shy='false' data-spacing='0' data-steppable='true' data-tempo='25' data-throwable='true' data-velocity='0' data-vertical='false' data-wheelable='true' width='575' height='310'  class='reel' data-revolution='575'  data-speed='0'  data-loops='true'  data-frames='40' data-size='' data-frame='1'   data-images='https:\/\/test.imprimetresde.com\/wp-content\/uploads\/2014\/03\/bowl_anim000001-opt.jpg,https:\/\/test.imprimetresde.com\/wp-content\/uploads\/2014\/03\/bowl_anim000002-opt.jpg,https:\/\/test.imprimetresde.com\/wp-content\/uploads\/2014\/03\/bowl_anim000003-opt.jpg,https:\/\/test.imprimetresde.com\/wp-content\/uploads\/2014\/03\/bowl_anim000004-opt.jpg,https:\/\/test.imprimetresde.com\/wp-content\/uploads\/2014\/03\/bowl_anim000005-opt.jpg,https:\/\/test.imprimetresde.com\/wp-content\/uploads\/2014\/03\/bowl_anim000006-opt.jpg,https:\/\/test.imprimetresde.com\/wp-content\/uploads\/2014\/03\/bowl_anim000007-opt.jpg,https:\/\/test.imprimetresde.com\/wp-content\/uploads\/2014\/03\/bowl_anim000008-opt.jpg,https:\/\/test.imprimetresde.com\/wp-content\/uploads\/2014\/03\/bowl_anim000009-opt.jpg,https:\/\/test.imprimetresde.com\/wp-content\/uploads\/2014\/03\/bowl_anim000010-opt.jpg,https:\/\/test.imprimetresde.com\/wp-content\/uploads\/2014\/03\/bowl_anim000011-opt.jpg,https:\/\/test.imprimetresde.com\/wp-content\/uploads\/2014\/03\/bowl_anim000012-opt.jpg,https:\/\/test.imprimetresde.com\/wp-content\/uploads\/2014\/03\/bowl_anim000013-opt.jpg,https:\/\/test.imprimetresde.com\/wp-content\/uploads\/2014\/03\/bowl_anim000014-opt.jpg,https:\/\/test.imprimetresde.com\/wp-content\/uploads\/2014\/03\/bowl_anim000015-opt.jpg,https:\/\/test.imprimetresde.com\/wp-content\/uploads\/2014\/03\/bowl_anim000016-opt.jpg,https:\/\/test.imprimetresde.com\/wp-content\/uploads\/2014\/03\/bowl_anim000017-opt.jpg,https:\/\/test.imprimetresde.com\/wp-content\/uploads\/2014\/03\/bowl_anim000018-opt.jpg,https:\/\/test.imprimetresde.com\/wp-content\/uploads\/2014\/03\/bowl_anim000019-opt.jpg,https:\/\/test.imprimetresde.com\/wp-content\/uploads\/2014\/03\/bowl_anim000020-opt.jpg,https:\/\/test.imprimetresde.com\/wp-content\/uploads\/2014\/03\/bowl_anim000021-opt.jpg,https:\/\/test.imprimetresde.com\/wp-content\/uploads\/2014\/03\/bowl_anim000022-opt.jpg,https:\/\/test.imprimetresde.com\/wp-content\/uploads\/2014\/03\/bowl_anim000023-opt.jpg,https:\/\/test.imprimetresde.com\/wp-content\/uploads\/2014\/03\/bowl_anim000024-opt.jpg,https:\/\/test.imprimetresde.com\/wp-content\/uploads\/2014\/03\/bowl_anim000025-opt.jpg,https:\/\/test.imprimetresde.com\/wp-content\/uploads\/2014\/03\/bowl_anim000026-opt.jpg,https:\/\/test.imprimetresde.com\/wp-content\/uploads\/2014\/03\/bowl_anim000027-opt.jpg,https:\/\/test.imprimetresde.com\/wp-content\/uploads\/2014\/03\/bowl_anim000028-opt.jpg,https:\/\/test.imprimetresde.com\/wp-content\/uploads\/2014\/03\/bowl_anim000029-opt.jpg,https:\/\/test.imprimetresde.com\/wp-content\/uploads\/2014\/03\/bowl_anim000030-opt.jpg,https:\/\/test.imprimetresde.com\/wp-content\/uploads\/2014\/03\/bowl_anim000031-opt.jpg,https:\/\/test.imprimetresde.com\/wp-content\/uploads\/2014\/03\/bowl_anim000032-opt.jpg,https:\/\/test.imprimetresde.com\/wp-content\/uploads\/2014\/03\/bowl_anim000033-opt.jpg,https:\/\/test.imprimetresde.com\/wp-content\/uploads\/2014\/03\/bowl_anim000034-opt.jpg,https:\/\/test.imprimetresde.com\/wp-content\/uploads\/2014\/03\/bowl_anim000035-opt.jpg,https:\/\/test.imprimetresde.com\/wp-content\/uploads\/2014\/03\/bowl_anim000036-opt.jpg,https:\/\/test.imprimetresde.com\/wp-content\/uploads\/2014\/03\/bowl_anim000037-opt.jpg,https:\/\/test.imprimetresde.com\/wp-content\/uploads\/2014\/03\/bowl_anim000038-opt.jpg,https:\/\/test.imprimetresde.com\/wp-content\/uploads\/2014\/03\/bowl_anim000039-opt.jpg,https:\/\/test.imprimetresde.com\/wp-content\/uploads\/2014\/03\/bowl_anim000040-opt.jpg' src='https:\/\/test.imprimetresde.com\/wp-content\/uploads\/2014\/03\/bowl_anim000001-opt.jpg' >\n<p>&nbsp;<\/p>\n","protected":false},"excerpt":{"rendered":"<p>Cunco Personalizado. Que mellor agasallo para a nosa mascota favorita que personalizar o seu comedeiro ou bebedeiro!<\/p>\n<p>&nbsp;<\/p>\n","protected":false},"featured_media":10294,"comment_status":"open","ping_status":"closed","template":"","meta":{"_vp_format_video_url":"","_vp_image_focal_point":[]},"product_brand":[],"product_cat":[313,317,320],"product_tag":[566,207,273,1603,210,1681,232,1683,251,1682,1383,274],"class_list":{"0":"post-5240","1":"product","2":"type-product","3":"status-publish","4":"has-post-thumbnail","6":"product_cat-ambiente-gl","7":"product_cat-gadgets-gl","8":"product_cat-mascotas-gl","9":"product_tag-agasallo","10":"product_tag-bowl-gl","11":"product_tag-can","12":"product_tag-casa","13":"product_tag-decoracion-gl","14":"product_tag-ecoloxico-gl","15":"product_tag-gato-gl","16":"product_tag-habitacion-gl","17":"product_tag-mascota-gl","18":"product_tag-oficina-gl","19":"product_tag-orixinal-gl","20":"product_tag-personalizado-gl","22":"first","23":"instock","24":"taxable","25":"shipping-taxable","26":"purchasable","27":"product-type-simple"},"exclude_global_add_ons":false,"addons":[{"name":"Texto personalizado","type":"heading","position":0,"required":false,"title_format":"label","default":"","description_enable":true,"description":"**Texto que llevar\u00e1 el objeto al imprimirlo (8 caracteres m\u00e1ximo)","placeholder_enable":false,"placeholder":"","display":"select","restrictions_type":"any_text","adjust_price":false,"price":"","price_type":"","restrictions":false,"min":"0","max":"0","options":[]},{"name":"Texto","type":"custom_text","position":0,"required":false,"title_format":"label","default":"","description_enable":false,"description":"","placeholder_enable":false,"placeholder":"","display":"select","restrictions_type":"any_text","adjust_price":true,"price":"5","price_type":"quantity_based","restrictions":false,"min":"","max":"","options":[]}],"_links":{"self":[{"href":"https:\/\/test.imprimetresde.com\/gl\/wp-json\/wp\/v2\/product\/5240","targetHints":{"allow":["GET"]}}],"collection":[{"href":"https:\/\/test.imprimetresde.com\/gl\/wp-json\/wp\/v2\/product"}],"about":[{"href":"https:\/\/test.imprimetresde.com\/gl\/wp-json\/wp\/v2\/types\/product"}],"replies":[{"embeddable":true,"href":"https:\/\/test.imprimetresde.com\/gl\/wp-json\/wp\/v2\/comments?post=5240"}],"wp:featuredmedia":[{"embeddable":true,"href":"https:\/\/test.imprimetresde.com\/gl\/wp-json\/wp\/v2\/media\/10294"}],"wp:attachment":[{"href":"https:\/\/test.imprimetresde.com\/gl\/wp-json\/wp\/v2\/media?parent=5240"}],"wp:term":[{"taxonomy":"product_brand","embeddable":true,"href":"https:\/\/test.imprimetresde.com\/gl\/wp-json\/wp\/v2\/product_brand?post=5240"},{"taxonomy":"product_cat","embeddable":true,"href":"https:\/\/test.imprimetresde.com\/gl\/wp-json\/wp\/v2\/product_cat?post=5240"},{"taxonomy":"product_tag","embeddable":true,"href":"https:\/\/test.imprimetresde.com\/gl\/wp-json\/wp\/v2\/product_tag?post=5240"}],"curies":[{"name":"wp","href":"https:\/\/api.w.org\/{rel}","templated":true}]}}