{"id":5241,"date":"2014-03-05T16:18:13","date_gmt":"2014-03-05T15:18:13","guid":{"rendered":"https:\/\/test.imprimetresde.com\/producto\/pantasma-iluminable-iphone\/"},"modified":"2014-03-05T16:18:13","modified_gmt":"2014-03-05T15:18:13","slug":"pantasma-iluminable-iphone","status":"publish","type":"product","link":"https:\/\/test.imprimetresde.com\/gl\/produto\/pantasma-iluminable-iphone\/","title":{"rendered":"Pantasma Iluminable Iphone"},"content":{"rendered":"<h5><strong>Vista 3D<\/strong>\u00a0(Click + esquerda ou dereita para rotar)<\/h5>\n<img data-area='' data-attr='{}' data-brake='0.23' data-clickfree='false' data-cursor='url(\"https:\/\/test.imprimetresde.com\/wp-content\/plugins\/wp-reel\/cur\/jquery.reel.cur\"),hand' data-cw='false' data-delay='0' data-directional='' data-draggable='true' data-duration='' data-entry='' data-footage='6' data-framelock='false' data-graph='' data-hint='' data-horizontal='true' data-indicator='0' data-inversed='false' data-klass='' data-lazyness='' data-monitor='' data-opening='0' data-orbital='0' data-orientable='' data-preload='fidelity' data-preloader='4' data-rebound='0.5' data-responsive='true' data-row='1' data-rows='0' data-rowlock='false' data-scrollable='true' data-shy='false' data-spacing='0' data-steppable='true' data-tempo='25' data-throwable='true' data-velocity='0' data-vertical='false' data-wheelable='true' width='575' height='305'  class='reel' data-revolution='575'  data-speed='0'  data-loops='true'  data-frames='40' data-size='' data-frame='1'   data-images='https:\/\/test.imprimetresde.com\/wp-content\/uploads\/2014\/03\/LG_anim0008.jpg,https:\/\/test.imprimetresde.com\/wp-content\/uploads\/2014\/03\/LG_anim0009.jpg,https:\/\/test.imprimetresde.com\/wp-content\/uploads\/2014\/03\/LG_anim0010.jpg,https:\/\/test.imprimetresde.com\/wp-content\/uploads\/2014\/03\/LG_anim0011.jpg,https:\/\/test.imprimetresde.com\/wp-content\/uploads\/2014\/03\/LG_anim0012.jpg,https:\/\/test.imprimetresde.com\/wp-content\/uploads\/2014\/03\/LG_anim0013.jpg,https:\/\/test.imprimetresde.com\/wp-content\/uploads\/2014\/03\/LG_anim0014.jpg,https:\/\/test.imprimetresde.com\/wp-content\/uploads\/2014\/03\/LG_anim0015.jpg,https:\/\/test.imprimetresde.com\/wp-content\/uploads\/2014\/03\/LG_anim0016.jpg,https:\/\/test.imprimetresde.com\/wp-content\/uploads\/2014\/03\/LG_anim0017.jpg,https:\/\/test.imprimetresde.com\/wp-content\/uploads\/2014\/03\/LG_anim0018.jpg,https:\/\/test.imprimetresde.com\/wp-content\/uploads\/2014\/03\/LG_anim0019.jpg,https:\/\/test.imprimetresde.com\/wp-content\/uploads\/2014\/03\/LG_anim0020.jpg,https:\/\/test.imprimetresde.com\/wp-content\/uploads\/2014\/03\/LG_anim0021.jpg,https:\/\/test.imprimetresde.com\/wp-content\/uploads\/2014\/03\/LG_anim0022.jpg,https:\/\/test.imprimetresde.com\/wp-content\/uploads\/2014\/03\/LG_anim0023.jpg,https:\/\/test.imprimetresde.com\/wp-content\/uploads\/2014\/03\/LG_anim0024.jpg,https:\/\/test.imprimetresde.com\/wp-content\/uploads\/2014\/03\/LG_anim0025.jpg,https:\/\/test.imprimetresde.com\/wp-content\/uploads\/2014\/03\/LG_anim0026.jpg,https:\/\/test.imprimetresde.com\/wp-content\/uploads\/2014\/03\/LG_anim0027.jpg,https:\/\/test.imprimetresde.com\/wp-content\/uploads\/2014\/03\/LG_anim0028.jpg,https:\/\/test.imprimetresde.com\/wp-content\/uploads\/2014\/03\/LG_anim0029.jpg,https:\/\/test.imprimetresde.com\/wp-content\/uploads\/2014\/03\/LG_anim0030.jpg,https:\/\/test.imprimetresde.com\/wp-content\/uploads\/2014\/03\/LG_anim0031.jpg,https:\/\/test.imprimetresde.com\/wp-content\/uploads\/2014\/03\/LG_anim0032.jpg,https:\/\/test.imprimetresde.com\/wp-content\/uploads\/2014\/03\/LG_anim0033.jpg,https:\/\/test.imprimetresde.com\/wp-content\/uploads\/2014\/03\/LG_anim0034.jpg,https:\/\/test.imprimetresde.com\/wp-content\/uploads\/2014\/03\/LG_anim0035.jpg,https:\/\/test.imprimetresde.com\/wp-content\/uploads\/2014\/03\/LG_anim0036.jpg,https:\/\/test.imprimetresde.com\/wp-content\/uploads\/2014\/03\/LG_anim0037.jpg,https:\/\/test.imprimetresde.com\/wp-content\/uploads\/2014\/03\/LG_anim0038.jpg,https:\/\/test.imprimetresde.com\/wp-content\/uploads\/2014\/03\/LG_anim0039.jpg,https:\/\/test.imprimetresde.com\/wp-content\/uploads\/2014\/03\/LG_anim0040.jpg,https:\/\/test.imprimetresde.com\/wp-content\/uploads\/2014\/03\/LG_anim0001.jpg,https:\/\/test.imprimetresde.com\/wp-content\/uploads\/2014\/03\/LG_anim0002.jpg,https:\/\/test.imprimetresde.com\/wp-content\/uploads\/2014\/03\/LG_anim0003.jpg,https:\/\/test.imprimetresde.com\/wp-content\/uploads\/2014\/03\/LG_anim0004.jpg,https:\/\/test.imprimetresde.com\/wp-content\/uploads\/2014\/03\/LG_anim0005.jpg,https:\/\/test.imprimetresde.com\/wp-content\/uploads\/2014\/03\/LG_anim0006.jpg,https:\/\/test.imprimetresde.com\/wp-content\/uploads\/2014\/03\/LG_anim0007.jpg' src='https:\/\/test.imprimetresde.com\/wp-content\/uploads\/2014\/03\/LG_anim0008.jpg' >\n<p>&nbsp;<\/p>\n<p>O flash LED do iPhone pode ser utilizado como unha potente lanterna, pero non \u00e9 unha boa lanterna. A luz \u00e9 forte, \u00e9 cegadora e direccional.<br \/>\nAs\u00ed que o equipo de dese\u00f1o <strong>lab02<\/strong> decidiu facer un pequeno difusor de luz. Unha pantalla de l\u00e1mpada para o iPhone!<\/p>\n<p>Emite unha fermosa luz ambiental, distribu\u00edda de maneira uniforme e moi agradable \u00e1 vista e que converte o flash LED do IPhone nunha moi \u00fatil lanterna. Simplemente deslizala por encima do iPhone, e utiliza calquera das aplicaci\u00f3ns lanterna gratu\u00edtas ou a que trae incorporada o sistema. Se tes iOS6.0 + busca uno que tam\u00e9n poida atenuar o LED.<br \/>\n\u00dasao como unha luz de noite, nunha viaxe de campamento ou en caso de necesitar un superheroe!<\/p>\n<p>Este Lightclip foi dese\u00f1ado especificamente para a impresi\u00f3n en 3D con poliamida neutral co medio ambiente. Este material \u00e9 moi forte, alcanzable e un excelente difusor de luz. Dispo\u00f1ible agora, en 3 dese\u00f1os diferentes: a Pantasma, (proximamente a Pantasma Ninja e o sinal de Batman), tanto para o iPhone 4 \/ 4S , o iPhone 5 \/ 5S e o iPhone 6.<\/p>\n<p>** Pode ser personalizado con ata 8 caracteres, o que permite engadirlle nomes, marcas, etc<\/p>\n","protected":false},"excerpt":{"rendered":"<p>O flash LED do iPhone pode ser utilizado como unha potente lanterna, pero non \u00e9 unha boa lanterna. A luz \u00e9 forte, \u00e9 cegadora e direccional.<br \/>\nAs\u00ed que o equipo de dese\u00f1o\u00a0<strong>lab02<\/strong>\u00a0decidiu facer un pequeno difusor de luz. Unha pantalla de l\u00e1mpada para o iPhone!<\/p>\n","protected":false},"featured_media":4101,"comment_status":"open","ping_status":"closed","template":"","meta":{"_vp_format_video_url":"","_vp_image_focal_point":[]},"product_brand":[],"product_cat":[317,319,321],"product_tag":[234,244,242,236],"class_list":{"0":"post-5241","1":"product","2":"type-product","3":"status-publish","4":"has-post-thumbnail","6":"product_cat-gadgets-gl","7":"product_cat-iluminacion-gl","8":"product_cat-play-gl","9":"product_tag-gadget-gl","10":"product_tag-iluminable-gl","11":"product_tag-iphone-gl","12":"product_tag-pantasma","14":"first","15":"instock","16":"sale","17":"taxable","18":"shipping-taxable","19":"purchasable","20":"product-type-simple"},"exclude_global_add_ons":false,"addons":[{"name":"Color","type":"multiple_choice","position":0,"required":true,"title_format":"heading","default":"","description_enable":true,"description":"Elige el color de PLA para el producto","placeholder_enable":false,"placeholder":"","display":"select","restrictions_type":"any_text","adjust_price":false,"price":"","price_type":"","restrictions":false,"min":"0","max":"0","options":[{"label":"PLA rojo","price":"000","price_type":"quantity_based","image":0,"visibility":true},{"label":"PLA verde","price":"0","price_type":"quantity_based","image":0,"visibility":true},{"label":"PLA amarillo","price":"","price_type":"quantity_based","image":0,"visibility":true},{"label":"PLA azul","price":"","price_type":"quantity_based","image":0,"visibility":true},{"label":"PLA transparente","price":"","price_type":"quantity_based","image":0,"visibility":true},{"label":"PLA naranja","price":"","price_type":"quantity_based","image":0,"visibility":true},{"label":"PLA negro","price":"","price_type":"quantity_based","image":0,"visibility":true}]},{"name":"Texto personalizado","type":"heading","position":0,"required":false,"title_format":"label","default":"","description_enable":true,"description":"**Texto que llevar\u00e1 el objeto al imprimirlo (8 caracteres m\u00e1ximo)","placeholder_enable":false,"placeholder":"","display":"select","restrictions_type":"any_text","adjust_price":false,"price":"","price_type":"","restrictions":false,"min":"0","max":"0","options":[]},{"name":"Texto","type":"custom_text","position":0,"required":false,"title_format":"label","default":"","description_enable":false,"description":"","placeholder_enable":false,"placeholder":"","display":"select","restrictions_type":"any_text","adjust_price":true,"price":"5","price_type":"quantity_based","restrictions":false,"min":"","max":"","options":[]}],"_links":{"self":[{"href":"https:\/\/test.imprimetresde.com\/gl\/wp-json\/wp\/v2\/product\/5241","targetHints":{"allow":["GET"]}}],"collection":[{"href":"https:\/\/test.imprimetresde.com\/gl\/wp-json\/wp\/v2\/product"}],"about":[{"href":"https:\/\/test.imprimetresde.com\/gl\/wp-json\/wp\/v2\/types\/product"}],"replies":[{"embeddable":true,"href":"https:\/\/test.imprimetresde.com\/gl\/wp-json\/wp\/v2\/comments?post=5241"}],"wp:featuredmedia":[{"embeddable":true,"href":"https:\/\/test.imprimetresde.com\/gl\/wp-json\/wp\/v2\/media\/4101"}],"wp:attachment":[{"href":"https:\/\/test.imprimetresde.com\/gl\/wp-json\/wp\/v2\/media?parent=5241"}],"wp:term":[{"taxonomy":"product_brand","embeddable":true,"href":"https:\/\/test.imprimetresde.com\/gl\/wp-json\/wp\/v2\/product_brand?post=5241"},{"taxonomy":"product_cat","embeddable":true,"href":"https:\/\/test.imprimetresde.com\/gl\/wp-json\/wp\/v2\/product_cat?post=5241"},{"taxonomy":"product_tag","embeddable":true,"href":"https:\/\/test.imprimetresde.com\/gl\/wp-json\/wp\/v2\/product_tag?post=5241"}],"curies":[{"name":"wp","href":"https:\/\/api.w.org\/{rel}","templated":true}]}}