{"id":5247,"date":"2019-03-29T11:56:04","date_gmt":"2017-04-25T10:56:04","guid":{"rendered":"https:\/\/test.imprimetresde.com\/gl\/produto\/lampada-wire-copiar\/"},"modified":"2025-09-17T13:34:48","modified_gmt":"2025-09-17T11:34:48","slug":"lampada-nocturna-en-3d","status":"publish","type":"product","link":"https:\/\/test.imprimetresde.com\/gl\/produto\/lampada-nocturna-en-3d\/","title":{"rendered":"L\u00e1mpada Nocturna en 3D"},"content":{"rendered":"<p>L\u00e1mpada nocturna en 3D. L\u00e1mpada con efecto litofan\u00eda idea de Imprimetresde, ideal para agasallar aos teus seres queridos. Personal\u00edzaa e qu\u00e9date con tod@s! \u00c9 ideal para regalar e ven con luz LED RGB e mando a distancia.<\/p>\n<p>*Con luz LED RGB e mando a distancia<\/p>\n<p>Dese\u00f1o de l\u00e1mpada nocturna quitamedos de Imprimetresde, a partir do concepto de <strong>litofan\u00eda, <\/strong>t\u00e9cnica que consiste b\u00e1sicamente na proxeci\u00f3n dunha luz (antigamente, dunha vela, pero tam\u00e9n de luz solar) a trav\u00e9s dunha l\u00e1mina semitransparente na que foi modelado un volumen. O cambio de grosor fai que a trasluz cambie a opacidade de cada parte de tal xeito que as zonas m\u00e1is escuras da imaxen orixinal est\u00e1n resoltas cun grosor maior de l\u00e1mina e as m\u00e1is claras con menor grosor. O resultado \u00e9 que o paso dunha luz a trav\u00e9s da l\u00e1mina de litofan\u00eda vemos a imaxen en claroscuro.<\/p>\n<p>A partir da foto que nos env\u00ede o\/a cliente\/a, realizamos a l\u00e1mpada para que luzca pola noiote ca imaxe elixida. Ideal para conmemorar calqueira evento especial, que ambientar\u00e1 calqueira espazo e far\u00e1 m\u00e1is placenteiro o descanso dos seres queridos.<\/p>\n<p><strong>*INCL\u00daE fonte de luz<\/strong><\/p>\n<img data-area='' data-attr='{}' data-brake='0.23' data-clickfree='false' data-cursor='url(\"https:\/\/test.imprimetresde.com\/wp-content\/plugins\/wp-reel\/cur\/jquery.reel.cur\"),hand' data-cw='false' data-delay='0' data-directional='' data-draggable='true' data-duration='' data-entry='' data-footage='6' data-framelock='false' data-graph='' data-hint='' data-horizontal='true' data-indicator='0' data-inversed='false' data-klass='' data-lazyness='' data-monitor='' data-opening='0' data-orbital='0' data-orientable='' data-preload='fidelity' data-preloader='4' data-rebound='0.5' data-responsive='true' data-row='1' data-rows='0' data-rowlock='false' data-scrollable='true' data-shy='false' data-spacing='0' data-steppable='true' data-tempo='25' data-throwable='true' data-velocity='0' data-vertical='false' data-wheelable='true' width='575' height='311'  class='reel' data-revolution='575'  data-speed='0'  data-loops='true'  data-frames='40' data-size='' data-frame='1'   data-images='https:\/\/test.imprimetresde.com\/wp-content\/uploads\/2017\/04\/LITO_anim0000040-opt.jpg,https:\/\/test.imprimetresde.com\/wp-content\/uploads\/2017\/04\/LITO_anim0000001-opt.jpg,https:\/\/test.imprimetresde.com\/wp-content\/uploads\/2017\/04\/LITO_anim0000002-opt.jpg,https:\/\/test.imprimetresde.com\/wp-content\/uploads\/2017\/04\/LITO_anim0000003-opt.jpg,https:\/\/test.imprimetresde.com\/wp-content\/uploads\/2017\/04\/LITO_anim0000004-opt.jpg,https:\/\/test.imprimetresde.com\/wp-content\/uploads\/2017\/04\/LITO_anim0000005-opt.jpg,https:\/\/test.imprimetresde.com\/wp-content\/uploads\/2017\/04\/LITO_anim0000006-opt.jpg,https:\/\/test.imprimetresde.com\/wp-content\/uploads\/2017\/04\/LITO_anim0000007-opt.jpg,https:\/\/test.imprimetresde.com\/wp-content\/uploads\/2017\/04\/LITO_anim0000008-opt.jpg,https:\/\/test.imprimetresde.com\/wp-content\/uploads\/2017\/04\/LITO_anim0000009-opt.jpg,https:\/\/test.imprimetresde.com\/wp-content\/uploads\/2017\/04\/LITO_anim0000010-opt.jpg,https:\/\/test.imprimetresde.com\/wp-content\/uploads\/2017\/04\/LITO_anim0000011-opt.jpg,https:\/\/test.imprimetresde.com\/wp-content\/uploads\/2017\/04\/LITO_anim0000012-opt.jpg,https:\/\/test.imprimetresde.com\/wp-content\/uploads\/2017\/04\/LITO_anim0000013-opt.jpg,https:\/\/test.imprimetresde.com\/wp-content\/uploads\/2017\/04\/LITO_anim0000014-opt.jpg,https:\/\/test.imprimetresde.com\/wp-content\/uploads\/2017\/04\/LITO_anim0000015-opt.jpg,https:\/\/test.imprimetresde.com\/wp-content\/uploads\/2017\/04\/LITO_anim0000016-opt.jpg,https:\/\/test.imprimetresde.com\/wp-content\/uploads\/2017\/04\/LITO_anim0000017-opt.jpg,https:\/\/test.imprimetresde.com\/wp-content\/uploads\/2017\/04\/LITO_anim0000018-opt.jpg,https:\/\/test.imprimetresde.com\/wp-content\/uploads\/2017\/04\/LITO_anim0000019-opt.jpg,https:\/\/test.imprimetresde.com\/wp-content\/uploads\/2017\/04\/LITO_anim0000020-opt.jpg,https:\/\/test.imprimetresde.com\/wp-content\/uploads\/2017\/04\/LITO_anim0000021-opt.jpg,https:\/\/test.imprimetresde.com\/wp-content\/uploads\/2017\/04\/LITO_anim0000022-opt.jpg,https:\/\/test.imprimetresde.com\/wp-content\/uploads\/2017\/04\/LITO_anim0000023-opt.jpg,https:\/\/test.imprimetresde.com\/wp-content\/uploads\/2017\/04\/LITO_anim0000024-opt.jpg,https:\/\/test.imprimetresde.com\/wp-content\/uploads\/2017\/04\/LITO_anim0000025-opt.jpg,https:\/\/test.imprimetresde.com\/wp-content\/uploads\/2017\/04\/LITO_anim0000026-opt.jpg,https:\/\/test.imprimetresde.com\/wp-content\/uploads\/2017\/04\/LITO_anim0000027-opt.jpg,https:\/\/test.imprimetresde.com\/wp-content\/uploads\/2017\/04\/LITO_anim0000028-opt.jpg,https:\/\/test.imprimetresde.com\/wp-content\/uploads\/2017\/04\/LITO_anim0000029-opt.jpg,https:\/\/test.imprimetresde.com\/wp-content\/uploads\/2017\/04\/LITO_anim0000030-opt.jpg,https:\/\/test.imprimetresde.com\/wp-content\/uploads\/2017\/04\/LITO_anim0000031-opt.jpg,https:\/\/test.imprimetresde.com\/wp-content\/uploads\/2017\/04\/LITO_anim0000032-opt.jpg,https:\/\/test.imprimetresde.com\/wp-content\/uploads\/2017\/04\/LITO_anim0000033-opt.jpg,https:\/\/test.imprimetresde.com\/wp-content\/uploads\/2017\/04\/LITO_anim0000034-opt.jpg,https:\/\/test.imprimetresde.com\/wp-content\/uploads\/2017\/04\/LITO_anim0000035-opt.jpg,https:\/\/test.imprimetresde.com\/wp-content\/uploads\/2017\/04\/LITO_anim0000036-opt.jpg,https:\/\/test.imprimetresde.com\/wp-content\/uploads\/2017\/04\/LITO_anim0000037-opt.jpg,https:\/\/test.imprimetresde.com\/wp-content\/uploads\/2017\/04\/LITO_anim0000038-opt.jpg,https:\/\/test.imprimetresde.com\/wp-content\/uploads\/2017\/04\/LITO_anim0000039-opt.jpg' src='https:\/\/test.imprimetresde.com\/wp-content\/uploads\/2017\/04\/LITO_anim0000040-opt.jpg' >\n<p>&nbsp;<\/p>\n<p><script src=\"moz-extension:\/\/5bdaac7b-9cd7-491b-8ff4-ed31f89b43b7\/js\/app.js\" type=\"text\/javascript\"><\/script><\/p>\n<p><script src=\"moz-extension:\/\/5bdaac7b-9cd7-491b-8ff4-ed31f89b43b7\/js\/app.js\" type=\"text\/javascript\"><\/script><\/p>\n<p><script src=\"moz-extension:\/\/5bdaac7b-9cd7-491b-8ff4-ed31f89b43b7\/js\/app.js\" type=\"text\/javascript\"><\/script><\/p>\n","protected":false},"excerpt":{"rendered":"<p>L\u00e1mpada Nocturna en 3D. L\u00e1mpada con efecto litofan\u00eda idea de Imprimetresde,\u00a0ideal para agasallar aos teus seres queridos. Personal\u00edzaa e qu\u00e9date con tod@s!<\/p>\n<p>*Con luz LED RGB e mando a distancia<\/p>\n<p><script src=\"moz-extension:\/\/5bdaac7b-9cd7-491b-8ff4-ed31f89b43b7\/js\/app.js\" type=\"text\/javascript\"><\/script><\/p>\n<p><script src=\"moz-extension:\/\/5bdaac7b-9cd7-491b-8ff4-ed31f89b43b7\/js\/app.js\" type=\"text\/javascript\"><\/script><\/p>\n","protected":false},"featured_media":13063,"comment_status":"open","ping_status":"closed","template":"","meta":{"_vp_format_video_url":"","_vp_image_focal_point":[]},"product_brand":[],"product_cat":[314,313,319,320],"product_tag":[566,2111,1603,2113,1685,210,2110,2112,830,243,346,345,2114,2591,2589,2590,2588,1682,947,274,344],"class_list":{"0":"post-5247","1":"product","2":"type-product","3":"status-publish","4":"has-post-thumbnail","6":"product_cat-bustos-gl","7":"product_cat-ambiente-gl","8":"product_cat-iluminacion-gl","9":"product_cat-mascotas-gl","10":"product_tag-agasallo","11":"product_tag-bebes-gl","12":"product_tag-casa","13":"product_tag-cuna-gl","14":"product_tag-deco-gl","15":"product_tag-decoracion-gl","16":"product_tag-domus-gl-2","17":"product_tag-dormitorio-gl","18":"product_tag-fotos","19":"product_tag-iluminacion-gl","20":"product_tag-lampada-nocturna","21":"product_tag-litofania-gl","22":"product_tag-lugar-de-trabajo-gl","23":"product_tag-madre-gl","24":"product_tag-mai-gl","25":"product_tag-mama-gl","26":"product_tag-nai-gl","27":"product_tag-oficina-gl","28":"product_tag-peques-da-casa","29":"product_tag-personalizado-gl","30":"product_tag-quitamedos","32":"first","33":"onbackorder","34":"sale","35":"taxable","36":"shipping-taxable","37":"purchasable","38":"product-type-simple"},"exclude_global_add_ons":true,"addons":[{"name":"Imaxe","type":"heading","position":0,"required":false,"title_format":"label","default":"","description_enable":false,"description":"","placeholder_enable":false,"placeholder":"","display":"select","restrictions_type":"any_text","adjust_price":false,"price":"","price_type":"flat_fee","restrictions":false,"min":"0","max":"0","options":[]},{"name":"Imagen (resoluci\u00f3n m\u00ednima 1024x768)","type":"file_upload","position":1,"required":true,"title_format":"label","default":"","description_enable":false,"description":"","placeholder_enable":false,"placeholder":"","display":"select","restrictions_type":"any_text","adjust_price":false,"price":"","price_type":"quantity_based","restrictions":false,"min":"0","max":"0","options":[]}],"_links":{"self":[{"href":"https:\/\/test.imprimetresde.com\/gl\/wp-json\/wp\/v2\/product\/5247","targetHints":{"allow":["GET"]}}],"collection":[{"href":"https:\/\/test.imprimetresde.com\/gl\/wp-json\/wp\/v2\/product"}],"about":[{"href":"https:\/\/test.imprimetresde.com\/gl\/wp-json\/wp\/v2\/types\/product"}],"replies":[{"embeddable":true,"href":"https:\/\/test.imprimetresde.com\/gl\/wp-json\/wp\/v2\/comments?post=5247"}],"wp:featuredmedia":[{"embeddable":true,"href":"https:\/\/test.imprimetresde.com\/gl\/wp-json\/wp\/v2\/media\/13063"}],"wp:attachment":[{"href":"https:\/\/test.imprimetresde.com\/gl\/wp-json\/wp\/v2\/media?parent=5247"}],"wp:term":[{"taxonomy":"product_brand","embeddable":true,"href":"https:\/\/test.imprimetresde.com\/gl\/wp-json\/wp\/v2\/product_brand?post=5247"},{"taxonomy":"product_cat","embeddable":true,"href":"https:\/\/test.imprimetresde.com\/gl\/wp-json\/wp\/v2\/product_cat?post=5247"},{"taxonomy":"product_tag","embeddable":true,"href":"https:\/\/test.imprimetresde.com\/gl\/wp-json\/wp\/v2\/product_tag?post=5247"}],"curies":[{"name":"wp","href":"https:\/\/api.w.org\/{rel}","templated":true}]}}