{"id":5453,"date":"2017-05-03T18:57:03","date_gmt":"2017-05-03T17:57:03","guid":{"rendered":"https:\/\/test.imprimetresde.com\/producto\/5453\/"},"modified":"2025-09-28T02:39:34","modified_gmt":"2025-09-28T00:39:34","slug":"colar-woman-power","status":"publish","type":"product","link":"https:\/\/test.imprimetresde.com\/gl\/produto\/colar-woman-power\/","title":{"rendered":"Colar Woman Power"},"content":{"rendered":"<p>Colar Woman Power dese\u00f1ado pola equipa Imprimetresde. Podes atopar este colar co s\u00edmbolo feminista en lila, a cor que identifica mundialmente a loita feminista. Asimesmo, fixemos tam\u00e9n unha elegante versi\u00f3n en madeira, por se che presta darlle un toque especial ao teu look. Est\u00e1 feito con <a href=\"https:\/\/test.imprimetresde.com\/gl\/o-noso-material-de-impresion-o-pla-polimero-biodegradabel-procedente-de-recursos-vexetais\/\">PLA<\/a> ecol\u00f3xico.<\/p>\n<p><a href=\"https:\/\/gl.wikipedia.org\/wiki\/D%C3%ADa_Internacional_da_Muller\">8 de marzo<\/a>, D\u00eda Internacional da Muller Traballadora<\/p>\n<p><strong>Vista 3D (Click + Esquerda ou Dereita para rotar)<\/strong><\/p>\n<img data-area='' data-attr='{}' data-brake='0.23' data-clickfree='false' data-cursor='url(\"https:\/\/test.imprimetresde.com\/wp-content\/plugins\/wp-reel\/cur\/jquery.reel.cur\"),hand' data-cw='false' data-delay='0' data-directional='' data-draggable='true' data-duration='' data-entry='' data-footage='6' data-framelock='false' data-graph='' data-hint='' data-horizontal='true' data-indicator='0' data-inversed='false' data-klass='' data-lazyness='' data-monitor='' data-opening='0' data-orbital='0' data-orientable='' data-preload='fidelity' data-preloader='4' data-rebound='0.5' data-responsive='true' data-row='1' data-rows='0' data-rowlock='false' data-scrollable='true' data-shy='false' data-spacing='0' data-steppable='true' data-tempo='25' data-throwable='true' data-velocity='0' data-vertical='false' data-wheelable='true' width='575' height='311'  class='reel' data-revolution='575'  data-speed='0'  data-loops='true'  data-frames='40' data-size='' data-frame='1'   data-images='https:\/\/test.imprimetresde.com\/wp-content\/uploads\/2017\/05\/FEMIN_anim000040-opt.jpg,https:\/\/test.imprimetresde.com\/wp-content\/uploads\/2017\/05\/FEMIN_anim000001-opt.jpg,https:\/\/test.imprimetresde.com\/wp-content\/uploads\/2017\/05\/FEMIN_anim000002-opt.jpg,https:\/\/test.imprimetresde.com\/wp-content\/uploads\/2017\/05\/FEMIN_anim000003-opt.jpg,https:\/\/test.imprimetresde.com\/wp-content\/uploads\/2017\/05\/FEMIN_anim000004-opt.jpg,https:\/\/test.imprimetresde.com\/wp-content\/uploads\/2017\/05\/FEMIN_anim000005-opt.jpg,https:\/\/test.imprimetresde.com\/wp-content\/uploads\/2017\/05\/FEMIN_anim000006-opt.jpg,https:\/\/test.imprimetresde.com\/wp-content\/uploads\/2017\/05\/FEMIN_anim000007-opt.jpg,https:\/\/test.imprimetresde.com\/wp-content\/uploads\/2017\/05\/FEMIN_anim000008-opt.jpg,https:\/\/test.imprimetresde.com\/wp-content\/uploads\/2017\/05\/FEMIN_anim000009-opt.jpg,https:\/\/test.imprimetresde.com\/wp-content\/uploads\/2017\/05\/FEMIN_anim000010-opt.jpg,https:\/\/test.imprimetresde.com\/wp-content\/uploads\/2017\/05\/FEMIN_anim000011-opt.jpg,https:\/\/test.imprimetresde.com\/wp-content\/uploads\/2017\/05\/FEMIN_anim000012-opt.jpg,https:\/\/test.imprimetresde.com\/wp-content\/uploads\/2017\/05\/FEMIN_anim000013-opt.jpg,https:\/\/test.imprimetresde.com\/wp-content\/uploads\/2017\/05\/FEMIN_anim000014-opt.jpg,https:\/\/test.imprimetresde.com\/wp-content\/uploads\/2017\/05\/FEMIN_anim000015-opt.jpg,https:\/\/test.imprimetresde.com\/wp-content\/uploads\/2017\/05\/FEMIN_anim000016-opt.jpg,https:\/\/test.imprimetresde.com\/wp-content\/uploads\/2017\/05\/FEMIN_anim000017-opt.jpg,https:\/\/test.imprimetresde.com\/wp-content\/uploads\/2017\/05\/FEMIN_anim000018-opt.jpg,https:\/\/test.imprimetresde.com\/wp-content\/uploads\/2017\/05\/FEMIN_anim000019-opt.jpg,https:\/\/test.imprimetresde.com\/wp-content\/uploads\/2017\/05\/FEMIN_anim000020-opt.jpg,https:\/\/test.imprimetresde.com\/wp-content\/uploads\/2017\/05\/FEMIN_anim000021-opt.jpg,https:\/\/test.imprimetresde.com\/wp-content\/uploads\/2017\/05\/FEMIN_anim000022-opt.jpg,https:\/\/test.imprimetresde.com\/wp-content\/uploads\/2017\/05\/FEMIN_anim000023-opt.jpg,https:\/\/test.imprimetresde.com\/wp-content\/uploads\/2017\/05\/FEMIN_anim000024-opt.jpg,https:\/\/test.imprimetresde.com\/wp-content\/uploads\/2017\/05\/FEMIN_anim000025-opt.jpg,https:\/\/test.imprimetresde.com\/wp-content\/uploads\/2017\/05\/FEMIN_anim000026-opt.jpg,https:\/\/test.imprimetresde.com\/wp-content\/uploads\/2017\/05\/FEMIN_anim000027-opt.jpg,https:\/\/test.imprimetresde.com\/wp-content\/uploads\/2017\/05\/FEMIN_anim000028-opt.jpg,https:\/\/test.imprimetresde.com\/wp-content\/uploads\/2017\/05\/FEMIN_anim000029-opt.jpg,https:\/\/test.imprimetresde.com\/wp-content\/uploads\/2017\/05\/FEMIN_anim000030-opt.jpg,https:\/\/test.imprimetresde.com\/wp-content\/uploads\/2017\/05\/FEMIN_anim000031-opt.jpg,https:\/\/test.imprimetresde.com\/wp-content\/uploads\/2017\/05\/FEMIN_anim000032-opt.jpg,https:\/\/test.imprimetresde.com\/wp-content\/uploads\/2017\/05\/FEMIN_anim000033-opt.jpg,https:\/\/test.imprimetresde.com\/wp-content\/uploads\/2017\/05\/FEMIN_anim000034-opt.jpg,https:\/\/test.imprimetresde.com\/wp-content\/uploads\/2017\/05\/FEMIN_anim000035-opt.jpg,https:\/\/test.imprimetresde.com\/wp-content\/uploads\/2017\/05\/FEMIN_anim000036-opt.jpg,https:\/\/test.imprimetresde.com\/wp-content\/uploads\/2017\/05\/FEMIN_anim000037-opt.jpg,https:\/\/test.imprimetresde.com\/wp-content\/uploads\/2017\/05\/FEMIN_anim000038-opt.jpg,https:\/\/test.imprimetresde.com\/wp-content\/uploads\/2017\/05\/FEMIN_anim000039-opt.jpg' src='https:\/\/test.imprimetresde.com\/wp-content\/uploads\/2017\/05\/FEMIN_anim000040-opt.jpg' >\n<p>&nbsp;<\/p>\n","protected":false},"excerpt":{"rendered":"<p>Colar Woman Power, dese\u00f1ado pola equipa Imprimetresde. Podes atopar este colar co s\u00edmbolo feminista en lila, a cor que identifica mundialmente a loita feminista. Asimesmo, fixemos tam\u00e9n unha elegante versi\u00f3n en madeira, por se che presta darlle un toque especial ao teu look.<\/p>\n","protected":false},"featured_media":8846,"comment_status":"open","ping_status":"closed","template":"","meta":{"_vp_format_video_url":"","_vp_image_focal_point":[]},"product_brand":[],"product_cat":[421,1312,315,316],"product_tag":[970,541,358,357,354,356,1441,355],"class_list":{"0":"post-5453","1":"product","2":"type-product","3":"status-publish","4":"has-post-thumbnail","6":"product_cat-activismo","7":"product_cat-colgantes-gl","8":"product_cat-complementos-gl","9":"product_cat-cultura-gl","10":"product_tag-25n","11":"product_tag-8m","12":"product_tag-colgante-gl","13":"product_tag-feminismo-gl","14":"product_tag-feminista-gl","15":"product_tag-lila-gl","16":"product_tag-mulleres-gl","17":"product_tag-woman-power-gl","19":"first","20":"instock","21":"sale","22":"taxable","23":"shipping-taxable","24":"purchasable","25":"product-type-simple"},"exclude_global_add_ons":true,"addons":[{"name":"Material","type":"multiple_choice","position":0,"required":true,"title_format":"heading","default":"","description_enable":true,"description":"Material de acabado do colgante ","placeholder_enable":false,"placeholder":"","display":"select","restrictions_type":"any_text","adjust_price":false,"price":"","price_type":"flat_fee","restrictions":false,"min":"0","max":"0","options":[{"label":"PLA Lil\u00e1","price":"","price_type":"quantity_based","image":0,"visibility":true},{"label":"Madeira","price":"","price_type":"quantity_based","image":0,"visibility":true}]}],"_links":{"self":[{"href":"https:\/\/test.imprimetresde.com\/gl\/wp-json\/wp\/v2\/product\/5453","targetHints":{"allow":["GET"]}}],"collection":[{"href":"https:\/\/test.imprimetresde.com\/gl\/wp-json\/wp\/v2\/product"}],"about":[{"href":"https:\/\/test.imprimetresde.com\/gl\/wp-json\/wp\/v2\/types\/product"}],"replies":[{"embeddable":true,"href":"https:\/\/test.imprimetresde.com\/gl\/wp-json\/wp\/v2\/comments?post=5453"}],"wp:featuredmedia":[{"embeddable":true,"href":"https:\/\/test.imprimetresde.com\/gl\/wp-json\/wp\/v2\/media\/8846"}],"wp:attachment":[{"href":"https:\/\/test.imprimetresde.com\/gl\/wp-json\/wp\/v2\/media?parent=5453"}],"wp:term":[{"taxonomy":"product_brand","embeddable":true,"href":"https:\/\/test.imprimetresde.com\/gl\/wp-json\/wp\/v2\/product_brand?post=5453"},{"taxonomy":"product_cat","embeddable":true,"href":"https:\/\/test.imprimetresde.com\/gl\/wp-json\/wp\/v2\/product_cat?post=5453"},{"taxonomy":"product_tag","embeddable":true,"href":"https:\/\/test.imprimetresde.com\/gl\/wp-json\/wp\/v2\/product_tag?post=5453"}],"curies":[{"name":"wp","href":"https:\/\/api.w.org\/{rel}","templated":true}]}}