{"id":5485,"date":"2017-06-28T17:26:10","date_gmt":"2017-06-28T15:26:10","guid":{"rendered":"https:\/\/test.imprimetresde.com\/?post_type=product&#038;p=5485\/"},"modified":"2025-03-11T18:11:53","modified_gmt":"2025-03-11T16:11:53","slug":"broche-lgtbi-power","status":"publish","type":"product","link":"https:\/\/test.imprimetresde.com\/gl\/produto\/broche-lgtbi-power\/","title":{"rendered":"Broche LGTBI Power"},"content":{"rendered":"<p>Broche LGTBI Power dese\u00f1o do equipo <a href=\"https:\/\/test.imprimetresde.com\">Imprimetresde<\/a> para visibilizar a loita do <a href=\"https:\/\/gl.wikipedia.org\/wiki\/LGTB\">movemento LGBTI<\/a>, movemento social e pol\u00edtico que loita contra a discriminaci\u00f3n e a homofobia, e a favor da equiparaci\u00f3n e reco\u00f1ecemento de dereitos das persoas lesbianas, gais, bisexuais, transx\u00e9neros e transexuais.<\/p>\n<p>&nbsp;<\/p>\n<p><strong>Vista 3D (Click + Esquerda ou Dereita para rotar)<\/strong><\/p>\n<img data-area='' data-attr='{}' data-brake='0.23' data-clickfree='false' data-cursor='url(\"https:\/\/test.imprimetresde.com\/wp-content\/plugins\/wp-reel\/cur\/jquery.reel.cur\"),hand' data-cw='false' data-delay='0' data-directional='' data-draggable='true' data-duration='' data-entry='' data-footage='6' data-framelock='false' data-graph='' data-hint='' data-horizontal='true' data-indicator='0' data-inversed='false' data-klass='' data-lazyness='' data-monitor='' data-opening='0' data-orbital='0' data-orientable='' data-preload='fidelity' data-preloader='4' data-rebound='0.5' data-responsive='true' data-row='1' data-rows='0' data-rowlock='false' data-scrollable='true' data-shy='false' data-spacing='0' data-steppable='true' data-tempo='25' data-throwable='true' data-velocity='0' data-vertical='false' data-wheelable='true' width='575' height='311'  class='reel' data-revolution='575'  data-speed='0'  data-loops='true'  data-frames='40' data-size='' data-frame='1'   data-images='https:\/\/test.imprimetresde.com\/wp-content\/uploads\/2017\/06\/Punho_anim000001.jpg,https:\/\/test.imprimetresde.com\/wp-content\/uploads\/2017\/06\/Punho_anim000002.jpg,https:\/\/test.imprimetresde.com\/wp-content\/uploads\/2017\/06\/Punho_anim000003.jpg,https:\/\/test.imprimetresde.com\/wp-content\/uploads\/2017\/06\/Punho_anim000004.jpg,https:\/\/test.imprimetresde.com\/wp-content\/uploads\/2017\/06\/Punho_anim000005.jpg,https:\/\/test.imprimetresde.com\/wp-content\/uploads\/2017\/06\/Punho_anim000006.jpg,https:\/\/test.imprimetresde.com\/wp-content\/uploads\/2017\/06\/Punho_anim000007.jpg,https:\/\/test.imprimetresde.com\/wp-content\/uploads\/2017\/06\/Punho_anim000008.jpg,https:\/\/test.imprimetresde.com\/wp-content\/uploads\/2017\/06\/Punho_anim000009.jpg,https:\/\/test.imprimetresde.com\/wp-content\/uploads\/2017\/06\/Punho_anim000010.jpg,https:\/\/test.imprimetresde.com\/wp-content\/uploads\/2017\/06\/Punho_anim000011.jpg,https:\/\/test.imprimetresde.com\/wp-content\/uploads\/2017\/06\/Punho_anim000012.jpg,https:\/\/test.imprimetresde.com\/wp-content\/uploads\/2017\/06\/Punho_anim000013.jpg,https:\/\/test.imprimetresde.com\/wp-content\/uploads\/2017\/06\/Punho_anim000014.jpg,https:\/\/test.imprimetresde.com\/wp-content\/uploads\/2017\/06\/Punho_anim000015.jpg,https:\/\/test.imprimetresde.com\/wp-content\/uploads\/2017\/06\/Punho_anim000016.jpg,https:\/\/test.imprimetresde.com\/wp-content\/uploads\/2017\/06\/Punho_anim000017.jpg,https:\/\/test.imprimetresde.com\/wp-content\/uploads\/2017\/06\/Punho_anim000018.jpg,https:\/\/test.imprimetresde.com\/wp-content\/uploads\/2017\/06\/Punho_anim000019.jpg,https:\/\/test.imprimetresde.com\/wp-content\/uploads\/2017\/06\/Punho_anim000020.jpg,https:\/\/test.imprimetresde.com\/wp-content\/uploads\/2017\/06\/Punho_anim000021.jpg,https:\/\/test.imprimetresde.com\/wp-content\/uploads\/2017\/06\/Punho_anim000022.jpg,https:\/\/test.imprimetresde.com\/wp-content\/uploads\/2017\/06\/Punho_anim000023.jpg,https:\/\/test.imprimetresde.com\/wp-content\/uploads\/2017\/06\/Punho_anim000024.jpg,https:\/\/test.imprimetresde.com\/wp-content\/uploads\/2017\/06\/Punho_anim000025.jpg,https:\/\/test.imprimetresde.com\/wp-content\/uploads\/2017\/06\/Punho_anim000026.jpg,https:\/\/test.imprimetresde.com\/wp-content\/uploads\/2017\/06\/Punho_anim000027.jpg,https:\/\/test.imprimetresde.com\/wp-content\/uploads\/2017\/06\/Punho_anim000028.jpg,https:\/\/test.imprimetresde.com\/wp-content\/uploads\/2017\/06\/Punho_anim000029.jpg,https:\/\/test.imprimetresde.com\/wp-content\/uploads\/2017\/06\/Punho_anim000030.jpg,https:\/\/test.imprimetresde.com\/wp-content\/uploads\/2017\/06\/Punho_anim000031.jpg,https:\/\/test.imprimetresde.com\/wp-content\/uploads\/2017\/06\/Punho_anim000032.jpg,https:\/\/test.imprimetresde.com\/wp-content\/uploads\/2017\/06\/Punho_anim000033.jpg,https:\/\/test.imprimetresde.com\/wp-content\/uploads\/2017\/06\/Punho_anim000034.jpg,https:\/\/test.imprimetresde.com\/wp-content\/uploads\/2017\/06\/Punho_anim000035.jpg,https:\/\/test.imprimetresde.com\/wp-content\/uploads\/2017\/06\/Punho_anim000036.jpg,https:\/\/test.imprimetresde.com\/wp-content\/uploads\/2017\/06\/Punho_anim000037.jpg,https:\/\/test.imprimetresde.com\/wp-content\/uploads\/2017\/06\/Punho_anim000038.jpg,https:\/\/test.imprimetresde.com\/wp-content\/uploads\/2017\/06\/Punho_anim000039.jpg,https:\/\/test.imprimetresde.com\/wp-content\/uploads\/2017\/06\/Punho_anim000040.jpg' src='https:\/\/test.imprimetresde.com\/wp-content\/uploads\/2017\/06\/Punho_anim000001.jpg' >\n<p>&nbsp;<\/p>\n","protected":false},"excerpt":{"rendered":"<p>Broche LGTBI Power dese\u00f1o do equipo <a href=\"https:\/\/test.imprimetresde.com\">Imprimetresde<\/a> para visibilizar a loita do movemento LGBTI, movemento social e pol\u00edtico que loita contra a discriminaci\u00f3n e a homofobia.<\/p>\n<p>&nbsp;<\/p>\n","protected":false},"featured_media":5663,"comment_status":"open","ping_status":"closed","template":"","meta":{"_vp_format_video_url":"","_vp_image_focal_point":[]},"product_brand":[],"product_cat":[315],"product_tag":[366,365,1114,466,1115,362,1799,363,360,1794,361,1786,364,1797],"class_list":{"0":"post-5485","1":"product","2":"type-product","3":"status-publish","4":"has-post-thumbnail","6":"product_cat-complementos-gl","7":"product_tag-bisexual","8":"product_tag-broche","9":"product_tag-dia-da-nai","10":"product_tag-dia-do-orgullo","11":"product_tag-dia-do-pai","12":"product_tag-gay","13":"product_tag-homobofia","14":"product_tag-lesbiana","15":"product_tag-lgtbi","16":"product_tag-manifestacion-gl","17":"product_tag-orgullo-lgtbi","18":"product_tag-pride-gl","19":"product_tag-transexual","20":"product_tag-transfobia-gl","22":"first","23":"instock","24":"taxable","25":"shipping-taxable","26":"purchasable","27":"product-type-simple"},"exclude_global_add_ons":[],"addons":[],"_links":{"self":[{"href":"https:\/\/test.imprimetresde.com\/gl\/wp-json\/wp\/v2\/product\/5485","targetHints":{"allow":["GET"]}}],"collection":[{"href":"https:\/\/test.imprimetresde.com\/gl\/wp-json\/wp\/v2\/product"}],"about":[{"href":"https:\/\/test.imprimetresde.com\/gl\/wp-json\/wp\/v2\/types\/product"}],"replies":[{"embeddable":true,"href":"https:\/\/test.imprimetresde.com\/gl\/wp-json\/wp\/v2\/comments?post=5485"}],"wp:featuredmedia":[{"embeddable":true,"href":"https:\/\/test.imprimetresde.com\/gl\/wp-json\/wp\/v2\/media\/5663"}],"wp:attachment":[{"href":"https:\/\/test.imprimetresde.com\/gl\/wp-json\/wp\/v2\/media?parent=5485"}],"wp:term":[{"taxonomy":"product_brand","embeddable":true,"href":"https:\/\/test.imprimetresde.com\/gl\/wp-json\/wp\/v2\/product_brand?post=5485"},{"taxonomy":"product_cat","embeddable":true,"href":"https:\/\/test.imprimetresde.com\/gl\/wp-json\/wp\/v2\/product_cat?post=5485"},{"taxonomy":"product_tag","embeddable":true,"href":"https:\/\/test.imprimetresde.com\/gl\/wp-json\/wp\/v2\/product_tag?post=5485"}],"curies":[{"name":"wp","href":"https:\/\/api.w.org\/{rel}","templated":true}]}}