{"id":5673,"date":"2017-06-30T12:44:45","date_gmt":"2017-06-30T11:44:45","guid":{"rendered":"https:\/\/test.imprimetresde.com\/producto\/chaveiro-lgtbi-power\/"},"modified":"2024-10-08T14:41:39","modified_gmt":"2024-10-08T12:41:39","slug":"chaveiro-lgtbi-power","status":"publish","type":"product","link":"https:\/\/test.imprimetresde.com\/gl\/produto\/chaveiro-lgtbi-power\/","title":{"rendered":"Chaveiro LGTBI Power"},"content":{"rendered":"<p>Chaveiro LGTBI Power dese\u00f1o de Imprimetresde para visibilizar a loita do movemento LGBTI, movemento social e pol\u00edtico que loita contra a discriminaci\u00f3n e a homofobia, e a favor da equiparaci\u00f3n e reco\u00f1ecemento de dereitos das persoas lesbianas, gais, bisexuais, transx\u00e9neros e transexuais.&nbsp;<\/p>\n<p>*O material no que est\u00e1 realizado \u00e9 PLA, material procedente de materia vexetal, biodegrad\u00e1bel, non t\u00f3xico e ecol\u00f3xico.<\/p>\n<p><strong>Vista 3D (Click + Esquerda ou Dereita para rotar)<\/strong><\/p>\n<div class=\"wpview wpview-wrap\" data-wpview-text=\"%5Bgallery%20reel%3D%221%22%20responsive%3D%22true%22%20ids%3D%225486%2C5488%2C5490%2C5492%2C5494%2C5496%2C5498%2C5500%2C5502%2C5504%2C5506%2C5508%2C5510%2C5512%2C5514%2C5516%2C5518%2C5520%2C5522%2C5524%2C5526%2C5528%2C5530%2C5532%2C5534%2C5536%2C5538%2C5540%2C5542%2C5544%2C5546%2C5548%2C5550%2C5552%2C5554%2C5556%2C5558%2C5560%2C5562%2C5564%22%5D\" data-wpview-type=\"gallery\" contenteditable=\"false\">\n<div class=\"gallery gallery-columns-3\">\n<dl class=\"gallery-item\">\n<dt class=\"gallery-icon\">\n<p>\t\t\t\t\t\t\t\t<img decoding=\"async\" src=\"https:\/\/test.imprimetresde.com\/wp-content\/uploads\/2017\/06\/Punho_anim000001-150x150.jpg\" width=\"150\" height=\"150\" alt=\"\"><\/p>\n<\/dt>\n<\/dl>\n<dl class=\"gallery-item\">\n<dt class=\"gallery-icon\">\n<p>\t\t\t\t\t\t\t\t<img decoding=\"async\" src=\"https:\/\/test.imprimetresde.com\/wp-content\/uploads\/2017\/06\/Punho_anim000002-150x150.jpg\" width=\"150\" height=\"150\" alt=\"\"><\/p>\n<\/dt>\n<\/dl>\n<dl class=\"gallery-item\">\n<dt class=\"gallery-icon\">\n<p>\t\t\t\t\t\t\t\t<img decoding=\"async\" src=\"https:\/\/test.imprimetresde.com\/wp-content\/uploads\/2017\/06\/Punho_anim000003-150x150.jpg\" width=\"150\" height=\"150\" alt=\"\"><\/p>\n<\/dt>\n<\/dl>\n<p>\t\t\t\t\t\t<br style=\"clear: both;\"><\/p>\n<dl class=\"gallery-item\">\n<dt class=\"gallery-icon\">\n<p>\t\t\t\t\t\t\t\t<img decoding=\"async\" src=\"https:\/\/test.imprimetresde.com\/wp-content\/uploads\/2017\/06\/Punho_anim000004-150x150.jpg\" width=\"150\" height=\"150\" alt=\"\"><\/p>\n<\/dt>\n<\/dl>\n<dl class=\"gallery-item\">\n<dt class=\"gallery-icon\">\n<p>\t\t\t\t\t\t\t\t<img decoding=\"async\" src=\"https:\/\/test.imprimetresde.com\/wp-content\/uploads\/2017\/06\/Punho_anim000005-150x150.jpg\" width=\"150\" height=\"150\" alt=\"\"><\/p>\n<\/dt>\n<\/dl>\n<dl class=\"gallery-item\">\n<dt class=\"gallery-icon\">\n<p>\t\t\t\t\t\t\t\t<img decoding=\"async\" src=\"https:\/\/test.imprimetresde.com\/wp-content\/uploads\/2017\/06\/Punho_anim000006-150x150.jpg\" width=\"150\" height=\"150\" alt=\"\"><\/p>\n<\/dt>\n<\/dl>\n<p>\t\t\t\t\t\t<br style=\"clear: both;\"><\/p>\n<dl class=\"gallery-item\">\n<dt class=\"gallery-icon\">\n<p>\t\t\t\t\t\t\t\t<img decoding=\"async\" src=\"https:\/\/test.imprimetresde.com\/wp-content\/uploads\/2017\/06\/Punho_anim000007-150x150.jpg\" width=\"150\" height=\"150\" alt=\"\"><\/p>\n<\/dt>\n<\/dl>\n<dl class=\"gallery-item\">\n<dt class=\"gallery-icon\">\n<p>\t\t\t\t\t\t\t\t<img decoding=\"async\" src=\"https:\/\/test.imprimetresde.com\/wp-content\/uploads\/2017\/06\/Punho_anim000008-150x150.jpg\" width=\"150\" height=\"150\" alt=\"\"><\/p>\n<\/dt>\n<\/dl>\n<dl class=\"gallery-item\">\n<dt class=\"gallery-icon\">\n<p>\t\t\t\t\t\t\t\t<img decoding=\"async\" src=\"https:\/\/test.imprimetresde.com\/wp-content\/uploads\/2017\/06\/Punho_anim000009-150x150.jpg\" width=\"150\" height=\"150\" alt=\"\"><\/p>\n<\/dt>\n<\/dl>\n<p>\t\t\t\t\t\t<br style=\"clear: both;\"><\/p>\n<dl class=\"gallery-item\">\n<dt class=\"gallery-icon\">\n<p>\t\t\t\t\t\t\t\t<img decoding=\"async\" src=\"https:\/\/test.imprimetresde.com\/wp-content\/uploads\/2017\/06\/Punho_anim000010-150x150.jpg\" width=\"150\" height=\"150\" alt=\"\"><\/p>\n<\/dt>\n<\/dl>\n<dl class=\"gallery-item\">\n<dt class=\"gallery-icon\">\n<p>\t\t\t\t\t\t\t\t<img decoding=\"async\" src=\"https:\/\/test.imprimetresde.com\/wp-content\/uploads\/2017\/06\/Punho_anim000011-150x150.jpg\" width=\"150\" height=\"150\" alt=\"\"><\/p>\n<\/dt>\n<\/dl>\n<dl class=\"gallery-item\">\n<dt class=\"gallery-icon\">\n<p>\t\t\t\t\t\t\t\t<img decoding=\"async\" src=\"https:\/\/test.imprimetresde.com\/wp-content\/uploads\/2017\/06\/Punho_anim000012-150x150.jpg\" width=\"150\" height=\"150\" alt=\"\"><\/p>\n<\/dt>\n<\/dl>\n<p>\t\t\t\t\t\t<br style=\"clear: both;\"><\/p>\n<dl class=\"gallery-item\">\n<dt class=\"gallery-icon\">\n<p>\t\t\t\t\t\t\t\t<img decoding=\"async\" src=\"https:\/\/test.imprimetresde.com\/wp-content\/uploads\/2017\/06\/Punho_anim000013-150x150.jpg\" width=\"150\" height=\"150\" alt=\"\"><\/p>\n<\/dt>\n<\/dl>\n<dl class=\"gallery-item\">\n<dt class=\"gallery-icon\">\n<p>\t\t\t\t\t\t\t\t<img decoding=\"async\" src=\"https:\/\/test.imprimetresde.com\/wp-content\/uploads\/2017\/06\/Punho_anim000014-150x150.jpg\" width=\"150\" height=\"150\" alt=\"\"><\/p>\n<\/dt>\n<\/dl>\n<dl class=\"gallery-item\">\n<dt class=\"gallery-icon\">\n<p>\t\t\t\t\t\t\t\t<img decoding=\"async\" src=\"https:\/\/test.imprimetresde.com\/wp-content\/uploads\/2017\/06\/Punho_anim000015-150x150.jpg\" width=\"150\" height=\"150\" alt=\"\"><\/p>\n<\/dt>\n<\/dl>\n<p>\t\t\t\t\t\t<br style=\"clear: both;\"><\/p>\n<dl class=\"gallery-item\">\n<dt class=\"gallery-icon\">\n<p>\t\t\t\t\t\t\t\t<img decoding=\"async\" src=\"https:\/\/test.imprimetresde.com\/wp-content\/uploads\/2017\/06\/Punho_anim000016-150x150.jpg\" width=\"150\" height=\"150\" alt=\"\"><\/p>\n<\/dt>\n<\/dl>\n<dl class=\"gallery-item\">\n<dt class=\"gallery-icon\">\n<p>\t\t\t\t\t\t\t\t<img decoding=\"async\" src=\"https:\/\/test.imprimetresde.com\/wp-content\/uploads\/2017\/06\/Punho_anim000017-150x150.jpg\" width=\"150\" height=\"150\" alt=\"\"><\/p>\n<\/dt>\n<\/dl>\n<dl class=\"gallery-item\">\n<dt class=\"gallery-icon\">\n<p>\t\t\t\t\t\t\t\t<img decoding=\"async\" src=\"https:\/\/test.imprimetresde.com\/wp-content\/uploads\/2017\/06\/Punho_anim000018-150x150.jpg\" width=\"150\" height=\"150\" alt=\"\"><\/p>\n<\/dt>\n<\/dl>\n<p>\t\t\t\t\t\t<br style=\"clear: both;\"><\/p>\n<dl class=\"gallery-item\">\n<dt class=\"gallery-icon\">\n<p>\t\t\t\t\t\t\t\t<img decoding=\"async\" src=\"https:\/\/test.imprimetresde.com\/wp-content\/uploads\/2017\/06\/Punho_anim000019-150x150.jpg\" width=\"150\" height=\"150\" alt=\"\"><\/p>\n<\/dt>\n<\/dl>\n<dl class=\"gallery-item\">\n<dt class=\"gallery-icon\">\n<p>\t\t\t\t\t\t\t\t<img decoding=\"async\" src=\"https:\/\/test.imprimetresde.com\/wp-content\/uploads\/2017\/06\/Punho_anim000020-150x150.jpg\" width=\"150\" height=\"150\" alt=\"\"><\/p>\n<\/dt>\n<\/dl>\n<dl class=\"gallery-item\">\n<dt class=\"gallery-icon\">\n<p>\t\t\t\t\t\t\t\t<img decoding=\"async\" src=\"https:\/\/test.imprimetresde.com\/wp-content\/uploads\/2017\/06\/Punho_anim000021-150x150.jpg\" width=\"150\" height=\"150\" alt=\"\"><\/p>\n<\/dt>\n<\/dl>\n<p>\t\t\t\t\t\t<br style=\"clear: both;\"><\/p>\n<dl class=\"gallery-item\">\n<dt class=\"gallery-icon\">\n<p>\t\t\t\t\t\t\t\t<img decoding=\"async\" src=\"https:\/\/test.imprimetresde.com\/wp-content\/uploads\/2017\/06\/Punho_anim000022-150x150.jpg\" width=\"150\" height=\"150\" alt=\"\"><\/p>\n<\/dt>\n<\/dl>\n<dl class=\"gallery-item\">\n<dt class=\"gallery-icon\">\n<p>\t\t\t\t\t\t\t\t<img decoding=\"async\" src=\"https:\/\/test.imprimetresde.com\/wp-content\/uploads\/2017\/06\/Punho_anim000023-150x150.jpg\" width=\"150\" height=\"150\" alt=\"\"><\/p>\n<\/dt>\n<\/dl>\n<dl class=\"gallery-item\">\n<dt class=\"gallery-icon\">\n<p>\t\t\t\t\t\t\t\t<img decoding=\"async\" src=\"https:\/\/test.imprimetresde.com\/wp-content\/uploads\/2017\/06\/Punho_anim000024-150x150.jpg\" width=\"150\" height=\"150\" alt=\"\"><\/p>\n<\/dt>\n<\/dl>\n<p>\t\t\t\t\t\t<br style=\"clear: both;\"><\/p>\n<dl class=\"gallery-item\">\n<dt class=\"gallery-icon\">\n<p>\t\t\t\t\t\t\t\t<img decoding=\"async\" src=\"https:\/\/test.imprimetresde.com\/wp-content\/uploads\/2017\/06\/Punho_anim000025-150x150.jpg\" width=\"150\" height=\"150\" alt=\"\"><\/p>\n<\/dt>\n<\/dl>\n<dl class=\"gallery-item\">\n<dt class=\"gallery-icon\">\n<p>\t\t\t\t\t\t\t\t<img decoding=\"async\" src=\"https:\/\/test.imprimetresde.com\/wp-content\/uploads\/2017\/06\/Punho_anim000026-150x150.jpg\" width=\"150\" height=\"150\" alt=\"\"><\/p>\n<\/dt>\n<\/dl>\n<dl class=\"gallery-item\">\n<dt class=\"gallery-icon\">\n<p>\t\t\t\t\t\t\t\t<img decoding=\"async\" src=\"https:\/\/test.imprimetresde.com\/wp-content\/uploads\/2017\/06\/Punho_anim000027-150x150.jpg\" width=\"150\" height=\"150\" alt=\"\"><\/p>\n<\/dt>\n<\/dl>\n<p>\t\t\t\t\t\t<br style=\"clear: both;\"><\/p>\n<dl class=\"gallery-item\">\n<dt class=\"gallery-icon\">\n<p>\t\t\t\t\t\t\t\t<img decoding=\"async\" src=\"https:\/\/test.imprimetresde.com\/wp-content\/uploads\/2017\/06\/Punho_anim000028-150x150.jpg\" width=\"150\" height=\"150\" alt=\"\"><\/p>\n<\/dt>\n<\/dl>\n<dl class=\"gallery-item\">\n<dt class=\"gallery-icon\">\n<p>\t\t\t\t\t\t\t\t<img decoding=\"async\" src=\"https:\/\/test.imprimetresde.com\/wp-content\/uploads\/2017\/06\/Punho_anim000029-150x150.jpg\" width=\"150\" height=\"150\" alt=\"\"><\/p>\n<\/dt>\n<\/dl>\n<dl class=\"gallery-item\">\n<dt class=\"gallery-icon\">\n<p>\t\t\t\t\t\t\t\t<img decoding=\"async\" src=\"https:\/\/test.imprimetresde.com\/wp-content\/uploads\/2017\/06\/Punho_anim000030-150x150.jpg\" width=\"150\" height=\"150\" alt=\"\"><\/p>\n<\/dt>\n<\/dl>\n<p>\t\t\t\t\t\t<br style=\"clear: both;\"><\/p>\n<dl class=\"gallery-item\">\n<dt class=\"gallery-icon\">\n<p>\t\t\t\t\t\t\t\t<img decoding=\"async\" src=\"https:\/\/test.imprimetresde.com\/wp-content\/uploads\/2017\/06\/Punho_anim000031-150x150.jpg\" width=\"150\" height=\"150\" alt=\"\"><\/p>\n<\/dt>\n<\/dl>\n<dl class=\"gallery-item\">\n<dt class=\"gallery-icon\">\n<p>\t\t\t\t\t\t\t\t<img decoding=\"async\" src=\"https:\/\/test.imprimetresde.com\/wp-content\/uploads\/2017\/06\/Punho_anim000032-150x150.jpg\" width=\"150\" height=\"150\" alt=\"\"><\/p>\n<\/dt>\n<\/dl>\n<dl class=\"gallery-item\">\n<dt class=\"gallery-icon\">\n<p>\t\t\t\t\t\t\t\t<img decoding=\"async\" src=\"https:\/\/test.imprimetresde.com\/wp-content\/uploads\/2017\/06\/Punho_anim000033-150x150.jpg\" width=\"150\" height=\"150\" alt=\"\"><\/p>\n<\/dt>\n<\/dl>\n<p>\t\t\t\t\t\t<br style=\"clear: both;\"><\/p>\n<dl class=\"gallery-item\">\n<dt class=\"gallery-icon\">\n<p>\t\t\t\t\t\t\t\t<img decoding=\"async\" src=\"https:\/\/test.imprimetresde.com\/wp-content\/uploads\/2017\/06\/Punho_anim000034-150x150.jpg\" width=\"150\" height=\"150\" alt=\"\"><\/p>\n<\/dt>\n<\/dl>\n<dl class=\"gallery-item\">\n<dt class=\"gallery-icon\">\n<p>\t\t\t\t\t\t\t\t<img decoding=\"async\" src=\"https:\/\/test.imprimetresde.com\/wp-content\/uploads\/2017\/06\/Punho_anim000035-150x150.jpg\" width=\"150\" height=\"150\" alt=\"\"><\/p>\n<\/dt>\n<\/dl>\n<dl class=\"gallery-item\">\n<dt class=\"gallery-icon\">\n<p>\t\t\t\t\t\t\t\t<img decoding=\"async\" src=\"https:\/\/test.imprimetresde.com\/wp-content\/uploads\/2017\/06\/Punho_anim000036-150x150.jpg\" width=\"150\" height=\"150\" alt=\"\"><\/p>\n<\/dt>\n<\/dl>\n<p>\t\t\t\t\t\t<br style=\"clear: both;\"><\/p>\n<dl class=\"gallery-item\">\n<dt class=\"gallery-icon\">\n<p>\t\t\t\t\t\t\t\t<img decoding=\"async\" src=\"https:\/\/test.imprimetresde.com\/wp-content\/uploads\/2017\/06\/Punho_anim000037-150x150.jpg\" width=\"150\" height=\"150\" alt=\"\"><\/p>\n<\/dt>\n<\/dl>\n<dl class=\"gallery-item\">\n<dt class=\"gallery-icon\">\n<p>\t\t\t\t\t\t\t\t<img decoding=\"async\" src=\"https:\/\/test.imprimetresde.com\/wp-content\/uploads\/2017\/06\/Punho_anim000038-150x150.jpg\" width=\"150\" height=\"150\" alt=\"\"><\/p>\n<\/dt>\n<\/dl>\n<dl class=\"gallery-item\">\n<dt class=\"gallery-icon\">\n<p>\t\t\t\t\t\t\t\t<img decoding=\"async\" src=\"https:\/\/test.imprimetresde.com\/wp-content\/uploads\/2017\/06\/Punho_anim000039-150x150.jpg\" width=\"150\" height=\"150\" alt=\"\"><\/p>\n<\/dt>\n<\/dl>\n<p>\t\t\t\t\t\t<br style=\"clear: both;\"><\/p>\n<dl class=\"gallery-item\">\n<dt class=\"gallery-icon\">\n<p>\t\t\t\t\t\t\t\t<img decoding=\"async\" src=\"https:\/\/test.imprimetresde.com\/wp-content\/uploads\/2017\/06\/Punho_anim000040-150x150.jpg\" width=\"150\" height=\"150\" alt=\"\"><\/p>\n<\/dt>\n<\/dl><\/div>\n<p>\t<span class=\"wpview-end\"><\/span><\/div>\n<p><\/p><\/p>\n","protected":false},"excerpt":{"rendered":"<p>Chaveiro LGTBI Power dese\u00f1o de Imprimetresde para visibilizar a loita do movemento LGBTI, movemento social e pol\u00edtico que loita contra a discriminaci\u00f3n e a homofobia.<\/p>\n","protected":false},"featured_media":5669,"comment_status":"open","ping_status":"closed","template":"","meta":{"_vp_format_video_url":"","_vp_image_focal_point":[]},"product_brand":[],"product_cat":[421,315],"product_tag":[366,256,376,1795,1796,363,1794,1798,1786,1793,364,1797],"class_list":{"0":"post-5673","1":"product","2":"type-product","3":"status-publish","4":"has-post-thumbnail","6":"product_cat-activismo","7":"product_cat-complementos-gl","8":"product_tag-bisexual","9":"product_tag-chaveiro","10":"product_tag-chaveiro-lgtbi","11":"product_tag-dereitos","12":"product_tag-homofobia-gl","13":"product_tag-lesbiana","14":"product_tag-manifestacion-gl","15":"product_tag-orgullo-gl","16":"product_tag-pride-gl","17":"product_tag-puno-gl","18":"product_tag-transexual","19":"product_tag-transfobia-gl","21":"first","22":"instock","23":"taxable","24":"shipping-taxable","25":"purchasable","26":"product-type-simple"},"exclude_global_add_ons":[],"addons":[],"_links":{"self":[{"href":"https:\/\/test.imprimetresde.com\/gl\/wp-json\/wp\/v2\/product\/5673","targetHints":{"allow":["GET"]}}],"collection":[{"href":"https:\/\/test.imprimetresde.com\/gl\/wp-json\/wp\/v2\/product"}],"about":[{"href":"https:\/\/test.imprimetresde.com\/gl\/wp-json\/wp\/v2\/types\/product"}],"replies":[{"embeddable":true,"href":"https:\/\/test.imprimetresde.com\/gl\/wp-json\/wp\/v2\/comments?post=5673"}],"wp:featuredmedia":[{"embeddable":true,"href":"https:\/\/test.imprimetresde.com\/gl\/wp-json\/wp\/v2\/media\/5669"}],"wp:attachment":[{"href":"https:\/\/test.imprimetresde.com\/gl\/wp-json\/wp\/v2\/media?parent=5673"}],"wp:term":[{"taxonomy":"product_brand","embeddable":true,"href":"https:\/\/test.imprimetresde.com\/gl\/wp-json\/wp\/v2\/product_brand?post=5673"},{"taxonomy":"product_cat","embeddable":true,"href":"https:\/\/test.imprimetresde.com\/gl\/wp-json\/wp\/v2\/product_cat?post=5673"},{"taxonomy":"product_tag","embeddable":true,"href":"https:\/\/test.imprimetresde.com\/gl\/wp-json\/wp\/v2\/product_tag?post=5673"}],"curies":[{"name":"wp","href":"https:\/\/api.w.org\/{rel}","templated":true}]}}