{"id":5810,"date":"2017-10-24T17:09:31","date_gmt":"2017-10-24T17:09:31","guid":{"rendered":"https:\/\/test.imprimetresde.com\/?post_type=product&#038;p=5810\/"},"modified":"2025-04-04T00:55:36","modified_gmt":"2025-04-03T22:55:36","slug":"colgante-xerra","status":"publish","type":"product","link":"https:\/\/test.imprimetresde.com\/gl\/produto\/colgante-xerra\/","title":{"rendered":"Colar Xerra"},"content":{"rendered":"<p>Colar <a href=\"https:\/\/gl.wikipedia.org\/wiki\/Xerra\">Xerra<\/a> dese\u00f1ada pola equipa de <a href=\"https:\/\/test.imprimetresde.com\">Imprimetresde<\/a>, podes atopar esta orixinal xerra inspirada nas tradicionais xerras de vi\u00f1o empregadas en Galiza.\u00a0 Especialmente relevante \u00e9 que disp\u00f3n cadea de metal para darlle o toque m\u00e1is enxebre ao teu look!<\/p>\n<p>*O material no que est\u00e1 realizado \u00e9 PLA, material procedente de materia vexetal, biodegrad\u00e1bel, non t\u00f3xico e ecol\u00f3xico<\/p>\n","protected":false},"excerpt":{"rendered":"<p>Colar <a href=\"https:\/\/gl.wikipedia.org\/wiki\/Xerra\">Xerra<\/a> dese\u00f1ada pola equipa de <a href=\"https:\/\/test.imprimetresde.com\">Imprimetresde<\/a>, podes atopar esta orixinal xerra inspirada nas tradicionais xerras de vi\u00f1o empregadas en Galiza, con cadea de metal para darlle o toque m\u00e1is enxebre ao teu look!<\/p>\n","protected":false},"featured_media":5910,"comment_status":"open","ping_status":"closed","template":"","meta":{"_vp_format_video_url":"","_vp_image_focal_point":[]},"product_brand":[],"product_cat":[1312,315,316],"product_tag":[393,388,2043,880,392,1384,386,391,390],"class_list":{"0":"post-5810","1":"product","2":"type-product","3":"status-publish","4":"has-post-thumbnail","6":"product_cat-colgantes-gl","7":"product_cat-complementos-gl","8":"product_cat-cultura-gl","9":"product_tag-barrantes","10":"product_tag-colar","11":"product_tag-festa-do-vino","12":"product_tag-furancho","13":"product_tag-ribeiro","14":"product_tag-souvenir","15":"product_tag-vino","16":"product_tag-xarra","17":"product_tag-xerra","19":"first","20":"instock","21":"taxable","22":"shipping-taxable","23":"purchasable","24":"product-type-simple"},"exclude_global_add_ons":false,"addons":[{"name":"Material da Cadea (opcional)","type":"checkbox","position":0,"required":false,"title_format":"label","default":"","description_enable":true,"description":"Opci\u00f3n de facer a peza con cadea e accesorios de prata 925, de primera lei.","placeholder_enable":false,"placeholder":"","display":"select","restrictions_type":"any_text","adjust_price":false,"price":"","price_type":"flat_fee","restrictions":false,"min":"0","max":"0","options":[{"label":"Prata","price":"10","price_type":"flat_fee","image":0,"visibility":true}]}],"_links":{"self":[{"href":"https:\/\/test.imprimetresde.com\/gl\/wp-json\/wp\/v2\/product\/5810","targetHints":{"allow":["GET"]}}],"collection":[{"href":"https:\/\/test.imprimetresde.com\/gl\/wp-json\/wp\/v2\/product"}],"about":[{"href":"https:\/\/test.imprimetresde.com\/gl\/wp-json\/wp\/v2\/types\/product"}],"replies":[{"embeddable":true,"href":"https:\/\/test.imprimetresde.com\/gl\/wp-json\/wp\/v2\/comments?post=5810"}],"wp:featuredmedia":[{"embeddable":true,"href":"https:\/\/test.imprimetresde.com\/gl\/wp-json\/wp\/v2\/media\/5910"}],"wp:attachment":[{"href":"https:\/\/test.imprimetresde.com\/gl\/wp-json\/wp\/v2\/media?parent=5810"}],"wp:term":[{"taxonomy":"product_brand","embeddable":true,"href":"https:\/\/test.imprimetresde.com\/gl\/wp-json\/wp\/v2\/product_brand?post=5810"},{"taxonomy":"product_cat","embeddable":true,"href":"https:\/\/test.imprimetresde.com\/gl\/wp-json\/wp\/v2\/product_cat?post=5810"},{"taxonomy":"product_tag","embeddable":true,"href":"https:\/\/test.imprimetresde.com\/gl\/wp-json\/wp\/v2\/product_tag?post=5810"}],"curies":[{"name":"wp","href":"https:\/\/api.w.org\/{rel}","templated":true}]}}