{"id":5922,"date":"2018-03-28T09:11:13","date_gmt":"2018-03-28T07:11:13","guid":{"rendered":"https:\/\/test.imprimetresde.com\/?post_type=product&#038;p=5922\/"},"modified":"2024-10-29T12:00:34","modified_gmt":"2024-10-29T10:00:34","slug":"coleccion-triscele-de-castromao","status":"publish","type":"product","link":"https:\/\/test.imprimetresde.com\/gl\/produto\/coleccion-triscele-de-castromao\/","title":{"rendered":"Colecci\u00f3n Tr\u00edscele de Castromao"},"content":{"rendered":"<p>Colecci\u00f3n Tr\u00edscele de Castromao dese\u00f1ada pola equipa de <a href=\"https:\/\/test.imprimetresde.com\/gl\/\">I3D<\/a> na que vos ofrecemos o Colgante Tr\u00edscele de Castromao e m\u00e1is os brincos con forma de tr\u00edscele calado e en homenaxe ao noso <a href=\"https:\/\/gl.wikipedia.org\/wiki\/Castro_de_Castromao,_Celanova\">Tr\u00edscele de Castromao<\/a>, atopado en Celanova e datado entre o s. I a.C e o s. I d.C.<\/p>\n<p>*Realizado en <a href=\"https:\/\/test.imprimetresde.com\/gl\/o-noso-material-de-impresion-o-pla-polimero-biodegradabel-procedente-de-recursos-vexetais\/\">PLA<\/a> e con cadea de aceiro inox.<\/p>\n","protected":false},"excerpt":{"rendered":"<p>Colecci\u00f3n Tr\u00edscele de Castromao dese\u00f1ada pola equipa de <a href=\"https:\/\/test.imprimetresde.com\/gl\/\">I3D<\/a> na que vos ofrecemos o Colgante Tr\u00edscele de Castromao e m\u00e1is os brincos con forma de tr\u00edscele calado e en homenaxe ao noso <a href=\"https:\/\/gl.wikipedia.org\/wiki\/Castro_de_Castromao,_Celanova\">Tr\u00edscele de Castromao<\/a><\/p>\n<p>*Realizado en Madeira imprim\u00edbel (wooden <a href=\"https:\/\/test.imprimetresde.com\/gl\/o-noso-material-de-impresion-o-pla-polimero-biodegradabel-procedente-de-recursos-vexetais\/\">PLA<\/a>) e <a href=\"https:\/\/test.imprimetresde.com\/gl\/o-noso-material-de-impresion-o-pla-polimero-biodegradabel-procedente-de-recursos-vexetais\/\">PLA<\/a> e con cord\u00f3n de f\u00edo encerado.<\/p>\n","protected":false},"featured_media":13308,"comment_status":"open","ping_status":"closed","template":"","meta":{"_vp_format_video_url":"","_vp_image_focal_point":[]},"product_brand":[],"product_cat":[1312,315,316],"product_tag":[452,451,450,2669,388,453,409,2522,2668,447,448,449,2667,2670],"class_list":{"0":"post-5922","1":"product","2":"type-product","3":"status-publish","4":"has-post-thumbnail","6":"product_cat-colgantes-gl","7":"product_cat-complementos-gl","8":"product_cat-cultura-gl","9":"product_tag-bisuteria","10":"product_tag-bixuteria","11":"product_tag-celta","12":"product_tag-celtas","13":"product_tag-colar","14":"product_tag-complementoia","15":"product_tag-galega","16":"product_tag-madera-gl","17":"product_tag-ourense","18":"product_tag-tradicion","19":"product_tag-triscele","20":"product_tag-trisquel","21":"product_tag-trisquel-de-castromao","22":"product_tag-trisqueles","24":"first","25":"instock","26":"taxable","27":"shipping-taxable","28":"purchasable","29":"product-type-variable"},"exclude_global_add_ons":false,"addons":[{"name":"Material da Cadea (opcional)","type":"checkbox","position":0,"required":false,"title_format":"label","default":"","description_enable":true,"description":"Opci\u00f3n de facer a peza con cadea e accesorios de prata 925, de primera lei.","placeholder_enable":false,"placeholder":"","display":"select","restrictions_type":"any_text","adjust_price":false,"price":"","price_type":"flat_fee","restrictions":false,"min":"0","max":"0","options":[{"label":"Prata","price":"10","price_type":"flat_fee","image":0,"visibility":true}]}],"_links":{"self":[{"href":"https:\/\/test.imprimetresde.com\/gl\/wp-json\/wp\/v2\/product\/5922","targetHints":{"allow":["GET"]}}],"collection":[{"href":"https:\/\/test.imprimetresde.com\/gl\/wp-json\/wp\/v2\/product"}],"about":[{"href":"https:\/\/test.imprimetresde.com\/gl\/wp-json\/wp\/v2\/types\/product"}],"replies":[{"embeddable":true,"href":"https:\/\/test.imprimetresde.com\/gl\/wp-json\/wp\/v2\/comments?post=5922"}],"wp:featuredmedia":[{"embeddable":true,"href":"https:\/\/test.imprimetresde.com\/gl\/wp-json\/wp\/v2\/media\/13308"}],"wp:attachment":[{"href":"https:\/\/test.imprimetresde.com\/gl\/wp-json\/wp\/v2\/media?parent=5922"}],"wp:term":[{"taxonomy":"product_brand","embeddable":true,"href":"https:\/\/test.imprimetresde.com\/gl\/wp-json\/wp\/v2\/product_brand?post=5922"},{"taxonomy":"product_cat","embeddable":true,"href":"https:\/\/test.imprimetresde.com\/gl\/wp-json\/wp\/v2\/product_cat?post=5922"},{"taxonomy":"product_tag","embeddable":true,"href":"https:\/\/test.imprimetresde.com\/gl\/wp-json\/wp\/v2\/product_tag?post=5922"}],"curies":[{"name":"wp","href":"https:\/\/api.w.org\/{rel}","templated":true}]}}