{"id":5932,"date":"2018-03-21T10:54:59","date_gmt":"2018-03-21T08:54:59","guid":{"rendered":"https:\/\/test.imprimetresde.com\/?post_type=product&#038;p=5932\/"},"modified":"2025-09-17T13:44:23","modified_gmt":"2025-09-17T11:44:23","slug":"mina-casina","status":"publish","type":"product","link":"https:\/\/test.imprimetresde.com\/gl\/produto\/mina-casina\/","title":{"rendered":"Mi\u00f1a casi\u00f1a, meu lar"},"content":{"rendered":"<p>Mi\u00f1a casi\u00f1a, meu lar. Suxeita libros decorativo dese\u00f1ado pola equipa de Imprimetresde dentro da Colecci\u00f3n Rosal\u00eda, en cor gris e co verso &#8220;Mi\u00f1a casi\u00f1a, meu lar&#8221;. Extracto dun poema de Follas Novas e en homenaxe <a href=\"https:\/\/gl.wikipedia.org\/wiki\/Rosal%C3%ADa_de_Castro\">Rosal\u00eda de Castro<\/a>, a nosa escritora m\u00e1is internacional:<\/p>\n<p>&#8220;<em>Mi\u00f1a casi\u00f1a,<br \/>\nmeu lar,<br \/>\n\u00a1c\u00e1ntas onci\u00f1as<br \/>\nde ouro me vals<\/em>!&#8221;<\/p>\n<p>Rosal\u00eda de Castro. Follas Novas (1880)<\/p>\n<p>*O material no que est\u00e1 realizado \u00e9 <a href=\"https:\/\/test.imprimetresde.com\/nuestro-material-de-impresion-el-pla-polimero-biodegradable-procedente-de-recursos-vegetales\/\">PLA<\/a>, material procedente de materia vexetal, biodegrad\u00e1bel, non t\u00f3xico e ecol\u00f3xico<\/p>\n","protected":false},"excerpt":{"rendered":"<p>Mi\u00f1a casi\u00f1a, meu lar. Suxeita libros decorativo dese\u00f1ado pola equipa de Imprimetresde dentro da Colecci\u00f3n Rosal\u00eda, en cor gris e co verso &#8220;Mi\u00f1a casi\u00f1a, meu lar&#8221;. Extracto dun poema de Follas Novas e en homenaxe <a href=\"https:\/\/gl.wikipedia.org\/wiki\/Rosal%C3%ADa_de_Castro\">Rosal\u00eda de Castro<\/a>, a nosa escritora m\u00e1is internacional:<\/p>\n<p>&#8220;<em>Mi\u00f1a casi\u00f1a,<br \/>\nmeu lar,<br \/>\n\u00a1c\u00e1ntas onci\u00f1as<br \/>\nde ouro me vals<\/em>!&#8221;<\/p>\n<p>Rosal\u00eda de Castro. Follas Novas (1880)<\/p>\n<p>*O material no que est\u00e1 realizado \u00e9 <a href=\"https:\/\/test.imprimetresde.com\/nuestro-material-de-impresion-el-pla-polimero-biodegradable-procedente-de-recursos-vegetales\/\">PLA<\/a>, material procedente de materia vexetal, biodegrad\u00e1bel, non t\u00f3xico e ecol\u00f3xico.<\/p>\n","protected":false},"featured_media":6996,"comment_status":"open","ping_status":"closed","template":"","meta":{"_vp_format_video_url":"","_vp_image_focal_point":[]},"product_brand":[],"product_cat":[421,316,313],"product_tag":[577,1114,1115,476,484,410,481,470,483,482,487,969,281,480],"class_list":{"0":"post-5932","1":"product","2":"type-product","3":"status-publish","4":"has-post-thumbnail","6":"product_cat-activismo","7":"product_cat-cultura-gl","8":"product_cat-ambiente-gl","9":"product_tag-autora-internacional","10":"product_tag-dia-da-nai","11":"product_tag-dia-do-pai","12":"product_tag-escritora-galega","13":"product_tag-follas-novas","14":"product_tag-galego","15":"product_tag-libros","16":"product_tag-lingua-galega","17":"product_tag-meu-lar","18":"product_tag-mina-casina","19":"product_tag-poesia","20":"product_tag-rosalia","21":"product_tag-rosalia-de-castro-gl","22":"product_tag-suxeitalibros","24":"first","25":"instock","26":"sale","27":"taxable","28":"shipping-taxable","29":"purchasable","30":"product-type-variable"},"exclude_global_add_ons":[],"addons":[],"_links":{"self":[{"href":"https:\/\/test.imprimetresde.com\/gl\/wp-json\/wp\/v2\/product\/5932","targetHints":{"allow":["GET"]}}],"collection":[{"href":"https:\/\/test.imprimetresde.com\/gl\/wp-json\/wp\/v2\/product"}],"about":[{"href":"https:\/\/test.imprimetresde.com\/gl\/wp-json\/wp\/v2\/types\/product"}],"replies":[{"embeddable":true,"href":"https:\/\/test.imprimetresde.com\/gl\/wp-json\/wp\/v2\/comments?post=5932"}],"wp:featuredmedia":[{"embeddable":true,"href":"https:\/\/test.imprimetresde.com\/gl\/wp-json\/wp\/v2\/media\/6996"}],"wp:attachment":[{"href":"https:\/\/test.imprimetresde.com\/gl\/wp-json\/wp\/v2\/media?parent=5932"}],"wp:term":[{"taxonomy":"product_brand","embeddable":true,"href":"https:\/\/test.imprimetresde.com\/gl\/wp-json\/wp\/v2\/product_brand?post=5932"},{"taxonomy":"product_cat","embeddable":true,"href":"https:\/\/test.imprimetresde.com\/gl\/wp-json\/wp\/v2\/product_cat?post=5932"},{"taxonomy":"product_tag","embeddable":true,"href":"https:\/\/test.imprimetresde.com\/gl\/wp-json\/wp\/v2\/product_tag?post=5932"}],"curies":[{"name":"wp","href":"https:\/\/api.w.org\/{rel}","templated":true}]}}