{"id":5937,"date":"2018-04-02T12:37:09","date_gmt":"2018-04-02T10:37:09","guid":{"rendered":"https:\/\/test.imprimetresde.com\/?post_type=product&#038;p=5937\/"},"modified":"2025-03-26T18:52:08","modified_gmt":"2025-03-26T16:52:08","slug":"soporte-mobil-3-posicions","status":"publish","type":"product","link":"https:\/\/test.imprimetresde.com\/gl\/produto\/soporte-mobil-3-posicions\/","title":{"rendered":"Soporte m\u00f3bil 3 posici\u00f3ns"},"content":{"rendered":"<p>Soporte m\u00f3bil 3 posici\u00f3ns dese\u00f1ado por <a href=\"https:\/\/test.imprimetresde.com\/gl\/\">Imprimetresde<\/a> que permite colocar calqueira modelo de <a href=\"https:\/\/gl.wikipedia.org\/wiki\/Tel%C3%A9fono_intelixente\">smartphone<\/a> ou tablet en tres posici\u00f3ns diferentes e en formato vertical ou apaisado. P\u00f3dense elixir cores e personalizalo.<\/p>\n<p>*O material no que est\u00e1 realizado \u00e9 <a href=\"https:\/\/test.imprimetresde.com\/nuestro-material-de-impresion-el-pla-polimero-biodegradable-procedente-de-recursos-vegetales\/\">PLA<\/a>, material procedente de materia vexetal, biodegrad\u00e1bel, non t\u00f3xico e ecol\u00f3xico<\/p>\n<p><script src=\"moz-extension:\/\/5bdaac7b-9cd7-491b-8ff4-ed31f89b43b7\/js\/app.js\" type=\"text\/javascript\"><\/script><\/p>\n","protected":false},"excerpt":{"rendered":"<p>Soporte m\u00f3bil 3 posici\u00f3ns dese\u00f1ado pola equipa de <a href=\"https:\/\/test.imprimetresde.com\/gl\/\">Imprimetresde<\/a> que permite colocar calqueira modelo de <a href=\"https:\/\/gl.wikipedia.org\/wiki\/Tel%C3%A9fono_intelixente\">smartphone<\/a> ou tablet en tres posici\u00f3ns diferentes e en formato vertical ou apaisado. P\u00f3dense elixir cores e personalizalo.<\/p>\n<p>&nbsp;<\/p>\n<p><script src=\"moz-extension:\/\/5bdaac7b-9cd7-491b-8ff4-ed31f89b43b7\/js\/app.js\" type=\"text\/javascript\"><\/script><\/p>\n","protected":false},"featured_media":8056,"comment_status":"open","ping_status":"closed","template":"","meta":{"_vp_format_video_url":"","_vp_image_focal_point":[]},"product_brand":[],"product_cat":[315,313,317],"product_tag":[566,1458,1457,1459,1114,1115,2439,266,1456,274,488,489,490,1400,1401],"class_list":{"0":"post-5937","1":"product","2":"type-product","3":"status-publish","4":"has-post-thumbnail","6":"product_cat-complementos-gl","7":"product_cat-ambiente-gl","8":"product_cat-gadgets-gl","9":"product_tag-agasallo","10":"product_tag-aula","11":"product_tag-clase","12":"product_tag-despacho","13":"product_tag-dia-da-nai","14":"product_tag-dia-do-pai","15":"product_tag-estudio","16":"product_tag-mobil","17":"product_tag-oficina","18":"product_tag-personalizado-gl","19":"product_tag-soporte-mobil","20":"product_tag-soporte-tablet","21":"product_tag-tablet","22":"product_tag-volta-ao-cole","23":"product_tag-volta-as-aulas","25":"first","26":"instock","27":"taxable","28":"shipping-taxable","29":"purchasable","30":"product-type-variable"},"exclude_global_add_ons":false,"addons":[{"name":"Cor","type":"multiple_choice","position":0,"required":false,"title_format":"heading","default":"","description_enable":true,"description":"Elixe a cor de PLA para o produto","placeholder_enable":false,"placeholder":"","display":"select","restrictions_type":"any_text","adjust_price":false,"price":"","price_type":"flat_fee","restrictions":false,"min":"0","max":"0","options":[{"label":"Dourado","price":"","price_type":"flat_fee","image":0,"visibility":true},{"label":"Vermello","price":"","price_type":"flat_fee","image":0,"visibility":true},{"label":"Azul","price":"","price_type":"flat_fee","image":0,"visibility":true},{"label":"Lil\u00e1","price":"","price_type":"flat_fee","image":0,"visibility":true},{"label":"Branco","price":"","price_type":"flat_fee","image":0,"visibility":true},{"label":"Gris","price":"","price_type":"flat_fee","image":0,"visibility":true}]},{"name":"Texto personalizado","type":"heading","position":0,"required":false,"title_format":"label","default":"","description_enable":true,"description":"**Texto que llevar\u00e1 el objeto al imprimirlo (8 caracteres m\u00e1ximo)","placeholder_enable":false,"placeholder":"","display":"select","restrictions_type":"any_text","adjust_price":false,"price":"","price_type":"","restrictions":false,"min":"0","max":"0","options":[]},{"name":"Texto","type":"custom_text","position":0,"required":false,"title_format":"label","default":"","description_enable":false,"description":"","placeholder_enable":false,"placeholder":"","display":"select","restrictions_type":"any_text","adjust_price":true,"price":"5","price_type":"quantity_based","restrictions":false,"min":"","max":"","options":[]}],"_links":{"self":[{"href":"https:\/\/test.imprimetresde.com\/gl\/wp-json\/wp\/v2\/product\/5937","targetHints":{"allow":["GET"]}}],"collection":[{"href":"https:\/\/test.imprimetresde.com\/gl\/wp-json\/wp\/v2\/product"}],"about":[{"href":"https:\/\/test.imprimetresde.com\/gl\/wp-json\/wp\/v2\/types\/product"}],"replies":[{"embeddable":true,"href":"https:\/\/test.imprimetresde.com\/gl\/wp-json\/wp\/v2\/comments?post=5937"}],"wp:featuredmedia":[{"embeddable":true,"href":"https:\/\/test.imprimetresde.com\/gl\/wp-json\/wp\/v2\/media\/8056"}],"wp:attachment":[{"href":"https:\/\/test.imprimetresde.com\/gl\/wp-json\/wp\/v2\/media?parent=5937"}],"wp:term":[{"taxonomy":"product_brand","embeddable":true,"href":"https:\/\/test.imprimetresde.com\/gl\/wp-json\/wp\/v2\/product_brand?post=5937"},{"taxonomy":"product_cat","embeddable":true,"href":"https:\/\/test.imprimetresde.com\/gl\/wp-json\/wp\/v2\/product_cat?post=5937"},{"taxonomy":"product_tag","embeddable":true,"href":"https:\/\/test.imprimetresde.com\/gl\/wp-json\/wp\/v2\/product_tag?post=5937"}],"curies":[{"name":"wp","href":"https:\/\/api.w.org\/{rel}","templated":true}]}}