{"id":5968,"date":"2018-04-01T13:41:29","date_gmt":"2018-04-01T11:41:29","guid":{"rendered":"https:\/\/test.imprimetresde.com\/?post_type=product&#038;p=5968\/"},"modified":"2024-12-18T18:18:21","modified_gmt":"2024-12-18T16:18:21","slug":"pin-estrela-vermella","status":"publish","type":"product","link":"https:\/\/test.imprimetresde.com\/gl\/produto\/pin-estrela-vermella\/","title":{"rendered":"Pin Estrela Vermella"},"content":{"rendered":"<p>Pin <a href=\"https:\/\/gl.wikipedia.org\/wiki\/Estrela_vermella\">Estrela Vermella<\/a> dese\u00f1ado pola equipa de <a href=\"https:\/\/test.imprimetresde.com\/gl\/\">Imprimetresde<\/a>. Podes atopar este pin na cor que identifica mundialmente a loita proletaria e o internacionalismo. D\u00e1lle un toque especial \u00e1 t\u00faa imaxe. Gastos de env\u00edo de balde para env\u00edos de 7 unidades ou m\u00e1is introducindo este c\u00f3digo cup\u00f3n ao finalizar a compra: pinEV<\/p>\n<p>*O material no que est\u00e1 realizado \u00e9 <a href=\"https:\/\/test.imprimetresde.com\/nuestro-material-de-impresion-el-pla-polimero-biodegradable-procedente-de-recursos-vegetales\/\">PLA<\/a>, material procedente de materia vexetal, biodegrad\u00e1bel, non t\u00f3xico e ecol\u00f3xico.<\/p>\n","protected":false},"excerpt":{"rendered":"<p>Pin <a href=\"https:\/\/gl.wikipedia.org\/wiki\/Estrela_vermella\">Estrela Vermella<\/a> dese\u00f1ado pola equipa de <a href=\"https:\/\/test.imprimetresde.com\/gl\/\">Imprimetresde<\/a>. Podes atopar este pin na cor que identifica mundialmente a loita proletaria e o internacionalismo. D\u00e1lle un toque especial \u00e1 t\u00faa imaxe. Gastos de env\u00edo de balde para env\u00edos de 7 unidades ou m\u00e1is introducindo este c\u00f3digo cup\u00f3n ao finalizar a compra: pinEV<\/p>\n<p>&nbsp;<\/p>\n","protected":false},"featured_media":6209,"comment_status":"open","ping_status":"closed","template":"","meta":{"_vp_format_video_url":"","_vp_image_focal_point":[]},"product_brand":[],"product_cat":[421,315],"product_tag":[504,502,500,2195,527,503,579,501],"class_list":{"0":"post-5968","1":"product","2":"type-product","3":"status-publish","4":"has-post-thumbnail","6":"product_cat-activismo","7":"product_cat-complementos-gl","8":"product_tag-bolchevique","9":"product_tag-comunismo","10":"product_tag-estrela","11":"product_tag-pin-gl","12":"product_tag-revolucion","13":"product_tag-revolucion-rusa","14":"product_tag-urss","15":"product_tag-vermella","17":"first","18":"instock","19":"taxable","20":"shipping-taxable","21":"purchasable","22":"product-type-simple"},"exclude_global_add_ons":[],"addons":[],"_links":{"self":[{"href":"https:\/\/test.imprimetresde.com\/gl\/wp-json\/wp\/v2\/product\/5968","targetHints":{"allow":["GET"]}}],"collection":[{"href":"https:\/\/test.imprimetresde.com\/gl\/wp-json\/wp\/v2\/product"}],"about":[{"href":"https:\/\/test.imprimetresde.com\/gl\/wp-json\/wp\/v2\/types\/product"}],"replies":[{"embeddable":true,"href":"https:\/\/test.imprimetresde.com\/gl\/wp-json\/wp\/v2\/comments?post=5968"}],"wp:featuredmedia":[{"embeddable":true,"href":"https:\/\/test.imprimetresde.com\/gl\/wp-json\/wp\/v2\/media\/6209"}],"wp:attachment":[{"href":"https:\/\/test.imprimetresde.com\/gl\/wp-json\/wp\/v2\/media?parent=5968"}],"wp:term":[{"taxonomy":"product_brand","embeddable":true,"href":"https:\/\/test.imprimetresde.com\/gl\/wp-json\/wp\/v2\/product_brand?post=5968"},{"taxonomy":"product_cat","embeddable":true,"href":"https:\/\/test.imprimetresde.com\/gl\/wp-json\/wp\/v2\/product_cat?post=5968"},{"taxonomy":"product_tag","embeddable":true,"href":"https:\/\/test.imprimetresde.com\/gl\/wp-json\/wp\/v2\/product_tag?post=5968"}],"curies":[{"name":"wp","href":"https:\/\/api.w.org\/{rel}","templated":true}]}}