{"id":6039,"date":"2018-04-09T12:59:24","date_gmt":"2018-04-09T10:59:24","guid":{"rendered":"https:\/\/test.imprimetresde.com\/?post_type=product&#038;p=6039\/"},"modified":"2024-10-02T13:34:45","modified_gmt":"2024-10-02T11:34:45","slug":"colar-personalizado","status":"publish","type":"product","link":"https:\/\/test.imprimetresde.com\/gl\/produto\/colar-personalizado\/","title":{"rendered":"Colar personalizado"},"content":{"rendered":"<h2>Colar Personalizado<\/h2>\n<p>Colar personalizado. Personaliza o teu colar co teu nome! En <a href=\"https:\/\/test.imprimetresde.com\/\">Imprimetresde<\/a> dese\u00f1amos o colar para lucilo ti ou como agasallo. Adem\u00e1is, podes escoller entre diferentes tipos de letra! Se desexas m\u00e1is variaci\u00f3ns, ponte en contacto con n\u00f3s.<\/p>\n<p>*O material utilizado \u00e9 <a href=\"https:\/\/test.imprimetresde.com\/nuestro-material-de-impresion-el-pla-polimero-biodegradable-procedente-de-recursos-vegetales\/\">PLA<\/a><\/p>\n<p>&nbsp;<\/p>\n","protected":false},"excerpt":{"rendered":"<p>Colar personalizado. Personaliza o teu colar co teu nome! En <a href=\"https:\/\/test.imprimetresde.com\/\">Imprimetresde<\/a> dese\u00f1amos o colar para lucilo ti ou como agasallo. Adem\u00e1is, podes escoller entre diferentes tipos de letra! Se desexas m\u00e1is variaci\u00f3ns, ponte en contacto con n\u00f3s.<\/p>\n","protected":false},"featured_media":7674,"comment_status":"open","ping_status":"closed","template":"","meta":{"_vp_format_video_url":"","_vp_image_focal_point":[]},"product_brand":[],"product_cat":[1312,315,2499],"product_tag":[566,388,213,429,274,968],"class_list":{"0":"post-6039","1":"product","2":"type-product","3":"status-publish","4":"has-post-thumbnail","6":"product_cat-colgantes-gl","7":"product_cat-complementos-gl","8":"product_cat-personalizados","9":"product_tag-agasallo","10":"product_tag-colar","11":"product_tag-complemento-gl","12":"product_tag-madeira-gl","13":"product_tag-personalizado-gl","14":"product_tag-regalo-gl","16":"first","17":"instock","18":"taxable","19":"shipping-taxable","20":"purchasable","21":"product-type-variable","22":"has-default-attributes"},"exclude_global_add_ons":false,"addons":[{"name":"Material","type":"multiple_choice","position":0,"required":true,"title_format":"label","default":"","description_enable":false,"description":"","placeholder_enable":false,"placeholder":"","display":"select","restrictions_type":"any_text","adjust_price":false,"price":"","price_type":"flat_fee","restrictions":false,"min":"0","max":"0","options":[{"label":"Branco Nacar","price":"","price_type":"flat_fee","image":0,"visibility":true},{"label":"Gris Prata","price":"","price_type":"flat_fee","image":0,"visibility":true},{"label":"Lila","price":"","price_type":"flat_fee","image":0,"visibility":true},{"label":"Vermello","price":"","price_type":"flat_fee","image":0,"visibility":true},{"label":"Rosa","price":"","price_type":"flat_fee","image":0,"visibility":true},{"label":"Madeira","price":"","price_type":"flat_fee","image":0,"visibility":true}]},{"name":"Texto personalizado","type":"custom_text","position":1,"required":true,"title_format":"label","default":"","description_enable":true,"description":"Introduce o texto que lucir\u00e1 no colar","placeholder_enable":false,"placeholder":"","display":"select","restrictions_type":"any_text","adjust_price":false,"price":"","price_type":"flat_fee","restrictions":true,"min":"0","max":"15","options":[]},{"name":"Material da Cadea (opcional)","type":"checkbox","position":0,"required":false,"title_format":"label","default":"","description_enable":true,"description":"Opci\u00f3n de facer a peza con cadea e accesorios de prata 925, de primera lei.","placeholder_enable":false,"placeholder":"","display":"select","restrictions_type":"any_text","adjust_price":false,"price":"","price_type":"flat_fee","restrictions":false,"min":"0","max":"0","options":[{"label":"Prata","price":"10","price_type":"flat_fee","image":0,"visibility":true}]}],"_links":{"self":[{"href":"https:\/\/test.imprimetresde.com\/gl\/wp-json\/wp\/v2\/product\/6039","targetHints":{"allow":["GET"]}}],"collection":[{"href":"https:\/\/test.imprimetresde.com\/gl\/wp-json\/wp\/v2\/product"}],"about":[{"href":"https:\/\/test.imprimetresde.com\/gl\/wp-json\/wp\/v2\/types\/product"}],"replies":[{"embeddable":true,"href":"https:\/\/test.imprimetresde.com\/gl\/wp-json\/wp\/v2\/comments?post=6039"}],"wp:featuredmedia":[{"embeddable":true,"href":"https:\/\/test.imprimetresde.com\/gl\/wp-json\/wp\/v2\/media\/7674"}],"wp:attachment":[{"href":"https:\/\/test.imprimetresde.com\/gl\/wp-json\/wp\/v2\/media?parent=6039"}],"wp:term":[{"taxonomy":"product_brand","embeddable":true,"href":"https:\/\/test.imprimetresde.com\/gl\/wp-json\/wp\/v2\/product_brand?post=6039"},{"taxonomy":"product_cat","embeddable":true,"href":"https:\/\/test.imprimetresde.com\/gl\/wp-json\/wp\/v2\/product_cat?post=6039"},{"taxonomy":"product_tag","embeddable":true,"href":"https:\/\/test.imprimetresde.com\/gl\/wp-json\/wp\/v2\/product_tag?post=6039"}],"curies":[{"name":"wp","href":"https:\/\/api.w.org\/{rel}","templated":true}]}}