{"id":6081,"date":"2018-02-27T18:45:27","date_gmt":"2018-02-27T16:45:27","guid":{"rendered":"https:\/\/test.imprimetresde.com\/?post_type=product&#038;p=6081\/"},"modified":"2025-07-28T19:52:53","modified_gmt":"2025-07-28T17:52:53","slug":"broche-pandeireta","status":"publish","type":"product","link":"https:\/\/test.imprimetresde.com\/gl\/produto\/broche-pandeireta\/","title":{"rendered":"Broche Pandeireta"},"content":{"rendered":"<p>Broche Pandeireta dese\u00f1ado pola equipa de <a href=\"https:\/\/test.imprimetresde.com\/gl\/\">I3D<\/a>. Fermos\u00edsimo broche como homenaxe \u00e1 nosa <a href=\"https:\/\/gl.wikipedia.org\/wiki\/Pandeireta\">pandeireta<\/a>. Este marabilloso instrumento constit\u00fae a base da m\u00fasica tradicional galega. Realizado en madeira imprim\u00edbel (wooden PLA) e <a href=\"https:\/\/test.imprimetresde.com\/gl\/o-noso-material-de-impresion-o-pla-polimero-biodegradabel-procedente-de-recursos-vexetais\/\">PLA<\/a>. Asimesmo, disp\u00f3n dunhas ferre\u00f1as met\u00e1licas que far\u00e1n as delicias de calquer mel\u00f3man@.<\/p>\n<p><script src=\"moz-extension:\/\/5bdaac7b-9cd7-491b-8ff4-ed31f89b43b7\/js\/app.js\" type=\"text\/javascript\"><\/script><\/p>\n","protected":false},"excerpt":{"rendered":"<p>Broche Pandeireta dese\u00f1ado pola equipa de I3D. Fermos\u00edsimo broche como homenaxe \u00e1 nosa pandeireta. Este marabilloso instrumento constit\u00fae a base da m\u00fasica tradicional galega.<\/p>\n<p><script src=\"moz-extension:\/\/5bdaac7b-9cd7-491b-8ff4-ed31f89b43b7\/js\/app.js\" type=\"text\/javascript\"><\/script><\/p>\n","protected":false},"featured_media":9882,"comment_status":"open","ping_status":"closed","template":"","meta":{"_vp_format_video_url":"","_vp_image_focal_point":[]},"product_brand":[],"product_cat":[315,316],"product_tag":[365,498,513,1114,1115,533,409,410,2522,511,1205,532,1384],"class_list":{"0":"post-6081","1":"product","2":"type-product","3":"status-publish","4":"has-post-thumbnail","6":"product_cat-complementos-gl","7":"product_cat-cultura-gl","8":"product_tag-broche","9":"product_tag-complementos","10":"product_tag-cultura","11":"product_tag-dia-da-nai","12":"product_tag-dia-do-pai","13":"product_tag-folk","14":"product_tag-galega","15":"product_tag-galego","16":"product_tag-madera-gl","17":"product_tag-musica","18":"product_tag-pandeireta-gl","19":"product_tag-pandereta","20":"product_tag-souvenir","22":"first","23":"onbackorder","24":"sale","25":"taxable","26":"shipping-taxable","27":"purchasable","28":"product-type-variable"},"exclude_global_add_ons":[],"addons":[],"_links":{"self":[{"href":"https:\/\/test.imprimetresde.com\/gl\/wp-json\/wp\/v2\/product\/6081","targetHints":{"allow":["GET"]}}],"collection":[{"href":"https:\/\/test.imprimetresde.com\/gl\/wp-json\/wp\/v2\/product"}],"about":[{"href":"https:\/\/test.imprimetresde.com\/gl\/wp-json\/wp\/v2\/types\/product"}],"replies":[{"embeddable":true,"href":"https:\/\/test.imprimetresde.com\/gl\/wp-json\/wp\/v2\/comments?post=6081"}],"wp:featuredmedia":[{"embeddable":true,"href":"https:\/\/test.imprimetresde.com\/gl\/wp-json\/wp\/v2\/media\/9882"}],"wp:attachment":[{"href":"https:\/\/test.imprimetresde.com\/gl\/wp-json\/wp\/v2\/media?parent=6081"}],"wp:term":[{"taxonomy":"product_brand","embeddable":true,"href":"https:\/\/test.imprimetresde.com\/gl\/wp-json\/wp\/v2\/product_brand?post=6081"},{"taxonomy":"product_cat","embeddable":true,"href":"https:\/\/test.imprimetresde.com\/gl\/wp-json\/wp\/v2\/product_cat?post=6081"},{"taxonomy":"product_tag","embeddable":true,"href":"https:\/\/test.imprimetresde.com\/gl\/wp-json\/wp\/v2\/product_tag?post=6081"}],"curies":[{"name":"wp","href":"https:\/\/api.w.org\/{rel}","templated":true}]}}