{"id":6181,"date":"2018-03-26T18:11:08","date_gmt":"2018-03-26T16:11:08","guid":{"rendered":"https:\/\/test.imprimetresde.com\/?post_type=product&#038;p=6181\/"},"modified":"2024-11-06T12:12:18","modified_gmt":"2024-11-06T10:12:18","slug":"pin-lazo-amarelo-llac-groc","status":"publish","type":"product","link":"https:\/\/test.imprimetresde.com\/gl\/produto\/pin-lazo-amarelo-llac-groc\/","title":{"rendered":"PIN LLA\u00c7 GROC"},"content":{"rendered":"<h2>PIN LAZO AMARELO-LLA\u00c7 GROC<\/h2>\n<p>O pin lazo amarelo &#8211; lla\u00e7 groc est\u00e1 impreso en <a href=\"https:\/\/test.imprimetresde.com\/gl\/o-noso-material-de-impresion-o-pla-polimero-biodegradabel-procedente-de-recursos-vexetais\/\">PLA<\/a><\/p>\n<p>Para env\u00edos de 10 uds ou m\u00e1is, os gastos de env\u00edo son de balde, INTRODUCINDO ESTE C\u00d3DIGO CUP\u00d3N AO FINALIZAR A COMPRA: llacgroc<\/p>\n<p>&nbsp;<\/p>\n","protected":false},"excerpt":{"rendered":"<p>O pin lazo amarelo &#8211; lla\u00e7 groc est\u00e1 impreso en <a href=\"https:\/\/test.imprimetresde.com\/gl\/o-noso-material-de-impresion-o-pla-polimero-biodegradabel-procedente-de-recursos-vexetais\/\">PLA<\/a><\/p>\n<p>Para env\u00edos de 10 uds ou m\u00e1is, os gastos de env\u00edo son de balde, INTRODUCINDO ESTE C\u00d3DIGO CUP\u00d3N AO FINALIZAR A COMPRA: llacgroc<\/p>\n<p>&nbsp;<\/p>\n","protected":false},"featured_media":6182,"comment_status":"open","ping_status":"closed","template":"","meta":{"_vp_format_video_url":"","_vp_image_focal_point":[]},"product_brand":[],"product_cat":[421],"product_tag":[2743,2742,2741,2740,2746,2195,2745,2744],"class_list":{"0":"post-6181","1":"product","2":"type-product","3":"status-publish","4":"has-post-thumbnail","6":"product_cat-activismo","7":"product_tag-1-octubre","8":"product_tag-1-outubro","9":"product_tag-1o","10":"product_tag-catalunya","11":"product_tag-independencia","12":"product_tag-pin-gl","13":"product_tag-urnas","14":"product_tag-votar","16":"first","17":"instock","18":"taxable","19":"shipping-taxable","20":"purchasable","21":"product-type-simple"},"exclude_global_add_ons":[],"addons":[],"_links":{"self":[{"href":"https:\/\/test.imprimetresde.com\/gl\/wp-json\/wp\/v2\/product\/6181","targetHints":{"allow":["GET"]}}],"collection":[{"href":"https:\/\/test.imprimetresde.com\/gl\/wp-json\/wp\/v2\/product"}],"about":[{"href":"https:\/\/test.imprimetresde.com\/gl\/wp-json\/wp\/v2\/types\/product"}],"replies":[{"embeddable":true,"href":"https:\/\/test.imprimetresde.com\/gl\/wp-json\/wp\/v2\/comments?post=6181"}],"wp:featuredmedia":[{"embeddable":true,"href":"https:\/\/test.imprimetresde.com\/gl\/wp-json\/wp\/v2\/media\/6182"}],"wp:attachment":[{"href":"https:\/\/test.imprimetresde.com\/gl\/wp-json\/wp\/v2\/media?parent=6181"}],"wp:term":[{"taxonomy":"product_brand","embeddable":true,"href":"https:\/\/test.imprimetresde.com\/gl\/wp-json\/wp\/v2\/product_brand?post=6181"},{"taxonomy":"product_cat","embeddable":true,"href":"https:\/\/test.imprimetresde.com\/gl\/wp-json\/wp\/v2\/product_cat?post=6181"},{"taxonomy":"product_tag","embeddable":true,"href":"https:\/\/test.imprimetresde.com\/gl\/wp-json\/wp\/v2\/product_tag?post=6181"}],"curies":[{"name":"wp","href":"https:\/\/api.w.org\/{rel}","templated":true}]}}