{"id":6281,"date":"2018-04-25T16:44:17","date_gmt":"2018-04-25T14:44:17","guid":{"rendered":"https:\/\/test.imprimetresde.com\/?post_type=product&#038;p=6281\/"},"modified":"2025-06-27T11:45:10","modified_gmt":"2025-06-27T09:45:10","slug":"brincos-zocas","status":"publish","type":"product","link":"https:\/\/test.imprimetresde.com\/gl\/produto\/brincos-zocas\/","title":{"rendered":"Brincos Zocas"},"content":{"rendered":"<h2>Brincos Zocas<\/h2>\n<p>Brincos <a href=\"https:\/\/gl.wikipedia.org\/wiki\/Zoca\">Zocas<\/a> dese\u00f1ados pola equipa de <a href=\"https:\/\/test.imprimetresde.com\">Imprimetresde <\/a>en homenaxe a calzado galego tradicional. Fix\u00e9molas en madeira WOODEN PLA. As zocas son c<span id=\"aui_3_2_0_1163\" class=\"Lemma\"><span id=\"aui_3_2_0_1162\" class=\"Subentry\"><span id=\"aui_3_2_0_1161\" class=\"Sense\"><span id=\"aui_3_2_0_1160\" class=\"Definition\"><span id=\"aui_3_2_0_1158\" class=\"Definition__Definition\">alzado dunha soa peza enteiramente de madeira que leva tacos ou chatolas para evitar a humidade e se calza sobre os p\u00e9s protexidos por carp\u00edns, zapatillas etc.<\/span><\/span><\/span><\/span><\/span><\/p>\n<p>*O material no que est\u00e1n realizados \u00e9 <a href=\"https:\/\/test.imprimetresde.com\/gl\/o-noso-material-de-impresion-o-pla-polimero-biodegradabel-procedente-de-recursos-vexetais\/\">PLA<\/a> (material procedente de materia vexetal, biodegrad\u00e1bel, non t\u00f3xico e ecol\u00f3xico) e m\u00e1is un 80% de madeira.<\/p>\n","protected":false},"excerpt":{"rendered":"<p>Brincos <a href=\"https:\/\/gl.wikipedia.org\/wiki\/Zoca\">Zocas<\/a> dese\u00f1ados pola equipa de <a href=\"https:\/\/test.imprimetresde.com\">Imprimetresde <\/a>en homenaxe a calzado galego tradicional. Fix\u00e9molas en madeira WOODEN PLA.\u00a0 As zocas son un c<span id=\"aui_3_2_0_1163\" class=\"Lemma\"><span id=\"aui_3_2_0_1162\" class=\"Subentry\"><span id=\"aui_3_2_0_1161\" class=\"Sense\"><span id=\"aui_3_2_0_1160\" class=\"Definition\"><span id=\"aui_3_2_0_1158\" class=\"Definition__Definition\">alzado dunha soa peza enteiramente de madeira que leva tacos ou chatolas para evitar a humidade e se calza sobre os p\u00e9s protexidos por carp\u00edns, zapatillas etc.<\/span><\/span><\/span><\/span><\/span><\/p>\n","protected":false},"featured_media":8840,"comment_status":"open","ping_status":"closed","template":"","meta":{"_vp_format_video_url":"","_vp_image_focal_point":[]},"product_brand":[],"product_cat":[315,316,1290],"product_tag":[594,593,479,463,2508,2507,429,512,592],"class_list":{"0":"post-6281","1":"product","2":"type-product","3":"status-publish","4":"has-post-thumbnail","6":"product_cat-complementos-gl","7":"product_cat-cultura-gl","8":"product_cat-pendentes","9":"product_tag-calzado","10":"product_tag-galegas","11":"product_tag-galicia","12":"product_tag-galiza","13":"product_tag-impresion-3d-a-coruna","14":"product_tag-impresion-3d-coruna","15":"product_tag-madeira-gl","16":"product_tag-tradicional","17":"product_tag-zocas","19":"first","20":"instock","21":"taxable","22":"shipping-taxable","23":"purchasable","24":"product-type-simple"},"exclude_global_add_ons":false,"addons":[{"name":"Material de las fornituras (opcional)","type":"checkbox","position":0,"required":false,"title_format":"label","default":"","description_enable":true,"description":"Opci\u00f3n de incorporar fornituras de plata 925, de primera ley.","placeholder_enable":false,"placeholder":"","display":"select","restrictions_type":"any_text","adjust_price":false,"price":"","price_type":"flat_fee","restrictions":false,"min":"0","max":"0","options":[{"label":"Plata","price":"5","price_type":"flat_fee","image":0,"visibility":true}]}],"_links":{"self":[{"href":"https:\/\/test.imprimetresde.com\/gl\/wp-json\/wp\/v2\/product\/6281","targetHints":{"allow":["GET"]}}],"collection":[{"href":"https:\/\/test.imprimetresde.com\/gl\/wp-json\/wp\/v2\/product"}],"about":[{"href":"https:\/\/test.imprimetresde.com\/gl\/wp-json\/wp\/v2\/types\/product"}],"replies":[{"embeddable":true,"href":"https:\/\/test.imprimetresde.com\/gl\/wp-json\/wp\/v2\/comments?post=6281"}],"wp:featuredmedia":[{"embeddable":true,"href":"https:\/\/test.imprimetresde.com\/gl\/wp-json\/wp\/v2\/media\/8840"}],"wp:attachment":[{"href":"https:\/\/test.imprimetresde.com\/gl\/wp-json\/wp\/v2\/media?parent=6281"}],"wp:term":[{"taxonomy":"product_brand","embeddable":true,"href":"https:\/\/test.imprimetresde.com\/gl\/wp-json\/wp\/v2\/product_brand?post=6281"},{"taxonomy":"product_cat","embeddable":true,"href":"https:\/\/test.imprimetresde.com\/gl\/wp-json\/wp\/v2\/product_cat?post=6281"},{"taxonomy":"product_tag","embeddable":true,"href":"https:\/\/test.imprimetresde.com\/gl\/wp-json\/wp\/v2\/product_tag?post=6281"}],"curies":[{"name":"wp","href":"https:\/\/api.w.org\/{rel}","templated":true}]}}