{"id":6472,"date":"2018-11-21T18:45:57","date_gmt":"2018-11-21T16:45:57","guid":{"rendered":"https:\/\/test.imprimetresde.com\/?post_type=product&#038;p=6472"},"modified":"2024-03-15T20:36:54","modified_gmt":"2024-03-15T18:36:54","slug":"broche-chorima","status":"publish","type":"product","link":"https:\/\/test.imprimetresde.com\/gl\/produto\/broche-chorima\/","title":{"rendered":"Broche Chorima"},"content":{"rendered":"<p>Broche <a href=\"https:\/\/academia.gal\/dicionario\/-\/termo\/busca\/chorima\">Chorima<\/a> dese\u00f1ado por <a href=\"https:\/\/test.imprimetresde.com\/gl\/\">Imprimetresde<\/a> na s\u00faa cor t\u00edpica, o amarelo. \u00c9 a flor do toxo ou da xesta, que cada ano tinguen de beleza os nosos campos e montes.<\/p>\n<p>*O material no que est\u00e1 realizado \u00e9 <a href=\"https:\/\/test.imprimetresde.com\/gl\/o-noso-material-de-impresion-o-pla-polimero-biodegradabel-procedente-de-recursos-vexetais\/\">PLA<\/a>, material procedente de materia vexetal, biodegrad\u00e1bel, non t\u00f3xico e ecol\u00f3xico<\/p>\n","protected":false},"excerpt":{"rendered":"<p>Broche <a href=\"https:\/\/academia.gal\/dicionario\/-\/termo\/busca\/chorima\">Chorima<\/a> dese\u00f1ado por <a href=\"https:\/\/test.imprimetresde.com\/gl\/\">Imprimetresde<\/a> na s\u00faa cor t\u00edpica, o amarelo. \u00c9 a flor do toxo ou da xesta, que cada ano tinguen de beleza os nosos campos e montes.<\/p>\n<p>*O material no que est\u00e1 realizado \u00e9 <a href=\"https:\/\/test.imprimetresde.com\/gl\/o-noso-material-de-impresion-o-pla-polimero-biodegradabel-procedente-de-recursos-vexetais\/\">PLA<\/a>, material procedente de materia vexetal, biodegrad\u00e1bel, non t\u00f3xico e ecol\u00f3xico<\/p>\n","protected":false},"featured_media":6475,"comment_status":"open","ping_status":"closed","template":"","meta":{"_vp_format_video_url":"","_vp_image_focal_point":[]},"product_brand":[],"product_cat":[315,316],"product_tag":[566,365,824,828,825,2508,2507,968,1384,826,827],"class_list":{"0":"post-6472","1":"product","2":"type-product","3":"status-publish","4":"has-post-thumbnail","6":"product_cat-complementos-gl","7":"product_cat-cultura-gl","8":"product_tag-agasallo","9":"product_tag-broche","10":"product_tag-chorima","11":"product_tag-flor","12":"product_tag-flor-do-toxo","13":"product_tag-impresion-3d-a-coruna","14":"product_tag-impresion-3d-coruna","15":"product_tag-regalo-gl","16":"product_tag-souvenir","17":"product_tag-tipica-flor-galega","18":"product_tag-toxo","20":"first","21":"instock","22":"sale","23":"taxable","24":"shipping-taxable","25":"purchasable","26":"product-type-simple"},"exclude_global_add_ons":[],"addons":[],"_links":{"self":[{"href":"https:\/\/test.imprimetresde.com\/gl\/wp-json\/wp\/v2\/product\/6472","targetHints":{"allow":["GET"]}}],"collection":[{"href":"https:\/\/test.imprimetresde.com\/gl\/wp-json\/wp\/v2\/product"}],"about":[{"href":"https:\/\/test.imprimetresde.com\/gl\/wp-json\/wp\/v2\/types\/product"}],"replies":[{"embeddable":true,"href":"https:\/\/test.imprimetresde.com\/gl\/wp-json\/wp\/v2\/comments?post=6472"}],"wp:featuredmedia":[{"embeddable":true,"href":"https:\/\/test.imprimetresde.com\/gl\/wp-json\/wp\/v2\/media\/6475"}],"wp:attachment":[{"href":"https:\/\/test.imprimetresde.com\/gl\/wp-json\/wp\/v2\/media?parent=6472"}],"wp:term":[{"taxonomy":"product_brand","embeddable":true,"href":"https:\/\/test.imprimetresde.com\/gl\/wp-json\/wp\/v2\/product_brand?post=6472"},{"taxonomy":"product_cat","embeddable":true,"href":"https:\/\/test.imprimetresde.com\/gl\/wp-json\/wp\/v2\/product_cat?post=6472"},{"taxonomy":"product_tag","embeddable":true,"href":"https:\/\/test.imprimetresde.com\/gl\/wp-json\/wp\/v2\/product_tag?post=6472"}],"curies":[{"name":"wp","href":"https:\/\/api.w.org\/{rel}","templated":true}]}}