{"id":6478,"date":"2018-02-27T18:41:05","date_gmt":"2018-02-27T17:41:05","guid":{"rendered":"https:\/\/test.imprimetresde.com\/?post_type=product&#038;p=6478"},"modified":"2024-09-22T18:37:47","modified_gmt":"2024-09-22T16:37:47","slug":"apalpador","status":"publish","type":"product","link":"https:\/\/test.imprimetresde.com\/gl\/produto\/apalpador\/","title":{"rendered":"Apalpador"},"content":{"rendered":"<p>Apalpador, figura decorativa para a \u00e1rbore de Nadal feita pola equipa de <a href=\"https:\/\/test.imprimetresde.com\/\">Imprimetresde<\/a> . O <a href=\"https:\/\/gl.wikipedia.org\/wiki\/Apalpador\"><b>Apalpador<\/b><\/a><b> <\/b>ou <b>Pandigueiro<\/b> \u00e9 a figura m\u00edtica dun xigante carboeiro, ligado \u00e1 tradici\u00f3n do <a title=\"Nadal\" href=\"https:\/\/gl.wikipedia.org\/wiki\/Nadal\">Nadal<\/a> do que existen testemu\u00f1as nas comarcas de <a title=\"Comarca de Sarria\" href=\"https:\/\/gl.wikipedia.org\/wiki\/Comarca_de_Sarria\">Sarria<\/a>, <a title=\"Comarca de Quiroga\" href=\"https:\/\/gl.wikipedia.org\/wiki\/Comarca_de_Quiroga\">Quiroga<\/a>, <a title=\"Comarca da Terra de Lemos\" href=\"https:\/\/gl.wikipedia.org\/wiki\/Comarca_da_Terra_de_Lemos\">Lemos<\/a>, <a title=\"Comarca da Terra de Trives\" href=\"https:\/\/gl.wikipedia.org\/wiki\/Comarca_da_Terra_de_Trives\">Terra de Trives<\/a> e <a title=\"Comarca dos Ancares\" href=\"https:\/\/gl.wikipedia.org\/wiki\/Comarca_dos_Ancares\">os Ancares<\/a> <sup id=\"cite_ref-Portal_Galego_da_L\u00edngua_.pdf_1-0\" class=\"reference\"><a href=\"https:\/\/gl.wikipedia.org\/wiki\/Apalpador#cite_note-Portal_Galego_da_L\u00edngua_.pdf-1\">[1]<\/a><\/sup>, a\u00ednda que se est\u00e1 a recuperar en toda Galicia<sup id=\"cite_ref-2\" class=\"reference\"><a href=\"https:\/\/gl.wikipedia.org\/wiki\/Apalpador#cite_note-2\">[2]<\/a><\/sup>. O Apalpador baixa a noite do <a title=\"24 de decembro\" href=\"https:\/\/gl.wikipedia.org\/wiki\/24_de_decembro\">24<\/a> ou <a title=\"31 de decembro\" href=\"https:\/\/gl.wikipedia.org\/wiki\/31_de_decembro\">31 de decembro<\/a><sup id=\"cite_ref-Portal_Galego_da_L\u00edngua_.pdf_1-1\" class=\"reference\"><a href=\"https:\/\/gl.wikipedia.org\/wiki\/Apalpador#cite_note-Portal_Galego_da_L\u00edngua_.pdf-1\">[1]<\/a><\/sup> segundo a zona, para visitar os nenos, toc\u00e1ndolles no ventre para ver se comeron abondo durante o ano, deix\u00e1ndolles unha presada de <a title=\"Casta\u00f1a\" href=\"https:\/\/gl.wikipedia.org\/wiki\/Casta%C3%B1a\">casta\u00f1as<\/a>, eventualmente alg\u00fan regalo e desex\u00e1ndolles que te\u00f1an un ano novo cheo de felicidade e fartura, murmur\u00e1ndolles &#8220;as\u00ed estexas todo o ano&#8221;.<\/p>\n<dl>\n<dd>\n<dl>\n<dd><i>Ma\u00f1\u00e1 \u00e9 d\u00eda de cachela<\/i><\/dd>\n<dd><i>que haber\u00e1 gran nevarada<\/i><\/dd>\n<dd><i>e vai vir o Apalpador<\/i><\/dd>\n<dd><i>cunha mega de casta\u00f1as.<\/i><\/dd>\n<\/dl>\n<\/dd>\n<\/dl>\n<p>Material utilizado: <a href=\"https:\/\/test.imprimetresde.com\/nuestro-material-de-impresion-el-pla-polimero-biodegradable-procedente-de-recursos-vegetales\/\">PLA<\/a>\u00a0dourado<\/p>\n","protected":false},"excerpt":{"rendered":"<p>Apalpador, figura decorativa para a \u00e1rbore de Nadal feita pola equipa de <a href=\"https:\/\/test.imprimetresde.com\/\">Imprimetresde<\/a> . O <a href=\"https:\/\/gl.wikipedia.org\/wiki\/Apalpador\"><b>Apalpador<\/b><\/a> \u00a0ou <b>Pandigueiro<\/b> \u00e9 a figura m\u00edtica dun xigante carboeiro, ligado \u00e1 tradici\u00f3n do <a title=\"Nadal\" href=\"https:\/\/gl.wikipedia.org\/wiki\/Nadal\">Nadal<\/a>.<\/p>\n<dl>\n<dd>\n<dl>\n<dd><i>Ma\u00f1\u00e1 \u00e9 d\u00eda de cachela<\/i><\/dd>\n<dd><i>que haber\u00e1 gran nevarada<\/i><\/dd>\n<dd><i>e vai vir o Apalpador<\/i><\/dd>\n<dd><i>cunha mega de casta\u00f1as.<\/i><\/dd>\n<\/dl>\n<\/dd>\n<\/dl>\n<p>Material utilizado: <a href=\"https:\/\/test.imprimetresde.com\/nuestro-material-de-impresion-el-pla-polimero-biodegradable-procedente-de-recursos-vegetales\/\">PLA<\/a>\u00a0dourado<\/p>\n","protected":false},"featured_media":12690,"comment_status":"open","ping_status":"closed","template":"","meta":{"_vp_format_video_url":"","_vp_image_focal_point":[]},"product_brand":[],"product_cat":[315,316],"product_tag":[1480,550,1485,508,1483,235,1484,1486,1481,1482],"class_list":{"0":"post-6478","1":"product","2":"type-product","3":"status-publish","4":"has-post-thumbnail","6":"product_cat-complementos-gl","7":"product_cat-cultura-gl","8":"product_tag-apalpador","9":"product_tag-arbore","10":"product_tag-cacharelas","11":"product_tag-castanas","12":"product_tag-decorativa","13":"product_tag-figura-gl","14":"product_tag-mitico","15":"product_tag-montana","16":"product_tag-nadal","17":"product_tag-o-courel","19":"first","20":"instock","21":"taxable","22":"shipping-taxable","23":"purchasable","24":"product-type-simple"},"exclude_global_add_ons":[],"addons":[],"_links":{"self":[{"href":"https:\/\/test.imprimetresde.com\/gl\/wp-json\/wp\/v2\/product\/6478","targetHints":{"allow":["GET"]}}],"collection":[{"href":"https:\/\/test.imprimetresde.com\/gl\/wp-json\/wp\/v2\/product"}],"about":[{"href":"https:\/\/test.imprimetresde.com\/gl\/wp-json\/wp\/v2\/types\/product"}],"replies":[{"embeddable":true,"href":"https:\/\/test.imprimetresde.com\/gl\/wp-json\/wp\/v2\/comments?post=6478"}],"wp:featuredmedia":[{"embeddable":true,"href":"https:\/\/test.imprimetresde.com\/gl\/wp-json\/wp\/v2\/media\/12690"}],"wp:attachment":[{"href":"https:\/\/test.imprimetresde.com\/gl\/wp-json\/wp\/v2\/media?parent=6478"}],"wp:term":[{"taxonomy":"product_brand","embeddable":true,"href":"https:\/\/test.imprimetresde.com\/gl\/wp-json\/wp\/v2\/product_brand?post=6478"},{"taxonomy":"product_cat","embeddable":true,"href":"https:\/\/test.imprimetresde.com\/gl\/wp-json\/wp\/v2\/product_cat?post=6478"},{"taxonomy":"product_tag","embeddable":true,"href":"https:\/\/test.imprimetresde.com\/gl\/wp-json\/wp\/v2\/product_tag?post=6478"}],"curies":[{"name":"wp","href":"https:\/\/api.w.org\/{rel}","templated":true}]}}