{"id":6527,"date":"2018-12-20T21:11:27","date_gmt":"2018-12-20T19:11:27","guid":{"rendered":"https:\/\/test.imprimetresde.com\/?post_type=product&#038;p=6527"},"modified":"2024-12-24T14:24:05","modified_gmt":"2024-12-24T12:24:05","slug":"brincos-nasas","status":"publish","type":"product","link":"https:\/\/test.imprimetresde.com\/gl\/produto\/brincos-nasas\/","title":{"rendered":"Brincos Nasas"},"content":{"rendered":"<p>Brincos Nasas dese\u00f1ados pola equipa de <a href=\"https:\/\/test.imprimetresde.com\/gl\/\">Imprimetresde<\/a> podes atopar estes fermos\u00edsimos brincos <a href=\"https:\/\/gl.wikipedia.org\/wiki\/NASA\">nasas<\/a> como homenaxe ao tradicional a<span id=\"aui_3_2_0_1132\" class=\"Lemma\"><span id=\"aui_3_2_0_1131\" class=\"Subentry\"><span id=\"aui_3_2_0_1130\" class=\"Sense\"><span id=\"aui_3_2_0_1129\" class=\"Definition\"><span id=\"aui_3_2_0_1127\" class=\"Definition__Definition\">parello de pesca que consiste nunha especie de gaiola, normalmente de forma cil\u00edndrica, feita de madeira, metal, xunco ou vimbio e recuberta de rede. Est\u00e1 disposta de tal maneira que permite a entrada do peixe ou do marisco pero non a s\u00faa sa\u00edda. Def da RAG: https:\/\/academia.gal\/dicionario\/-\/termo\/nasa<\/span><\/span><\/span><\/span><\/span><\/p>\n<p>Realizados en madeira imprim\u00edbel (wooden <a href=\"https:\/\/test.imprimetresde.com\/gl\/o-noso-material-de-impresion-o-pla-polimero-biodegradabel-procedente-de-recursos-vexetais\/\">PLA<\/a>) e <a href=\"https:\/\/test.imprimetresde.com\/gl\/o-noso-material-de-impresion-o-pla-polimero-biodegradabel-procedente-de-recursos-vexetais\/\">PLA<\/a>, material procedente de materia vexetal, biodegrad\u00e1bel, non t\u00f3xico e ecol\u00f3xico.<\/p>\n","protected":false},"excerpt":{"rendered":"<p>Brincos Nasas dese\u00f1ados pola equipa de <a href=\"https:\/\/test.imprimetresde.com\/gl\/\">Imprimetresde<\/a> podes atopar estes fermos\u00edsimos brincos <a href=\"https:\/\/gl.wikipedia.org\/wiki\/NASA\">nasas<\/a> como homenaxe ao tradicional a<span id=\"aui_3_2_0_1132\" class=\"Lemma\"><span id=\"aui_3_2_0_1131\" class=\"Subentry\"><span id=\"aui_3_2_0_1130\" class=\"Sense\"><span id=\"aui_3_2_0_1129\" class=\"Definition\"><span id=\"aui_3_2_0_1127\" class=\"Definition__Definition\">parello de pesca que consiste nunha especie de gaiola, normalmente de forma cil\u00edndrica, feita de madeira, metal, xunco ou vimbio e recuberta de rede<\/span><\/span><\/span><\/span><\/span><\/p>\n","protected":false},"featured_media":6530,"comment_status":"open","ping_status":"closed","template":"","meta":{"_vp_format_video_url":"","_vp_image_focal_point":[]},"product_brand":[],"product_cat":[315,316,1290],"product_tag":[566,1395,2508,2507,860,863,859,1328,861,962,862,260],"class_list":{"0":"post-6527","1":"product","2":"type-product","3":"status-publish","4":"has-post-thumbnail","6":"product_cat-complementos-gl","7":"product_cat-cultura-gl","8":"product_cat-pendentes","9":"product_tag-agasallo","10":"product_tag-ecoloxico","11":"product_tag-impresion-3d-a-coruna","12":"product_tag-impresion-3d-coruna","13":"product_tag-mar","14":"product_tag-marisco","15":"product_tag-nasas","16":"product_tag-orixinal","17":"product_tag-peixe","18":"product_tag-pendientes-gl","19":"product_tag-pesca","20":"product_tag-pla-gl","22":"first","23":"instock","24":"sale","25":"taxable","26":"shipping-taxable","27":"purchasable","28":"product-type-simple"},"exclude_global_add_ons":false,"addons":[{"name":"Material de las fornituras (opcional)","type":"checkbox","position":0,"required":false,"title_format":"label","default":"","description_enable":true,"description":"Opci\u00f3n de incorporar fornituras de plata 925, de primera ley.","placeholder_enable":false,"placeholder":"","display":"select","restrictions_type":"any_text","adjust_price":false,"price":"","price_type":"flat_fee","restrictions":false,"min":"0","max":"0","options":[{"label":"Plata","price":"5","price_type":"flat_fee","image":0,"visibility":true}]}],"_links":{"self":[{"href":"https:\/\/test.imprimetresde.com\/gl\/wp-json\/wp\/v2\/product\/6527","targetHints":{"allow":["GET"]}}],"collection":[{"href":"https:\/\/test.imprimetresde.com\/gl\/wp-json\/wp\/v2\/product"}],"about":[{"href":"https:\/\/test.imprimetresde.com\/gl\/wp-json\/wp\/v2\/types\/product"}],"replies":[{"embeddable":true,"href":"https:\/\/test.imprimetresde.com\/gl\/wp-json\/wp\/v2\/comments?post=6527"}],"wp:featuredmedia":[{"embeddable":true,"href":"https:\/\/test.imprimetresde.com\/gl\/wp-json\/wp\/v2\/media\/6530"}],"wp:attachment":[{"href":"https:\/\/test.imprimetresde.com\/gl\/wp-json\/wp\/v2\/media?parent=6527"}],"wp:term":[{"taxonomy":"product_brand","embeddable":true,"href":"https:\/\/test.imprimetresde.com\/gl\/wp-json\/wp\/v2\/product_brand?post=6527"},{"taxonomy":"product_cat","embeddable":true,"href":"https:\/\/test.imprimetresde.com\/gl\/wp-json\/wp\/v2\/product_cat?post=6527"},{"taxonomy":"product_tag","embeddable":true,"href":"https:\/\/test.imprimetresde.com\/gl\/wp-json\/wp\/v2\/product_tag?post=6527"}],"curies":[{"name":"wp","href":"https:\/\/api.w.org\/{rel}","templated":true}]}}