{"id":6635,"date":"2019-02-20T18:51:25","date_gmt":"2019-02-20T16:51:25","guid":{"rendered":"https:\/\/test.imprimetresde.com\/?post_type=product&#038;p=6635"},"modified":"2025-09-17T13:36:48","modified_gmt":"2025-09-17T11:36:48","slug":"chaveiro-portamobil-gato","status":"publish","type":"product","link":"https:\/\/test.imprimetresde.com\/gl\/produto\/chaveiro-portamobil-gato\/","title":{"rendered":"Chaveiro Portam\u00f3bil Gato"},"content":{"rendered":"<p>Chaveiro Portam\u00f3bil Gato dese\u00f1ado pola equipa de <a href=\"https:\/\/test.imprimetresde.com\/gl\/\">Imprimetresde<\/a> que permite colocar o smartphone ou tablet en formato apaisado. Temos a dispor tam\u00e9n Can, Vaca, Morcego, Drag\u00f3n, Hipop\u00f3tamo, Tartaruga, Caracol e Coello e, pr\u00f3ximamente, faremos medrar a familia.<\/p>\n<p>*O material no que est\u00e1 realizado \u00e9 <a href=\"https:\/\/test.imprimetresde.com\/nuestro-material-de-impresion-el-pla-polimero-biodegradable-procedente-de-recursos-vegetales\/\">PLA<\/a>, material procedente de materia vexetal, biodegrad\u00e1bel, non t\u00f3xico e ecol\u00f3xico<\/p>\n","protected":false},"excerpt":{"rendered":"<p>Chaveiro Portam\u00f3bil Gato dese\u00f1ado pola equipa de <a href=\"https:\/\/test.imprimetresde.com\/gl\/\">Imprimetresde<\/a> que permite colocar o smartphone ou tablet en formato apaisado. Temos a dispor tam\u00e9n Can, Vaca, Morcego, Drag\u00f3n, Hipop\u00f3tamo, Tartaruga, Caracol e Coello e, pr\u00f3ximamente, faremos medrar a familia.<\/p>\n<p>&nbsp;<\/p>\n<p>&nbsp;<\/p>\n","protected":false},"featured_media":6637,"comment_status":"open","ping_status":"closed","template":"","meta":{"_vp_format_video_url":"","_vp_image_focal_point":[]},"product_brand":[],"product_cat":[315,320],"product_tag":[894,256,548,1114,1115,232,2508,2507,266,893,488,490],"class_list":{"0":"post-6635","1":"product","2":"type-product","3":"status-publish","4":"has-post-thumbnail","6":"product_cat-complementos-gl","7":"product_cat-mascotas-gl","8":"product_tag-animalino","9":"product_tag-chaveiro","10":"product_tag-chaves","11":"product_tag-dia-da-nai","12":"product_tag-dia-do-pai","13":"product_tag-gato-gl","14":"product_tag-impresion-3d-a-coruna","15":"product_tag-impresion-3d-coruna","16":"product_tag-mobil","17":"product_tag-portamobil","18":"product_tag-soporte-mobil","19":"product_tag-tablet","21":"first","22":"instock","23":"sale","24":"taxable","25":"shipping-taxable","26":"purchasable","27":"product-type-simple"},"exclude_global_add_ons":false,"addons":[{"name":"Texto personalizado","type":"heading","position":0,"required":false,"title_format":"label","default":"","description_enable":true,"description":"**Texto que llevar\u00e1 el objeto al imprimirlo (8 caracteres m\u00e1ximo)","placeholder_enable":false,"placeholder":"","display":"select","restrictions_type":"any_text","adjust_price":false,"price":"","price_type":"","restrictions":false,"min":"0","max":"0","options":[]},{"name":"Texto","type":"custom_text","position":0,"required":false,"title_format":"label","default":"","description_enable":false,"description":"","placeholder_enable":false,"placeholder":"","display":"select","restrictions_type":"any_text","adjust_price":true,"price":"5","price_type":"quantity_based","restrictions":false,"min":"","max":"","options":[]}],"_links":{"self":[{"href":"https:\/\/test.imprimetresde.com\/gl\/wp-json\/wp\/v2\/product\/6635","targetHints":{"allow":["GET"]}}],"collection":[{"href":"https:\/\/test.imprimetresde.com\/gl\/wp-json\/wp\/v2\/product"}],"about":[{"href":"https:\/\/test.imprimetresde.com\/gl\/wp-json\/wp\/v2\/types\/product"}],"replies":[{"embeddable":true,"href":"https:\/\/test.imprimetresde.com\/gl\/wp-json\/wp\/v2\/comments?post=6635"}],"wp:featuredmedia":[{"embeddable":true,"href":"https:\/\/test.imprimetresde.com\/gl\/wp-json\/wp\/v2\/media\/6637"}],"wp:attachment":[{"href":"https:\/\/test.imprimetresde.com\/gl\/wp-json\/wp\/v2\/media?parent=6635"}],"wp:term":[{"taxonomy":"product_brand","embeddable":true,"href":"https:\/\/test.imprimetresde.com\/gl\/wp-json\/wp\/v2\/product_brand?post=6635"},{"taxonomy":"product_cat","embeddable":true,"href":"https:\/\/test.imprimetresde.com\/gl\/wp-json\/wp\/v2\/product_cat?post=6635"},{"taxonomy":"product_tag","embeddable":true,"href":"https:\/\/test.imprimetresde.com\/gl\/wp-json\/wp\/v2\/product_tag?post=6635"}],"curies":[{"name":"wp","href":"https:\/\/api.w.org\/{rel}","templated":true}]}}