{"id":6691,"date":"2019-03-14T13:58:35","date_gmt":"2019-03-14T11:58:35","guid":{"rendered":"https:\/\/test.imprimetresde.com\/?post_type=product&#038;p=6691"},"modified":"2025-03-11T18:03:33","modified_gmt":"2025-03-11T16:03:33","slug":"chaveiro-personalizado-equipos","status":"publish","type":"product","link":"https:\/\/test.imprimetresde.com\/gl\/produto\/chaveiro-personalizado-equipos\/","title":{"rendered":"Chaveiro Personalizado Equipos"},"content":{"rendered":"<p>Chaveiro Personalizado Equipos. Orixinal chaveiro personalizado inspirado no <a href=\"https:\/\/www.google.com\/search?q=Equipo+definici%C3%B3n&amp;sa=X&amp;ved=2ahUKEwialdeh97LvAhWqQUEAHQzHC7IQ1QIwE3oECAsQAQ&amp;biw=1366&amp;bih=657\">equipo<\/a> da t\u00faa cidade. P\u00f3dese realizar en varias cores e vai co teu nome para ti ou para agasallar.<\/p>\n<p>*O material no que est\u00e1 realizado \u00e9 <a href=\"https:\/\/test.imprimetresde.com\/gl\/o-noso-material-de-impresion-o-pla-polimero-biodegradabel-procedente-de-recursos-vexetais\/\">PLA<\/a>, material procedente de materia vexetal, biodegrad\u00e1bel, non t\u00f3xico e ecol\u00f3xico<\/p>\n","protected":false},"excerpt":{"rendered":"<p>Chaveiro Personalizado Equipo. Orixinal chaveiro personalizado inspirado no equipo da t\u00faa cidade. P\u00f3dese realizar en varias cores e vai co teu nome para ti ou para agasallar.<\/p>\n","protected":false},"featured_media":9860,"comment_status":"open","ping_status":"closed","template":"","meta":{"_vp_format_video_url":"","_vp_image_focal_point":[]},"product_brand":[],"product_cat":[315,2499],"product_tag":[899,903,953,951,256,905,916,901,917,1114,1115,897,904,950,898,900,2508,2507,902,274,918,952,919,553,241],"class_list":{"0":"post-6691","1":"product","2":"type-product","3":"status-publish","4":"has-post-thumbnail","6":"product_cat-complementos-gl","7":"product_cat-personalizados","8":"product_tag-baloncesto","9":"product_tag-campo","10":"product_tag-cd-lugo","11":"product_tag-celta-de-vigo","12":"product_tag-chaveiro","13":"product_tag-cidade","14":"product_tag-depor","15":"product_tag-deportes","16":"product_tag-deportivo-de-la-coruna","17":"product_tag-dia-da-nai","18":"product_tag-dia-do-pai","19":"product_tag-equipo","20":"product_tag-estadio","21":"product_tag-f-c-barcelona","22":"product_tag-futbol","23":"product_tag-hockey","24":"product_tag-impresion-3d-a-coruna","25":"product_tag-impresion-3d-coruna","26":"product_tag-partido","27":"product_tag-personalizado-gl","28":"product_tag-real-club-deportivo-de-la-coruna","29":"product_tag-real-madrid","30":"product_tag-riazor","31":"product_tag-xogar","32":"product_tag-xogo","34":"first","35":"instock","36":"taxable","37":"shipping-taxable","38":"purchasable","39":"product-type-variable"},"exclude_global_add_ons":false,"addons":[{"name":"Texto Personalizado","type":"custom_text","position":0,"required":true,"title_format":"label","default":"","description_enable":true,"description":"Engadir o texto que figurar\u00e1 no chaveiro (nome ou palabra)","placeholder_enable":false,"placeholder":"","display":"select","restrictions_type":"any_text","adjust_price":false,"price":"5","price_type":"flat_fee","restrictions":true,"min":"1","max":"7","options":[]}],"_links":{"self":[{"href":"https:\/\/test.imprimetresde.com\/gl\/wp-json\/wp\/v2\/product\/6691","targetHints":{"allow":["GET"]}}],"collection":[{"href":"https:\/\/test.imprimetresde.com\/gl\/wp-json\/wp\/v2\/product"}],"about":[{"href":"https:\/\/test.imprimetresde.com\/gl\/wp-json\/wp\/v2\/types\/product"}],"replies":[{"embeddable":true,"href":"https:\/\/test.imprimetresde.com\/gl\/wp-json\/wp\/v2\/comments?post=6691"}],"wp:featuredmedia":[{"embeddable":true,"href":"https:\/\/test.imprimetresde.com\/gl\/wp-json\/wp\/v2\/media\/9860"}],"wp:attachment":[{"href":"https:\/\/test.imprimetresde.com\/gl\/wp-json\/wp\/v2\/media?parent=6691"}],"wp:term":[{"taxonomy":"product_brand","embeddable":true,"href":"https:\/\/test.imprimetresde.com\/gl\/wp-json\/wp\/v2\/product_brand?post=6691"},{"taxonomy":"product_cat","embeddable":true,"href":"https:\/\/test.imprimetresde.com\/gl\/wp-json\/wp\/v2\/product_cat?post=6691"},{"taxonomy":"product_tag","embeddable":true,"href":"https:\/\/test.imprimetresde.com\/gl\/wp-json\/wp\/v2\/product_tag?post=6691"}],"curies":[{"name":"wp","href":"https:\/\/api.w.org\/{rel}","templated":true}]}}