{"id":6954,"date":"2020-01-29T12:43:21","date_gmt":"2020-01-29T10:43:21","guid":{"rendered":"https:\/\/test.imprimetresde.com\/?post_type=product&#038;p=6954"},"modified":"2025-03-23T17:33:31","modified_gmt":"2025-03-23T15:33:31","slug":"colar-zoca","status":"publish","type":"product","link":"https:\/\/test.imprimetresde.com\/gl\/produto\/colar-zoca\/","title":{"rendered":"Colar Zoca"},"content":{"rendered":"<p>Colar <a href=\"https:\/\/gl.wikipedia.org\/wiki\/Zoca\">Zoca<\/a>,\u00a0dese\u00f1ado por\u00a0<a href=\"https:\/\/test.imprimetresde.com\">Imprimetresde<\/a>\u00a0 en homenaxe ao calzado galego tradicional. Est\u00e1 realizada en madeira WOODEN PLA, acompa\u00f1ado dunha elegante cadea. As zocas son c<span id=\"aui_3_2_0_1163\" class=\"Lemma\"><span id=\"aui_3_2_0_1162\" class=\"Subentry\"><span id=\"aui_3_2_0_1161\" class=\"Sense\"><span id=\"aui_3_2_0_1160\" class=\"Definition\"><span id=\"aui_3_2_0_1158\" class=\"Definition__Definition\">alzado dunha soa peza enteiramente de madeira. Leva tacos ou chatolas para evitar a humidade. C\u00e1lzase sobre os p\u00e9s protexidos por carp\u00edns, zapatillas etc.<\/span><\/span><\/span><\/span><\/span><\/p>\n<p>*O material no que est\u00e1n realizados \u00e9\u00a0<a href=\"https:\/\/test.imprimetresde.com\/gl\/o-noso-material-de-impresion-o-pla-polimero-biodegradabel-procedente-de-recursos-vexetais\/\">PLA<\/a> (material procedente de materia vexetal, biodegrad\u00e1bel, non t\u00f3xico e ecol\u00f3xico) e m\u00e1is un 80% de madeira.<\/p>\n","protected":false},"excerpt":{"rendered":"<p>Colar <a href=\"https:\/\/gl.wikipedia.org\/wiki\/Zoca\">Zoca<\/a> , dese\u00f1ado por <a href=\"https:\/\/test.imprimetresde.com\">Imprimetresde <\/a>en homenaxe ao calzado galego tradicional. Est\u00e1 realizada en madeira WOODEN <a href=\"https:\/\/test.imprimetresde.com\/gl\/o-noso-material-de-impresion-o-pla-polimero-biodegradabel-procedente-de-recursos-vexetais\/\">PLA<\/a> e leva unha elegante cadea.<\/p>\n","protected":false},"featured_media":6956,"comment_status":"open","ping_status":"closed","template":"","meta":{"_vp_format_video_url":"","_vp_image_focal_point":[]},"product_brand":[],"product_cat":[1312,315,316],"product_tag":[594,410,479,463,2508,2507,2046,429,1384,447,512,977,976,592],"class_list":{"0":"post-6954","1":"product","2":"type-product","3":"status-publish","4":"has-post-thumbnail","6":"product_cat-colgantes-gl","7":"product_cat-complementos-gl","8":"product_cat-cultura-gl","9":"product_tag-calzado","10":"product_tag-galego","11":"product_tag-galicia","12":"product_tag-galiza","13":"product_tag-impresion-3d-a-coruna","14":"product_tag-impresion-3d-coruna","15":"product_tag-indumentaria","16":"product_tag-madeira-gl","17":"product_tag-souvenir","18":"product_tag-tradicion","19":"product_tag-tradicional","20":"product_tag-zapatos","21":"product_tag-zoca","22":"product_tag-zocas","24":"first","25":"instock","26":"sale","27":"taxable","28":"shipping-taxable","29":"purchasable","30":"product-type-simple"},"exclude_global_add_ons":false,"addons":[{"name":"Material da Cadea (opcional)","type":"checkbox","position":0,"required":false,"title_format":"label","default":"","description_enable":true,"description":"Opci\u00f3n de facer a peza con cadea e accesorios de prata 925, de primera lei.","placeholder_enable":false,"placeholder":"","display":"select","restrictions_type":"any_text","adjust_price":false,"price":"","price_type":"flat_fee","restrictions":false,"min":"0","max":"0","options":[{"label":"Prata","price":"10","price_type":"flat_fee","image":0,"visibility":true}]}],"_links":{"self":[{"href":"https:\/\/test.imprimetresde.com\/gl\/wp-json\/wp\/v2\/product\/6954","targetHints":{"allow":["GET"]}}],"collection":[{"href":"https:\/\/test.imprimetresde.com\/gl\/wp-json\/wp\/v2\/product"}],"about":[{"href":"https:\/\/test.imprimetresde.com\/gl\/wp-json\/wp\/v2\/types\/product"}],"replies":[{"embeddable":true,"href":"https:\/\/test.imprimetresde.com\/gl\/wp-json\/wp\/v2\/comments?post=6954"}],"wp:featuredmedia":[{"embeddable":true,"href":"https:\/\/test.imprimetresde.com\/gl\/wp-json\/wp\/v2\/media\/6956"}],"wp:attachment":[{"href":"https:\/\/test.imprimetresde.com\/gl\/wp-json\/wp\/v2\/media?parent=6954"}],"wp:term":[{"taxonomy":"product_brand","embeddable":true,"href":"https:\/\/test.imprimetresde.com\/gl\/wp-json\/wp\/v2\/product_brand?post=6954"},{"taxonomy":"product_cat","embeddable":true,"href":"https:\/\/test.imprimetresde.com\/gl\/wp-json\/wp\/v2\/product_cat?post=6954"},{"taxonomy":"product_tag","embeddable":true,"href":"https:\/\/test.imprimetresde.com\/gl\/wp-json\/wp\/v2\/product_tag?post=6954"}],"curies":[{"name":"wp","href":"https:\/\/api.w.org\/{rel}","templated":true}]}}