{"id":7416,"date":"2020-04-26T12:59:11","date_gmt":"2020-04-26T10:59:11","guid":{"rendered":"https:\/\/test.imprimetresde.com\/?post_type=product&#038;p=7416"},"modified":"2025-05-29T20:14:47","modified_gmt":"2025-05-29T18:14:47","slug":"suxeitaflor-decorativo","status":"publish","type":"product","link":"https:\/\/test.imprimetresde.com\/gl\/produto\/suxeitaflor-decorativo\/","title":{"rendered":"Suxeitaflor decorativo"},"content":{"rendered":"<p>Suxeitaflor decorativo, dese\u00f1o orixinal de Imprimetresde para esa ocasi\u00f3n especial. Fai o teu agasallo para o D\u00eda da Nai, do Pai, un aniversario ou para calqueira felicitaci\u00f3n. Tam\u00e9n se pode personalizar por 5\u20ac m\u00e1is. Podes colocar o suxeitaflor no teu xarr\u00f3n favorito, non importa o di\u00e1metro, e tam\u00e9n noutros soportes como a pantalla do port\u00e1til, do ordenador, etc.<\/p>\n<p>Cores dispo\u00f1\u00edbeis: lila, vermello, dourado e branco.<\/p>\n<p>*O material no que est\u00e1 realizado \u00e9 <a href=\"https:\/\/test.imprimetresde.com\/gl\/o-noso-material-de-impresion-o-pla-polimero-biodegradabel-procedente-de-recursos-vexetais\/\">PLA<\/a>\u00a0material procedente de materia vexetal, biodegrad\u00e1bel, non t\u00f3xico e ecol\u00f3xico<\/p>\n","protected":false},"excerpt":{"rendered":"<p>Suxeitaflor decorativo, dese\u00f1o orixinal de Imprimetresde para esa ocasi\u00f3n especial. Fai o teu agasallo para o D\u00eda da Nai, do Pai, un aniversario ou para calqueira felicitaci\u00f3n. Tam\u00e9n se pode personalizar por 5\u20ac m\u00e1is. Podes colocar o suxeitaflor no teu xarr\u00f3n favorito, non importa o di\u00e1metro, e tam\u00e9n noutros soportes como a pantalla do port\u00e1til, do ordenador, etc.<\/p>\n<p>Cores dispo\u00f1\u00edbeis: lila, vermello, dourado e branco.<\/p>\n","protected":false},"featured_media":10825,"comment_status":"open","ping_status":"closed","template":"","meta":{"_vp_format_video_url":"","_vp_image_focal_point":[]},"product_brand":[],"product_cat":[316,313,2499],"product_tag":[566,2739,2738,210,2125,1114,1115,1117,828,1116,2508,2507,274,2736,968,2737],"class_list":{"0":"post-7416","1":"product","2":"type-product","3":"status-publish","4":"has-post-thumbnail","6":"product_cat-cultura-gl","7":"product_cat-ambiente-gl","8":"product_cat-personalizados","9":"product_tag-agasallo","10":"product_tag-bodas-gl","11":"product_tag-comunion","12":"product_tag-decoracion-gl","13":"product_tag-detalle","14":"product_tag-dia-da-nai","15":"product_tag-dia-do-pai","16":"product_tag-especial","17":"product_tag-flor","18":"product_tag-flores","19":"product_tag-impresion-3d-a-coruna","20":"product_tag-impresion-3d-coruna","21":"product_tag-personalizado-gl","22":"product_tag-ramo","23":"product_tag-regalo-gl","24":"product_tag-voda","26":"first","27":"instock","28":"taxable","29":"shipping-taxable","30":"purchasable","31":"product-type-variable"},"exclude_global_add_ons":false,"addons":[{"name":"Cor","type":"multiple_choice","position":0,"required":true,"title_format":"label","default":"","description_enable":true,"description":"Elixe a cor preferida para o teu produto","placeholder_enable":false,"placeholder":"","display":"select","restrictions_type":"any_text","adjust_price":false,"price":"","price_type":"flat_fee","restrictions":false,"min":"0","max":"0","options":[{"label":"Lila","price":"","price_type":"flat_fee","image":0,"visibility":true},{"label":"Vermello","price":"","price_type":"flat_fee","image":0,"visibility":true},{"label":"Branco","price":"","price_type":"flat_fee","image":0,"visibility":true},{"label":"Dourado","price":"","price_type":"flat_fee","image":0,"visibility":true}]},{"name":"Texto personalizado","type":"custom_text","position":1,"required":false,"title_format":"label","default":"","description_enable":true,"description":"Introduce o texto que queres incluir no teu suxeitaflor","placeholder_enable":false,"placeholder":"","display":"select","restrictions_type":"any_text","adjust_price":true,"price":"5","price_type":"flat_fee","restrictions":true,"min":"1","max":"12","options":[]}],"_links":{"self":[{"href":"https:\/\/test.imprimetresde.com\/gl\/wp-json\/wp\/v2\/product\/7416","targetHints":{"allow":["GET"]}}],"collection":[{"href":"https:\/\/test.imprimetresde.com\/gl\/wp-json\/wp\/v2\/product"}],"about":[{"href":"https:\/\/test.imprimetresde.com\/gl\/wp-json\/wp\/v2\/types\/product"}],"replies":[{"embeddable":true,"href":"https:\/\/test.imprimetresde.com\/gl\/wp-json\/wp\/v2\/comments?post=7416"}],"wp:featuredmedia":[{"embeddable":true,"href":"https:\/\/test.imprimetresde.com\/gl\/wp-json\/wp\/v2\/media\/10825"}],"wp:attachment":[{"href":"https:\/\/test.imprimetresde.com\/gl\/wp-json\/wp\/v2\/media?parent=7416"}],"wp:term":[{"taxonomy":"product_brand","embeddable":true,"href":"https:\/\/test.imprimetresde.com\/gl\/wp-json\/wp\/v2\/product_brand?post=7416"},{"taxonomy":"product_cat","embeddable":true,"href":"https:\/\/test.imprimetresde.com\/gl\/wp-json\/wp\/v2\/product_cat?post=7416"},{"taxonomy":"product_tag","embeddable":true,"href":"https:\/\/test.imprimetresde.com\/gl\/wp-json\/wp\/v2\/product_tag?post=7416"}],"curies":[{"name":"wp","href":"https:\/\/api.w.org\/{rel}","templated":true}]}}