{"id":7667,"date":"2018-06-25T16:11:23","date_gmt":"2018-06-25T15:11:23","guid":{"rendered":"https:\/\/test.imprimetresde.com\/producto\/chaveiro-orgullo-2\/"},"modified":"2025-03-21T11:26:47","modified_gmt":"2025-03-21T09:26:47","slug":"chaveiro-orgullo","status":"publish","type":"product","link":"https:\/\/test.imprimetresde.com\/gl\/produto\/chaveiro-orgullo\/","title":{"rendered":"Chaveiro ORGULLO"},"content":{"rendered":"<p>Chaveiro ORGULLO dese\u00f1ado pola equipa\u00a0<a href=\"https:\/\/test.imprimetresde.com\/\">Imprimetresde<\/a> para visiblizar a loita do movimento <a href=\"https:\/\/es.wikipedia.org\/wiki\/LGBT\">LGBTI<\/a>. Movimento social e pol\u00edtico que loita contra a discriminaci\u00f3n e a homofobia. Do mesmo xeito, est\u00e1 a favor da equiparaci\u00f3n e reco\u00f1ecemento de dereitos das persoas lesbianas, gais, bisexuais, transx\u00e9neros y transexuais.<\/p>\n<p>&nbsp;<\/p>\n<p>&nbsp;<\/p>\n","protected":false},"excerpt":{"rendered":"<p>Chaveiro ORGULLO dese\u00f1ado pola equipa\u00a0<a href=\"https:\/\/test.imprimetresde.com\/\">Imprimetresde<\/a> para visiblizar a loita do movimento <a href=\"https:\/\/es.wikipedia.org\/wiki\/LGBT\">LGBTI<\/a>. Movimento social e pol\u00edtico que loita contra a discriminaci\u00f3n e a homofobia, e a favor da equiparaci\u00f3n e reconocimiento de dereitos das persoas lesbianas, gais, bisexuais, transx\u00e9neros y transexuais.<\/p>\n<p>&nbsp;<\/p>\n<p>&nbsp;<\/p>\n","protected":false},"featured_media":6317,"comment_status":"open","ping_status":"closed","template":"","meta":{"_vp_format_video_url":"","_vp_image_focal_point":[]},"product_brand":[],"product_cat":[421,315],"product_tag":[256,1202,1199,1198,1201,1798,1203,1786,1200],"class_list":{"0":"post-7667","1":"product","2":"type-product","3":"status-publish","4":"has-post-thumbnail","6":"product_cat-activismo","7":"product_cat-complementos-gl","8":"product_tag-chaveiro","9":"product_tag-colectivo-lgtbi-gl","10":"product_tag-gais","11":"product_tag-igualdade-de-dereitos","12":"product_tag-lesbianas-gl","13":"product_tag-orgullo-gl","14":"product_tag-orgullolgtbqi-gl","15":"product_tag-pride-gl","16":"product_tag-trans-gl","18":"first","19":"instock","20":"taxable","21":"shipping-taxable","22":"purchasable","23":"product-type-simple"},"exclude_global_add_ons":[],"addons":[],"_links":{"self":[{"href":"https:\/\/test.imprimetresde.com\/gl\/wp-json\/wp\/v2\/product\/7667","targetHints":{"allow":["GET"]}}],"collection":[{"href":"https:\/\/test.imprimetresde.com\/gl\/wp-json\/wp\/v2\/product"}],"about":[{"href":"https:\/\/test.imprimetresde.com\/gl\/wp-json\/wp\/v2\/types\/product"}],"replies":[{"embeddable":true,"href":"https:\/\/test.imprimetresde.com\/gl\/wp-json\/wp\/v2\/comments?post=7667"}],"wp:featuredmedia":[{"embeddable":true,"href":"https:\/\/test.imprimetresde.com\/gl\/wp-json\/wp\/v2\/media\/6317"}],"wp:attachment":[{"href":"https:\/\/test.imprimetresde.com\/gl\/wp-json\/wp\/v2\/media?parent=7667"}],"wp:term":[{"taxonomy":"product_brand","embeddable":true,"href":"https:\/\/test.imprimetresde.com\/gl\/wp-json\/wp\/v2\/product_brand?post=7667"},{"taxonomy":"product_cat","embeddable":true,"href":"https:\/\/test.imprimetresde.com\/gl\/wp-json\/wp\/v2\/product_cat?post=7667"},{"taxonomy":"product_tag","embeddable":true,"href":"https:\/\/test.imprimetresde.com\/gl\/wp-json\/wp\/v2\/product_tag?post=7667"}],"curies":[{"name":"wp","href":"https:\/\/api.w.org\/{rel}","templated":true}]}}