{"id":7684,"date":"2020-07-01T16:21:14","date_gmt":"2020-07-01T14:21:14","guid":{"rendered":"https:\/\/test.imprimetresde.com\/?post_type=product&#038;p=7684"},"modified":"2025-09-17T16:39:49","modified_gmt":"2025-09-17T14:39:49","slug":"pulseira-da-patria","status":"publish","type":"product","link":"https:\/\/test.imprimetresde.com\/gl\/produto\/pulseira-da-patria\/","title":{"rendered":"Pulseira da Patria"},"content":{"rendered":"<p>Pulseira da Patria. Dese\u00f1o \u00fanico e orixinal de <a href=\"https:\/\/test.imprimetresde.com\/gl\/\">Imprimetresde<\/a> baseado nas cores da <a href=\"https:\/\/gl.wikipedia.org\/wiki\/Estreleira\">Estreleira<\/a> ou bandeira da Patria,\u00a0que simboliza a loita pola independencia de\u00a0<a class=\"mw-redirect\" title=\"Galiza\" href=\"https:\/\/gl.wikipedia.org\/wiki\/Galiza\">Galiza.<\/a>\u00a0\u00c9 a bandeira galega cunha\u00a0<a title=\"Estrela vermella\" href=\"https:\/\/gl.wikipedia.org\/wiki\/Estrela_vermella\">estrela vermella<\/a>\u00a0de cinco puntas no centro, que significa\u00a0<a title=\"Independencia\" href=\"https:\/\/gl.wikipedia.org\/wiki\/Independencia\">independencia<\/a>\u00a0e\u00a0<a class=\"mw-redirect\" title=\"Socialista\" href=\"https:\/\/gl.wikipedia.org\/wiki\/Socialista\">socialismo<\/a>. Est\u00e1 formada por varias pezas brancas (6, 7 ou 8 seg\u00fan o tama\u00f1o), d\u00faas azuis e a estrela en vermello, todas elas unidas cunha goma el\u00e1stica. \u00c9 moi c\u00f3moda de po\u00f1er e quitar xa que non leva peche.<\/p>\n<p>*O material no que est\u00e1 realizado \u00e9\u00a0<a href=\"https:\/\/test.imprimetresde.com\/gl\/o-noso-material-de-impresion-o-pla-polimero-biodegradabel-procedente-de-recursos-vexetais\/\">PLA<\/a>, material procedente de materia vexetal, biodegrad\u00e1bel, non t\u00f3xico e ecol\u00f3xico.<\/p>\n<p>&nbsp;<\/p>\n","protected":false},"excerpt":{"rendered":"<p>Pulseira da Patria. Dese\u00f1o \u00fanico e orixinal de <a href=\"https:\/\/test.imprimetresde.com\/gl\/\">Imprimetresde<\/a> baseado nas cores da <a href=\"https:\/\/gl.wikipedia.org\/wiki\/Estreleira\">Estreleira<\/a> ou bandeira da Patria,\u00a0que simboliza a loita pola independencia de\u00a0<a class=\"mw-redirect\" title=\"Galiza\" href=\"https:\/\/gl.wikipedia.org\/wiki\/Galiza\">Galiza.<\/a>\u00a0\u00c9 a bandeira galega cunha\u00a0<a title=\"Estrela vermella\" href=\"https:\/\/gl.wikipedia.org\/wiki\/Estrela_vermella\">estrela vermella<\/a>\u00a0de cinco puntas no centro, que significa\u00a0<a title=\"Independencia\" href=\"https:\/\/gl.wikipedia.org\/wiki\/Independencia\">independencia<\/a>\u00a0e\u00a0<a class=\"mw-redirect\" title=\"Socialista\" href=\"https:\/\/gl.wikipedia.org\/wiki\/Socialista\">socialismo<\/a>.<\/p>\n","protected":false},"featured_media":7688,"comment_status":"open","ping_status":"closed","template":"","meta":{"_vp_format_video_url":"","_vp_image_focal_point":[]},"product_brand":[],"product_cat":[421,315,316],"product_tag":[1962,1963,1114,1208,1149,1115,237,2508,2507,1207,578,464,602,1206],"class_list":{"0":"post-7684","1":"product","2":"type-product","3":"status-publish","4":"has-post-thumbnail","6":"product_cat-activismo","7":"product_cat-complementos-gl","8":"product_cat-cultura-gl","9":"product_tag-17-de-maio","10":"product_tag-17m","11":"product_tag-dia-da-nai","12":"product_tag-dia-da-patria","13":"product_tag-dia-das-letras","14":"product_tag-dia-do-pai","15":"product_tag-estreleira-gl","16":"product_tag-impresion-3d-a-coruna","17":"product_tag-impresion-3d-coruna","18":"product_tag-nacion-galega","19":"product_tag-nazon","20":"product_tag-pais","21":"product_tag-patria","22":"product_tag-pulseira","24":"first","25":"instock","26":"taxable","27":"shipping-taxable","28":"purchasable","29":"product-type-variable"},"exclude_global_add_ons":[],"addons":[],"_links":{"self":[{"href":"https:\/\/test.imprimetresde.com\/gl\/wp-json\/wp\/v2\/product\/7684","targetHints":{"allow":["GET"]}}],"collection":[{"href":"https:\/\/test.imprimetresde.com\/gl\/wp-json\/wp\/v2\/product"}],"about":[{"href":"https:\/\/test.imprimetresde.com\/gl\/wp-json\/wp\/v2\/types\/product"}],"replies":[{"embeddable":true,"href":"https:\/\/test.imprimetresde.com\/gl\/wp-json\/wp\/v2\/comments?post=7684"}],"wp:featuredmedia":[{"embeddable":true,"href":"https:\/\/test.imprimetresde.com\/gl\/wp-json\/wp\/v2\/media\/7688"}],"wp:attachment":[{"href":"https:\/\/test.imprimetresde.com\/gl\/wp-json\/wp\/v2\/media?parent=7684"}],"wp:term":[{"taxonomy":"product_brand","embeddable":true,"href":"https:\/\/test.imprimetresde.com\/gl\/wp-json\/wp\/v2\/product_brand?post=7684"},{"taxonomy":"product_cat","embeddable":true,"href":"https:\/\/test.imprimetresde.com\/gl\/wp-json\/wp\/v2\/product_cat?post=7684"},{"taxonomy":"product_tag","embeddable":true,"href":"https:\/\/test.imprimetresde.com\/gl\/wp-json\/wp\/v2\/product_tag?post=7684"}],"curies":[{"name":"wp","href":"https:\/\/api.w.org\/{rel}","templated":true}]}}