{"id":7933,"date":"2020-08-12T17:00:25","date_gmt":"2020-08-12T15:00:25","guid":{"rendered":"https:\/\/test.imprimetresde.com\/?post_type=product&#038;p=7933"},"modified":"2025-09-17T13:31:31","modified_gmt":"2025-09-17T11:31:31","slug":"colar-sardina","status":"publish","type":"product","link":"https:\/\/test.imprimetresde.com\/gl\/produto\/colar-sardina\/","title":{"rendered":"Colar Sardi\u00f1a"},"content":{"rendered":"<p>Colar Sardi\u00f1a, dese\u00f1o orixinal de I3D. Fermoso colar ca raspa dunha <a href=\"https:\/\/gl.wikipedia.org\/wiki\/Sardi%C3%B1a\">sardi\u00f1a<\/a> tan t\u00edpica da nosa costa galega. Para ti ou para agasallar, presume dun anaco do noso mar!<\/p>\n<p>*O material no que est\u00e1 realizado \u00e9 <a href=\"https:\/\/test.imprimetresde.com\/gl\/o-noso-material-de-impresion-o-pla-polimero-biodegradabel-procedente-de-recursos-vexetais\/\">PLA<\/a>, material procedente de materia vexetal, biodegrad\u00e1bel, non t\u00f3xico e ecol\u00f3xico<\/p>\n<p>&nbsp;<\/p>\n","protected":false},"excerpt":{"rendered":"<p>Colar Sardi\u00f1a, dese\u00f1o orixinal de I3D. Fermoso colar ca raspa dunha <a href=\"https:\/\/gl.wikipedia.org\/wiki\/Sardi%C3%B1a\">sardi\u00f1a<\/a> tan t\u00edpica da nosa costa galega. Para ti ou para agasallar, presume dun anaco do noso mar!<\/p>\n<p>&nbsp;<\/p>\n","protected":false},"featured_media":9888,"comment_status":"open","ping_status":"closed","template":"","meta":{"_vp_format_video_url":"","_vp_image_focal_point":[]},"product_brand":[],"product_cat":[1312,315,316],"product_tag":[388,1114,880,409,410,479,463,2508,2507,860,861,1298,1297,1295,1384,387],"class_list":{"0":"post-7933","1":"product","2":"type-product","3":"status-publish","4":"has-post-thumbnail","6":"product_cat-colgantes-gl","7":"product_cat-complementos-gl","8":"product_cat-cultura-gl","9":"product_tag-colar","10":"product_tag-dia-da-nai","11":"product_tag-furancho","12":"product_tag-galega","13":"product_tag-galego","14":"product_tag-galicia","15":"product_tag-galiza","16":"product_tag-impresion-3d-a-coruna","17":"product_tag-impresion-3d-coruna","18":"product_tag-mar","19":"product_tag-peixe","20":"product_tag-raspa","21":"product_tag-san-xoan","22":"product_tag-sardina","23":"product_tag-souvenir","24":"product_tag-tipico","26":"first","27":"instock","28":"taxable","29":"shipping-taxable","30":"purchasable","31":"product-type-simple"},"exclude_global_add_ons":false,"addons":[{"name":"Material da Cadea (opcional)","type":"checkbox","position":0,"required":false,"title_format":"label","default":"","description_enable":true,"description":"Opci\u00f3n de facer a peza con cadea e accesorios de prata 925, de primera lei.","placeholder_enable":false,"placeholder":"","display":"select","restrictions_type":"any_text","adjust_price":false,"price":"","price_type":"flat_fee","restrictions":false,"min":"0","max":"0","options":[{"label":"Prata","price":"10","price_type":"flat_fee","image":0,"visibility":true}]}],"_links":{"self":[{"href":"https:\/\/test.imprimetresde.com\/gl\/wp-json\/wp\/v2\/product\/7933","targetHints":{"allow":["GET"]}}],"collection":[{"href":"https:\/\/test.imprimetresde.com\/gl\/wp-json\/wp\/v2\/product"}],"about":[{"href":"https:\/\/test.imprimetresde.com\/gl\/wp-json\/wp\/v2\/types\/product"}],"replies":[{"embeddable":true,"href":"https:\/\/test.imprimetresde.com\/gl\/wp-json\/wp\/v2\/comments?post=7933"}],"wp:featuredmedia":[{"embeddable":true,"href":"https:\/\/test.imprimetresde.com\/gl\/wp-json\/wp\/v2\/media\/9888"}],"wp:attachment":[{"href":"https:\/\/test.imprimetresde.com\/gl\/wp-json\/wp\/v2\/media?parent=7933"}],"wp:term":[{"taxonomy":"product_brand","embeddable":true,"href":"https:\/\/test.imprimetresde.com\/gl\/wp-json\/wp\/v2\/product_brand?post=7933"},{"taxonomy":"product_cat","embeddable":true,"href":"https:\/\/test.imprimetresde.com\/gl\/wp-json\/wp\/v2\/product_cat?post=7933"},{"taxonomy":"product_tag","embeddable":true,"href":"https:\/\/test.imprimetresde.com\/gl\/wp-json\/wp\/v2\/product_tag?post=7933"}],"curies":[{"name":"wp","href":"https:\/\/api.w.org\/{rel}","templated":true}]}}