{"id":7968,"date":"2020-08-20T11:10:56","date_gmt":"2020-08-20T09:10:56","guid":{"rendered":"https:\/\/test.imprimetresde.com\/?post_type=product&#038;p=7968"},"modified":"2025-01-04T12:23:28","modified_gmt":"2025-01-04T10:23:28","slug":"colar-necora","status":"publish","type":"product","link":"https:\/\/test.imprimetresde.com\/gl\/produto\/colar-necora\/","title":{"rendered":"Colar N\u00e9cora"},"content":{"rendered":"<p>Colar N\u00e9cora, dese\u00f1o orixinal de I3D. Fermos\u00edsimo colar en forma de <a href=\"https:\/\/gl.wikipedia.org\/wiki\/N%C3%A9cora\">n\u00e9cora<\/a>, un dos mariscos m\u00e1is apreciados polo seu sabor e textura, adem\u00e1is de ser s\u00edmbolo da cultura gastron\u00f3mica galega. Leva contigo un anaco do noso mar! Realizada con cadea de aceiro e opci\u00f3n de cadea de prata 925, de primeira lei.<\/p>\n<p>Realizados en madeira imprim\u00edbel (wooden <a href=\"https:\/\/test.imprimetresde.com\/gl\/o-noso-material-de-impresion-o-pla-polimero-biodegradabel-procedente-de-recursos-vexetais\/\">PLA<\/a>) e <a href=\"https:\/\/test.imprimetresde.com\/gl\/o-noso-material-de-impresion-o-pla-polimero-biodegradabel-procedente-de-recursos-vexetais\/\">PLA<\/a>, material procedente de materia vexetal, biodegrad\u00e1bel, non t\u00f3xico e ecol\u00f3xico.<\/p>\n","protected":false},"excerpt":{"rendered":"<p>Colar N\u00e9cora, dese\u00f1o orixinal de I3D. Fermos\u00edsimo colar en forma de <a href=\"https:\/\/gl.wikipedia.org\/wiki\/N%C3%A9cora\">n\u00e9cora<\/a>, un dos mariscos m\u00e1is apreciados polo seu sabor e textura, adem\u00e1is de ser s\u00edmbolo da cultura gastron\u00f3mica galega. Leva contigo un anaco do noso mar!. Realizada con cadea de aceiro e opci\u00f3n de cadea de prata 925, de primeira lei.<\/p>\n","protected":false},"featured_media":10748,"comment_status":"open","ping_status":"closed","template":"","meta":{"_vp_format_video_url":"","_vp_image_focal_point":[]},"product_brand":[],"product_cat":[1312,315,316],"product_tag":[566,388,358,409,479,463,507,2508,2507,429,860,863,1304,1328,464,968,1384,1735],"class_list":{"0":"post-7968","1":"product","2":"type-product","3":"status-publish","4":"has-post-thumbnail","6":"product_cat-colgantes-gl","7":"product_cat-complementos-gl","8":"product_cat-cultura-gl","9":"product_tag-agasallo","10":"product_tag-colar","11":"product_tag-colgante-gl","12":"product_tag-galega","13":"product_tag-galicia","14":"product_tag-galiza","15":"product_tag-gastronomia","16":"product_tag-impresion-3d-a-coruna","17":"product_tag-impresion-3d-coruna","18":"product_tag-madeira-gl","19":"product_tag-mar","20":"product_tag-marisco","21":"product_tag-necora","22":"product_tag-orixinal","23":"product_tag-pais","24":"product_tag-regalo-gl","25":"product_tag-souvenir","26":"product_tag-terra","28":"first","29":"instock","30":"taxable","31":"shipping-taxable","32":"purchasable","33":"product-type-simple"},"exclude_global_add_ons":false,"addons":[{"name":"Material da Cadea (opcional)","type":"checkbox","position":0,"required":false,"title_format":"label","default":"","description_enable":true,"description":"Opci\u00f3n de facer a peza con cadea e accesorios de prata 925, de primera lei.","placeholder_enable":false,"placeholder":"","display":"select","restrictions_type":"any_text","adjust_price":false,"price":"","price_type":"flat_fee","restrictions":false,"min":"0","max":"0","options":[{"label":"Prata","price":"10","price_type":"flat_fee","image":0,"visibility":true}]}],"_links":{"self":[{"href":"https:\/\/test.imprimetresde.com\/gl\/wp-json\/wp\/v2\/product\/7968","targetHints":{"allow":["GET"]}}],"collection":[{"href":"https:\/\/test.imprimetresde.com\/gl\/wp-json\/wp\/v2\/product"}],"about":[{"href":"https:\/\/test.imprimetresde.com\/gl\/wp-json\/wp\/v2\/types\/product"}],"replies":[{"embeddable":true,"href":"https:\/\/test.imprimetresde.com\/gl\/wp-json\/wp\/v2\/comments?post=7968"}],"wp:featuredmedia":[{"embeddable":true,"href":"https:\/\/test.imprimetresde.com\/gl\/wp-json\/wp\/v2\/media\/10748"}],"wp:attachment":[{"href":"https:\/\/test.imprimetresde.com\/gl\/wp-json\/wp\/v2\/media?parent=7968"}],"wp:term":[{"taxonomy":"product_brand","embeddable":true,"href":"https:\/\/test.imprimetresde.com\/gl\/wp-json\/wp\/v2\/product_brand?post=7968"},{"taxonomy":"product_cat","embeddable":true,"href":"https:\/\/test.imprimetresde.com\/gl\/wp-json\/wp\/v2\/product_cat?post=7968"},{"taxonomy":"product_tag","embeddable":true,"href":"https:\/\/test.imprimetresde.com\/gl\/wp-json\/wp\/v2\/product_tag?post=7968"}],"curies":[{"name":"wp","href":"https:\/\/api.w.org\/{rel}","templated":true}]}}