{"id":8229,"date":"2020-09-07T18:11:50","date_gmt":"2020-09-07T16:11:50","guid":{"rendered":"https:\/\/test.imprimetresde.com\/?post_type=product&#038;p=8229"},"modified":"2025-03-11T13:56:36","modified_gmt":"2025-03-11T11:56:36","slug":"marcapaxinas-personalizado","status":"publish","type":"product","link":"https:\/\/test.imprimetresde.com\/gl\/produto\/marcapaxinas-personalizado\/","title":{"rendered":"Marcap\u00e1xinas Personalizado"},"content":{"rendered":"<p>Marcap\u00e1xinas Personalizado en formato <a href=\"https:\/\/estraviz.org\/litofania\">Litofan\u00eda<\/a>. Personaliza un marcap\u00e1xinas ca t\u00faa foto favorita ou fai un agasallo m\u00e1is que especial! S\u00f3 precisamos unha foto de boa calidade e o texto que lle queiras incorporar. Pode ir no lateral ou sobreescrito na propia peza abaixo de todo.<\/p>\n<p>*O material no que est\u00e1 realizado \u00e9 <a href=\"https:\/\/test.imprimetresde.com\/gl\/o-noso-material-de-impresion-o-pla-polimero-biodegradabel-procedente-de-recursos-vexetais\/\">PLA<\/a>, material procedente de materia vexetal, biodegrad\u00e1bel, non t\u00f3xico e ecol\u00f3xico<\/p>\n","protected":false},"excerpt":{"rendered":"<p>Marcap\u00e1xinas Personalizado en formato <a href=\"https:\/\/estraviz.org\/litofania\">Litofan\u00eda<\/a>. Personaliza un marcap\u00e1xinas ca t\u00faa foto favorita ou fai un agasallo m\u00e1is que especial! S\u00f3 precisamos unha foto de boa calidade e o texto que lle queiras incorporar. Pode ir no lateral ou sobreescrito na propia peza abaixo de todo.<\/p>\n","protected":false},"featured_media":8230,"comment_status":"open","ping_status":"closed","template":"","meta":{"_vp_format_video_url":"","_vp_image_focal_point":[]},"product_brand":[],"product_cat":[316,2499],"product_tag":[566,1114,1115,1352,2508,2507,345,252,274,968],"class_list":{"0":"post-8229","1":"product","2":"type-product","3":"status-publish","4":"has-post-thumbnail","6":"product_cat-cultura-gl","7":"product_cat-personalizados","8":"product_tag-agasallo","9":"product_tag-dia-da-nai","10":"product_tag-dia-do-pai","11":"product_tag-foto","12":"product_tag-impresion-3d-a-coruna","13":"product_tag-impresion-3d-coruna","14":"product_tag-litofania-gl","15":"product_tag-marcapaxinas-gl","16":"product_tag-personalizado-gl","17":"product_tag-regalo-gl","19":"first","20":"instock","21":"taxable","22":"shipping-taxable","23":"purchasable","24":"product-type-simple"},"exclude_global_add_ons":false,"addons":[{"name":"Imaxe do Marcap\u00e1xinas","type":"file_upload","position":0,"required":true,"title_format":"label","default":"","description_enable":true,"description":"fotograf\u00eda tama\u00f1o m\u00ednimo 800x1200 que vai aparecer no marcap\u00e1xinas","placeholder_enable":false,"placeholder":"","display":"select","restrictions_type":"any_text","adjust_price":false,"price":"","price_type":"flat_fee","restrictions":false,"min":"0","max":"0","options":[]},{"name":"Texto Lateral","type":"custom_text","position":1,"required":true,"title_format":"label","default":"","description_enable":true,"description":"Texto principal do marcap\u00e1xinas, localizado no lateral do propio marcap\u00e1xinas, a car\u00f3n da imaxe","placeholder_enable":false,"placeholder":"","display":"select","restrictions_type":"only_letters_numbers","adjust_price":false,"price":"","price_type":"flat_fee","restrictions":true,"min":"1","max":"8","options":[]},{"name":"Texto no marcap\u00e1xinas (opcional)","type":"custom_text","position":2,"required":false,"title_format":"label","default":"","description_enable":true,"description":"Texto que ir\u00e1 colocado na parte lisa do marcap\u00e1xinas e que pode conter unha palabra, unha dedicatoria, etc","placeholder_enable":false,"placeholder":"","display":"select","restrictions_type":"any_text","adjust_price":false,"price":"","price_type":"flat_fee","restrictions":true,"min":"1","max":"15","options":[]}],"_links":{"self":[{"href":"https:\/\/test.imprimetresde.com\/gl\/wp-json\/wp\/v2\/product\/8229","targetHints":{"allow":["GET"]}}],"collection":[{"href":"https:\/\/test.imprimetresde.com\/gl\/wp-json\/wp\/v2\/product"}],"about":[{"href":"https:\/\/test.imprimetresde.com\/gl\/wp-json\/wp\/v2\/types\/product"}],"replies":[{"embeddable":true,"href":"https:\/\/test.imprimetresde.com\/gl\/wp-json\/wp\/v2\/comments?post=8229"}],"wp:featuredmedia":[{"embeddable":true,"href":"https:\/\/test.imprimetresde.com\/gl\/wp-json\/wp\/v2\/media\/8230"}],"wp:attachment":[{"href":"https:\/\/test.imprimetresde.com\/gl\/wp-json\/wp\/v2\/media?parent=8229"}],"wp:term":[{"taxonomy":"product_brand","embeddable":true,"href":"https:\/\/test.imprimetresde.com\/gl\/wp-json\/wp\/v2\/product_brand?post=8229"},{"taxonomy":"product_cat","embeddable":true,"href":"https:\/\/test.imprimetresde.com\/gl\/wp-json\/wp\/v2\/product_cat?post=8229"},{"taxonomy":"product_tag","embeddable":true,"href":"https:\/\/test.imprimetresde.com\/gl\/wp-json\/wp\/v2\/product_tag?post=8229"}],"curies":[{"name":"wp","href":"https:\/\/api.w.org\/{rel}","templated":true}]}}