{"id":8260,"date":"2020-09-09T18:46:03","date_gmt":"2020-09-09T16:46:03","guid":{"rendered":"https:\/\/test.imprimetresde.com\/?post_type=product&#038;p=8260"},"modified":"2024-10-02T13:27:00","modified_gmt":"2024-10-02T11:27:00","slug":"camafeo-personalizado","status":"publish","type":"product","link":"https:\/\/test.imprimetresde.com\/gl\/produto\/camafeo-personalizado\/","title":{"rendered":"Camafeo Personalizado"},"content":{"rendered":"<p>Camafeo Personalizado, creaci\u00f3n orixinal de Imprimetresde. Facemos o camafeo personalizado daimaxe que desexes en tama\u00f1o de 7*6 cm, aproximadamente e en cor marfil. Precisamos un m\u00ednimo de d\u00faas fotos e, a partir delas, esculpimos o modelo.<\/p>\n<p>*O material no que est\u00e1 realizado \u00e9\u00a0<a href=\"https:\/\/test.imprimetresde.com\/nuestro-material-de-impresion-el-pla-polimero-biodegradable-procedente-de-recursos-vegetales\/\">PLA<\/a>, material procedente de materia vexetal,\u00a0<a href=\"https:\/\/es.wikipedia.org\/wiki\/Biodegradabilidad\">biodegrad\u00e1bel<\/a>, non t\u00f3xico e ecol\u00f3xico.<\/p>\n","protected":false},"excerpt":{"rendered":"<p>Camafeo Personalizado, creaci\u00f3n orixinal de Imprimetresde. Facemos o camafeo personalizado da imaxe que desexes en tama\u00f1o de 7*6 cm, aproximadamente e en cor marfil. Precisamos un m\u00ednimo de d\u00faas fotos e, a partir delas, esculpimos o modelo.<\/p>\n","protected":false},"featured_media":8261,"comment_status":"open","ping_status":"closed","template":"","meta":{"_vp_format_video_url":"","_vp_image_focal_point":[]},"product_brand":[],"product_cat":[314,315,2499],"product_tag":[365,1354,2508,2507,274,968],"class_list":{"0":"post-8260","1":"product","2":"type-product","3":"status-publish","4":"has-post-thumbnail","6":"product_cat-bustos-gl","7":"product_cat-complementos-gl","8":"product_cat-personalizados","9":"product_tag-broche","10":"product_tag-camafeo","11":"product_tag-impresion-3d-a-coruna","12":"product_tag-impresion-3d-coruna","13":"product_tag-personalizado-gl","14":"product_tag-regalo-gl","16":"first","17":"instock","18":"taxable","19":"shipping-taxable","20":"purchasable","21":"product-type-simple"},"exclude_global_add_ons":false,"addons":[{"name":"Imaxe 1 para o camafeo","type":"heading","position":0,"required":false,"title_format":"label","default":"","description_enable":true,"description":"fotograf\u00eda tama\u00f1o m\u00ednimo 800x1200 da imaxe que vai aparecer no camafeo ","placeholder_enable":false,"placeholder":"","display":"select","restrictions_type":"any_text","adjust_price":false,"price":"","price_type":"flat_fee","restrictions":false,"min":"0","max":"0","options":[]},{"name":"jpg, png, bmp, tiff","type":"file_upload","position":1,"required":true,"title_format":"label","default":"","description_enable":false,"description":"jpg, png, bmp, tiff","placeholder_enable":false,"placeholder":"","display":"select","restrictions_type":"any_text","adjust_price":false,"price":"","price_type":"flat_fee","restrictions":false,"min":"0","max":"0","options":[]}],"_links":{"self":[{"href":"https:\/\/test.imprimetresde.com\/gl\/wp-json\/wp\/v2\/product\/8260","targetHints":{"allow":["GET"]}}],"collection":[{"href":"https:\/\/test.imprimetresde.com\/gl\/wp-json\/wp\/v2\/product"}],"about":[{"href":"https:\/\/test.imprimetresde.com\/gl\/wp-json\/wp\/v2\/types\/product"}],"replies":[{"embeddable":true,"href":"https:\/\/test.imprimetresde.com\/gl\/wp-json\/wp\/v2\/comments?post=8260"}],"wp:featuredmedia":[{"embeddable":true,"href":"https:\/\/test.imprimetresde.com\/gl\/wp-json\/wp\/v2\/media\/8261"}],"wp:attachment":[{"href":"https:\/\/test.imprimetresde.com\/gl\/wp-json\/wp\/v2\/media?parent=8260"}],"wp:term":[{"taxonomy":"product_brand","embeddable":true,"href":"https:\/\/test.imprimetresde.com\/gl\/wp-json\/wp\/v2\/product_brand?post=8260"},{"taxonomy":"product_cat","embeddable":true,"href":"https:\/\/test.imprimetresde.com\/gl\/wp-json\/wp\/v2\/product_cat?post=8260"},{"taxonomy":"product_tag","embeddable":true,"href":"https:\/\/test.imprimetresde.com\/gl\/wp-json\/wp\/v2\/product_tag?post=8260"}],"curies":[{"name":"wp","href":"https:\/\/api.w.org\/{rel}","templated":true}]}}