{"id":8307,"date":"2020-09-12T19:40:45","date_gmt":"2020-09-12T17:40:45","guid":{"rendered":"https:\/\/test.imprimetresde.com\/?post_type=product&#038;p=8307"},"modified":"2024-10-02T13:26:19","modified_gmt":"2024-10-02T11:26:19","slug":"osino-baby-personalizado","status":"publish","type":"product","link":"https:\/\/test.imprimetresde.com\/gl\/produto\/osino-baby-personalizado\/","title":{"rendered":"Osi\u00f1o Baby Personalizado"},"content":{"rendered":"<p>Osi\u00f1o Baby Personalizado. Figura de osi\u00f1o con nome personalizado ideal para agasallo. Far\u00e1 as delicias das crianzas e tam\u00e9n de mam\u00e1s e pap\u00e1s \ud83d\ude09 A cor do nome \u00e9 a escoller!<\/p>\n<p>*El material en el que est\u00e1 realizado es <a href=\"https:\/\/test.imprimetresde.com\/nuestro-material-de-impresion-el-pla-polimero-biodegradable-procedente-de-recursos-vegetales\/\">PLA<\/a>, material procedente de materia vegetal, biodegradable, no t\u00f3xico y ecol\u00f3gico<\/p>\n","protected":false},"excerpt":{"rendered":"<p>Osi\u00f1o Baby Personalizado. Figura de osi\u00f1o con nome personalizado ideal para agasallo. Far\u00e1 as delicias das crianzas e tam\u00e9n de mam\u00e1s e pap\u00e1s \ud83d\ude09 A cor do nome \u00e9 a escoller!<\/p>\n","protected":false},"featured_media":8310,"comment_status":"open","ping_status":"closed","template":"","meta":{"_vp_format_video_url":"","_vp_image_focal_point":[]},"product_brand":[],"product_cat":[313,2499],"product_tag":[566,2508,2507,1359,1358,1357,1356,274,968],"class_list":{"0":"post-8307","1":"product","2":"type-product","3":"status-publish","4":"has-post-thumbnail","6":"product_cat-ambiente-gl","7":"product_cat-personalizados","8":"product_tag-agasallo","9":"product_tag-impresion-3d-a-coruna","10":"product_tag-impresion-3d-coruna","11":"product_tag-nena","12":"product_tag-neno","13":"product_tag-nome","14":"product_tag-osino","15":"product_tag-personalizado-gl","16":"product_tag-regalo-gl","18":"first","19":"instock","20":"taxable","21":"shipping-taxable","22":"purchasable","23":"product-type-variable"},"exclude_global_add_ons":[],"addons":[],"_links":{"self":[{"href":"https:\/\/test.imprimetresde.com\/gl\/wp-json\/wp\/v2\/product\/8307","targetHints":{"allow":["GET"]}}],"collection":[{"href":"https:\/\/test.imprimetresde.com\/gl\/wp-json\/wp\/v2\/product"}],"about":[{"href":"https:\/\/test.imprimetresde.com\/gl\/wp-json\/wp\/v2\/types\/product"}],"replies":[{"embeddable":true,"href":"https:\/\/test.imprimetresde.com\/gl\/wp-json\/wp\/v2\/comments?post=8307"}],"wp:featuredmedia":[{"embeddable":true,"href":"https:\/\/test.imprimetresde.com\/gl\/wp-json\/wp\/v2\/media\/8310"}],"wp:attachment":[{"href":"https:\/\/test.imprimetresde.com\/gl\/wp-json\/wp\/v2\/media?parent=8307"}],"wp:term":[{"taxonomy":"product_brand","embeddable":true,"href":"https:\/\/test.imprimetresde.com\/gl\/wp-json\/wp\/v2\/product_brand?post=8307"},{"taxonomy":"product_cat","embeddable":true,"href":"https:\/\/test.imprimetresde.com\/gl\/wp-json\/wp\/v2\/product_cat?post=8307"},{"taxonomy":"product_tag","embeddable":true,"href":"https:\/\/test.imprimetresde.com\/gl\/wp-json\/wp\/v2\/product_tag?post=8307"}],"curies":[{"name":"wp","href":"https:\/\/api.w.org\/{rel}","templated":true}]}}