{"id":8393,"date":"2020-09-19T13:45:30","date_gmt":"2020-09-19T11:45:30","guid":{"rendered":"https:\/\/test.imprimetresde.com\/producto\/molde-galletas-torre-de-hercules\/"},"modified":"2023-05-24T11:54:46","modified_gmt":"2023-05-24T09:54:46","slug":"molde-galletas-torre-de-hercules","status":"publish","type":"product","link":"https:\/\/test.imprimetresde.com\/gl\/produto\/molde-galletas-torre-de-hercules\/","title":{"rendered":"Molde Galletas Torre de H\u00e9rcules"},"content":{"rendered":"<p>Molde Galletas Torre de H\u00e9rcules dese\u00f1o orixinal de I3D. Fai as galletas m\u00e1is orixinais con este molde con forma da <a href=\"https:\/\/gl.wikipedia.org\/wiki\/Torre_de_H%C3%A9rcules\">Torre de H\u00e9rcules<\/a> da Coru\u00f1a, quedar\u00e1s como un\/unha chef! Ideal para agasallo! Completa a colecci\u00f3n cos moldes de galletas da Catedral de Santiago, a Muralla de Lugo &#8230;<\/p>\n<p>*O\u00a0 material no que est\u00e1 realizado \u00e9 PLA ecol\u00f3xico en cor branco<\/p>\n<p>** NON UTILIZAR NO FORNO NIN NO MICROONDAS<\/p>\n<p>** NON METER NO LAVAVAIXELAS<\/p>\n","protected":false},"excerpt":{"rendered":"<p>Molde Galletas Torre de H\u00e9rcules dese\u00f1o orixinal de I3D. Fai as galletas m\u00e1is orixinais con este molde con forma da <a href=\"https:\/\/gl.wikipedia.org\/wiki\/Torre_de_H%C3%A9rcules\">Torre de H\u00e9rcules<\/a> da Coru\u00f1a, quedar\u00e1s como un\/unha chef! Ideal para agasallo! Completa a colecci\u00f3n cos moldes de galletas da Catedral de Santiago, a Muralla de Lugo &#8230;<\/p>\n","protected":false},"featured_media":8388,"comment_status":"open","ping_status":"closed","template":"","meta":{"_vp_format_video_url":"","_vp_image_focal_point":[]},"product_brand":[],"product_cat":[316,313],"product_tag":[587,566,1380,1381,1548,1379,1378,1546,1383,1490,1549,1760,1382,1547,1384,387,1506,1377],"class_list":{"0":"post-8393","1":"product","2":"type-product","3":"status-publish","4":"has-post-thumbnail","6":"product_cat-cultura-gl","7":"product_cat-ambiente-gl","8":"product_tag-a-coruna-gl","9":"product_tag-agasallo","10":"product_tag-cocina-gl","11":"product_tag-doces","12":"product_tag-dulce-gl","13":"product_tag-galletas-gl","14":"product_tag-molde-gl","15":"product_tag-monumento-gl","16":"product_tag-orixinal-gl","17":"product_tag-patrimonio-da-humanidade","18":"product_tag-postres-gl","19":"product_tag-recordo-da-coruna","20":"product_tag-reposteria-gl","21":"product_tag-romano-gl","22":"product_tag-souvenir","23":"product_tag-tipico","24":"product_tag-torre","25":"product_tag-torre-de-hercules-gl-2","27":"first","28":"instock","29":"taxable","30":"shipping-taxable","31":"purchasable","32":"product-type-simple"},"exclude_global_add_ons":[],"addons":[],"_links":{"self":[{"href":"https:\/\/test.imprimetresde.com\/gl\/wp-json\/wp\/v2\/product\/8393","targetHints":{"allow":["GET"]}}],"collection":[{"href":"https:\/\/test.imprimetresde.com\/gl\/wp-json\/wp\/v2\/product"}],"about":[{"href":"https:\/\/test.imprimetresde.com\/gl\/wp-json\/wp\/v2\/types\/product"}],"replies":[{"embeddable":true,"href":"https:\/\/test.imprimetresde.com\/gl\/wp-json\/wp\/v2\/comments?post=8393"}],"wp:featuredmedia":[{"embeddable":true,"href":"https:\/\/test.imprimetresde.com\/gl\/wp-json\/wp\/v2\/media\/8388"}],"wp:attachment":[{"href":"https:\/\/test.imprimetresde.com\/gl\/wp-json\/wp\/v2\/media?parent=8393"}],"wp:term":[{"taxonomy":"product_brand","embeddable":true,"href":"https:\/\/test.imprimetresde.com\/gl\/wp-json\/wp\/v2\/product_brand?post=8393"},{"taxonomy":"product_cat","embeddable":true,"href":"https:\/\/test.imprimetresde.com\/gl\/wp-json\/wp\/v2\/product_cat?post=8393"},{"taxonomy":"product_tag","embeddable":true,"href":"https:\/\/test.imprimetresde.com\/gl\/wp-json\/wp\/v2\/product_tag?post=8393"}],"curies":[{"name":"wp","href":"https:\/\/api.w.org\/{rel}","templated":true}]}}