{"id":8687,"date":"2020-11-02T14:12:05","date_gmt":"2020-11-02T12:12:05","guid":{"rendered":"https:\/\/test.imprimetresde.com\/?post_type=product&#038;p=8687"},"modified":"2024-10-02T13:25:51","modified_gmt":"2024-10-02T11:25:51","slug":"chaveiro-feminista-personalizado","status":"publish","type":"product","link":"https:\/\/test.imprimetresde.com\/gl\/produto\/chaveiro-feminista-personalizado\/","title":{"rendered":"Chaveiro Feminista Personalizado"},"content":{"rendered":"<p>Chaveiro Feminista Personalizado dese\u00f1ado por <a href=\"https:\/\/test.imprimetresde.com\/gl\/\">Imprimetresde <\/a>, \u00e9 ideal para regalar. Personaliza o chaveiro <a href=\"https:\/\/gl.wikipedia.org\/wiki\/Feminismo\">feminista<\/a> co teu nome ou para facer o agasallo m\u00e1is orixinal. Para levar \u00e1s manis do 8M ou do 25N ou onde queiras!<\/p>\n<p>*O material no que est\u00e1 realizado \u00e9 <a href=\"https:\/\/test.imprimetresde.com\/nuestro-material-de-impresion-el-pla-polimero-biodegradable-procedente-de-recursos-vegetales\/\">PLA<\/a>, material procedente de materia vexetal, <a href=\"https:\/\/es.wikipedia.org\/wiki\/Biodegradabilidad\">biodegrad\u00e1bel<\/a>, non t\u00f3xico e ecol\u00f3xico<\/p>\n","protected":false},"excerpt":{"rendered":"<p>Chaveiro Feminista Personalizado dese\u00f1ado por <a href=\"https:\/\/test.imprimetresde.com\/gl\/\">Imprimetresde <\/a>, \u00e9 ideal para regalar. Personaliza o chaveiro feminista co teu nome ou para facer o agasallo m\u00e1is orixinal. Para levar \u00e1s manis do 8M ou do 25N ou onde queiras!<\/p>\n","protected":false},"featured_media":8688,"comment_status":"open","ping_status":"closed","template":"","meta":{"_vp_format_video_url":"","_vp_image_focal_point":[]},"product_brand":[],"product_cat":[421,315,317,2499],"product_tag":[970,541,467,1440,256,357,354,2508,2507,973,1441,274],"class_list":{"0":"post-8687","1":"product","2":"type-product","3":"status-publish","4":"has-post-thumbnail","6":"product_cat-activismo","7":"product_cat-complementos-gl","8":"product_cat-gadgets-gl","9":"product_cat-personalizados","10":"product_tag-25n","11":"product_tag-8m","12":"product_tag-activismo","13":"product_tag-barbarie","14":"product_tag-chaveiro","15":"product_tag-feminismo-gl","16":"product_tag-feminista-gl","17":"product_tag-impresion-3d-a-coruna","18":"product_tag-impresion-3d-coruna","19":"product_tag-muller-gl","20":"product_tag-mulleres-gl","21":"product_tag-personalizado-gl","23":"first","24":"instock","25":"taxable","26":"shipping-taxable","27":"purchasable","28":"product-type-simple"},"exclude_global_add_ons":true,"addons":[{"name":"Texto personalizado","type":"custom_text","position":0,"required":true,"title_format":"label","default":"","description_enable":true,"description":"**Texto que levar\u00e1 o obxeto no momento de imprimilo (8 caracteres m\u00e1ximo)","placeholder_enable":false,"placeholder":"","display":"select","restrictions_type":"any_text","adjust_price":false,"price":"","price_type":"flat_fee","restrictions":true,"min":"0","max":"8","options":[]}],"_links":{"self":[{"href":"https:\/\/test.imprimetresde.com\/gl\/wp-json\/wp\/v2\/product\/8687","targetHints":{"allow":["GET"]}}],"collection":[{"href":"https:\/\/test.imprimetresde.com\/gl\/wp-json\/wp\/v2\/product"}],"about":[{"href":"https:\/\/test.imprimetresde.com\/gl\/wp-json\/wp\/v2\/types\/product"}],"replies":[{"embeddable":true,"href":"https:\/\/test.imprimetresde.com\/gl\/wp-json\/wp\/v2\/comments?post=8687"}],"wp:featuredmedia":[{"embeddable":true,"href":"https:\/\/test.imprimetresde.com\/gl\/wp-json\/wp\/v2\/media\/8688"}],"wp:attachment":[{"href":"https:\/\/test.imprimetresde.com\/gl\/wp-json\/wp\/v2\/media?parent=8687"}],"wp:term":[{"taxonomy":"product_brand","embeddable":true,"href":"https:\/\/test.imprimetresde.com\/gl\/wp-json\/wp\/v2\/product_brand?post=8687"},{"taxonomy":"product_cat","embeddable":true,"href":"https:\/\/test.imprimetresde.com\/gl\/wp-json\/wp\/v2\/product_cat?post=8687"},{"taxonomy":"product_tag","embeddable":true,"href":"https:\/\/test.imprimetresde.com\/gl\/wp-json\/wp\/v2\/product_tag?post=8687"}],"curies":[{"name":"wp","href":"https:\/\/api.w.org\/{rel}","templated":true}]}}