{"id":8793,"date":"2020-11-17T19:26:19","date_gmt":"2020-11-17T17:26:19","guid":{"rendered":"https:\/\/test.imprimetresde.com\/?post_type=product&#038;p=8793"},"modified":"2025-09-17T13:15:32","modified_gmt":"2025-09-17T11:15:32","slug":"chaveiro-portamobil-porquino","status":"publish","type":"product","link":"https:\/\/test.imprimetresde.com\/gl\/produto\/chaveiro-portamobil-porquino\/","title":{"rendered":"Chaveiro Portam\u00f3bil Porqui\u00f1o"},"content":{"rendered":"<p>Chaveiro Portam\u00f3bil <a href=\"https:\/\/gl.wikipedia.org\/wiki\/Porco\">Porqui\u00f1o<\/a> dese\u00f1ado pola equipa de <a href=\"https:\/\/test.imprimetresde.com\/gl\/\">Imprimetresde<\/a> que permite colocar o smartphone ou tablet en formato apaisado. Temos a dispor tam\u00e9n Can, Vaca, Morcego, Drag\u00f3n, Hipop\u00f3tamo, Tartaruga, Caracol e Coello e, pr\u00f3ximamente, faremos medrar a familia.<\/p>\n<p>*O material no que est\u00e1 realizado \u00e9 <a href=\"https:\/\/test.imprimetresde.com\/nuestro-material-de-impresion-el-pla-polimero-biodegradable-procedente-de-recursos-vegetales\/\">PLA<\/a>, material procedente de materia vexetal, biodegrad\u00e1bel, non t\u00f3xico e ecol\u00f3xico<\/p>\n","protected":false},"excerpt":{"rendered":"<p>Chaveiro Portam\u00f3bil Porqui\u00f1o dese\u00f1ado pola equipa de <a href=\"https:\/\/test.imprimetresde.com\/gl\/\">Imprimetresde<\/a> que permite colocar o smartphone ou tablet en formato apaisado. Temos a dispor tam\u00e9n Can, Vaca, Morcego, Drag\u00f3n, Hipop\u00f3tamo, Tartaruga, Caracol e Coello e, pr\u00f3ximamente, faremos medrar a familia.<\/p>\n","protected":false},"featured_media":8806,"comment_status":"open","ping_status":"closed","template":"","meta":{"_vp_format_video_url":"","_vp_image_focal_point":[]},"product_brand":[],"product_cat":[317,320],"product_tag":[1473,256,2508,2507,266,1471,1472,1470,490],"class_list":{"0":"post-8793","1":"product","2":"type-product","3":"status-publish","4":"has-post-thumbnail","6":"product_cat-gadgets-gl","7":"product_cat-mascotas-gl","8":"product_tag-animal","9":"product_tag-chaveiro","10":"product_tag-impresion-3d-a-coruna","11":"product_tag-impresion-3d-coruna","12":"product_tag-mobil","13":"product_tag-porco","14":"product_tag-porquino","15":"product_tag-porta","16":"product_tag-tablet","18":"first","19":"instock","20":"sale","21":"taxable","22":"shipping-taxable","23":"purchasable","24":"product-type-simple"},"exclude_global_add_ons":false,"addons":[{"name":"Texto personalizado","type":"heading","position":0,"required":false,"title_format":"label","default":"","description_enable":true,"description":"**Texto que llevar\u00e1 el objeto al imprimirlo (8 caracteres m\u00e1ximo)","placeholder_enable":false,"placeholder":"","display":"select","restrictions_type":"any_text","adjust_price":false,"price":"","price_type":"","restrictions":false,"min":"0","max":"0","options":[]},{"name":"Texto","type":"custom_text","position":0,"required":false,"title_format":"label","default":"","description_enable":false,"description":"","placeholder_enable":false,"placeholder":"","display":"select","restrictions_type":"any_text","adjust_price":true,"price":"5","price_type":"quantity_based","restrictions":false,"min":"","max":"","options":[]}],"_links":{"self":[{"href":"https:\/\/test.imprimetresde.com\/gl\/wp-json\/wp\/v2\/product\/8793","targetHints":{"allow":["GET"]}}],"collection":[{"href":"https:\/\/test.imprimetresde.com\/gl\/wp-json\/wp\/v2\/product"}],"about":[{"href":"https:\/\/test.imprimetresde.com\/gl\/wp-json\/wp\/v2\/types\/product"}],"replies":[{"embeddable":true,"href":"https:\/\/test.imprimetresde.com\/gl\/wp-json\/wp\/v2\/comments?post=8793"}],"wp:featuredmedia":[{"embeddable":true,"href":"https:\/\/test.imprimetresde.com\/gl\/wp-json\/wp\/v2\/media\/8806"}],"wp:attachment":[{"href":"https:\/\/test.imprimetresde.com\/gl\/wp-json\/wp\/v2\/media?parent=8793"}],"wp:term":[{"taxonomy":"product_brand","embeddable":true,"href":"https:\/\/test.imprimetresde.com\/gl\/wp-json\/wp\/v2\/product_brand?post=8793"},{"taxonomy":"product_cat","embeddable":true,"href":"https:\/\/test.imprimetresde.com\/gl\/wp-json\/wp\/v2\/product_cat?post=8793"},{"taxonomy":"product_tag","embeddable":true,"href":"https:\/\/test.imprimetresde.com\/gl\/wp-json\/wp\/v2\/product_tag?post=8793"}],"curies":[{"name":"wp","href":"https:\/\/api.w.org\/{rel}","templated":true}]}}