{"id":9024,"date":"2020-12-19T13:48:02","date_gmt":"2020-12-19T11:48:02","guid":{"rendered":"https:\/\/test.imprimetresde.com\/?post_type=product&#038;p=9024"},"modified":"2025-07-15T13:08:45","modified_gmt":"2025-07-15T11:08:45","slug":"brincos-grelos","status":"publish","type":"product","link":"https:\/\/test.imprimetresde.com\/gl\/produto\/brincos-grelos\/","title":{"rendered":"Brincos Grelos"},"content":{"rendered":"<p>Brincos Grelos dese\u00f1ados pola equipa de <a href=\"https:\/\/test.imprimetresde.com\/gl\/\">Imprimetresde<\/a>. Orixinais brincos de <a href=\"https:\/\/gl.wikipedia.org\/wiki\/Grelo\">grelos<\/a>, un dos ingredentes m\u00e1is deliciosos e m\u00e1is queridos do noso caldo e que a nosa poeta nacional, <a href=\"https:\/\/gl.wikipedia.org\/wiki\/Rosal%C3%ADa_de_Castro\">Rosal\u00eda de Castro<\/a> elevou \u00e1 categor\u00eda de manxar.<\/p>\n<p>&#8220;<span style=\"color: #494949; font-family: Verdana, sans-serif; font-size: large;\">Con un pouco de unto vello<br \/>\nque o ben soupen aforrar,<br \/>\ne ca fari\u00f1i\u00f1a munda,<br \/>\nxa ti\u00f1a para cear.<br \/>\nFixen un caldo de groria<br \/>\nque me soupo que la mar;<br \/>\nfixen un bolo do pote<br \/>\nque era cousa de envidiar&#8221;<\/span><\/p>\n<p>*O material no que est\u00e1 realizado \u00e9 <a href=\"https:\/\/test.imprimetresde.com\/gl\/o-noso-material-de-impresion-o-pla-polimero-biodegradabel-procedente-de-recursos-vexetais\/\">PLA<\/a>, material procedente de materia vexetal, biodegrad\u00e1bel, non t\u00f3xico e ecol\u00f3xico.<\/p>\n","protected":false},"excerpt":{"rendered":"<p>Brincos Grelos dese\u00f1ados pola equipa de <a href=\"https:\/\/test.imprimetresde.com\/gl\/\">Imprimetresde<\/a>. Orixinais brincos de <a href=\"https:\/\/gl.wikipedia.org\/wiki\/Grelo\">grelos<\/a>, un dos ingredentes m\u00e1is deliciosos e m\u00e1is queridos do noso caldo e que a nosa poeta nacional, <a href=\"https:\/\/gl.wikipedia.org\/wiki\/Rosal%C3%ADa_de_Castro\">Rosal\u00eda de Castro<\/a> elevou \u00e1 categor\u00eda de manxar.<\/p>\n","protected":false},"featured_media":9025,"comment_status":"open","ping_status":"closed","template":"","meta":{"_vp_format_video_url":"","_vp_image_focal_point":[]},"product_brand":[],"product_cat":[315,316,1290],"product_tag":[566,452,353,980,979,498,1114,880,1519,2508,2507,1328,962,968,281,1384],"class_list":{"0":"post-9024","1":"product","2":"type-product","3":"status-publish","4":"has-post-thumbnail","6":"product_cat-complementos-gl","7":"product_cat-cultura-gl","8":"product_cat-pendentes","9":"product_tag-agasallo","10":"product_tag-bisuteria","11":"product_tag-brincos","12":"product_tag-caldo","13":"product_tag-caldo-de-gloria","14":"product_tag-complementos","15":"product_tag-dia-da-nai","16":"product_tag-furancho","17":"product_tag-grelos","18":"product_tag-impresion-3d-a-coruna","19":"product_tag-impresion-3d-coruna","20":"product_tag-orixinal","21":"product_tag-pendientes-gl","22":"product_tag-regalo-gl","23":"product_tag-rosalia-de-castro-gl","24":"product_tag-souvenir","26":"first","27":"instock","28":"sale","29":"taxable","30":"shipping-taxable","31":"purchasable","32":"product-type-simple"},"exclude_global_add_ons":false,"addons":[{"name":"Material de las fornituras (opcional)","type":"checkbox","position":0,"required":false,"title_format":"label","default":"","description_enable":true,"description":"Opci\u00f3n de incorporar fornituras de plata 925, de primera ley.","placeholder_enable":false,"placeholder":"","display":"select","restrictions_type":"any_text","adjust_price":false,"price":"","price_type":"flat_fee","restrictions":false,"min":"0","max":"0","options":[{"label":"Plata","price":"5","price_type":"flat_fee","image":0,"visibility":true}]}],"_links":{"self":[{"href":"https:\/\/test.imprimetresde.com\/gl\/wp-json\/wp\/v2\/product\/9024","targetHints":{"allow":["GET"]}}],"collection":[{"href":"https:\/\/test.imprimetresde.com\/gl\/wp-json\/wp\/v2\/product"}],"about":[{"href":"https:\/\/test.imprimetresde.com\/gl\/wp-json\/wp\/v2\/types\/product"}],"replies":[{"embeddable":true,"href":"https:\/\/test.imprimetresde.com\/gl\/wp-json\/wp\/v2\/comments?post=9024"}],"wp:featuredmedia":[{"embeddable":true,"href":"https:\/\/test.imprimetresde.com\/gl\/wp-json\/wp\/v2\/media\/9025"}],"wp:attachment":[{"href":"https:\/\/test.imprimetresde.com\/gl\/wp-json\/wp\/v2\/media?parent=9024"}],"wp:term":[{"taxonomy":"product_brand","embeddable":true,"href":"https:\/\/test.imprimetresde.com\/gl\/wp-json\/wp\/v2\/product_brand?post=9024"},{"taxonomy":"product_cat","embeddable":true,"href":"https:\/\/test.imprimetresde.com\/gl\/wp-json\/wp\/v2\/product_cat?post=9024"},{"taxonomy":"product_tag","embeddable":true,"href":"https:\/\/test.imprimetresde.com\/gl\/wp-json\/wp\/v2\/product_tag?post=9024"}],"curies":[{"name":"wp","href":"https:\/\/api.w.org\/{rel}","templated":true}]}}