{"id":9048,"date":"2020-12-22T18:32:46","date_gmt":"2020-12-22T16:32:46","guid":{"rendered":"https:\/\/test.imprimetresde.com\/?post_type=product&#038;p=9048"},"modified":"2024-03-14T18:57:01","modified_gmt":"2024-03-14T16:57:01","slug":"pezas-personalizadas","status":"publish","type":"product","link":"https:\/\/test.imprimetresde.com\/gl\/produto\/pezas-personalizadas\/","title":{"rendered":"Pezas Personalizadas"},"content":{"rendered":"<p>Pezas personalizadas. Tr\u00e1enos a t\u00faa peza defectuosa, en mal estado ou aquela que da que xa non podes conseguir reposici\u00f3n e fac\u00e9moscha igual (ou mellor!)<\/p>\n","protected":false},"excerpt":{"rendered":"<p>Pezas personalizadas. Tr\u00e1enos a t\u00faa peza defectuosa, en mal estado ou aquela que da que xa non podes conseguir reposici\u00f3n e fac\u00e9moscha igual (ou mellor!)<\/p>\n","protected":false},"featured_media":0,"comment_status":"open","ping_status":"closed","template":"","meta":{"_vp_format_video_url":"","_vp_image_focal_point":[]},"product_brand":[],"product_cat":[313,2499],"product_tag":[2542,2393,2508,2507,2540,274,2541],"class_list":{"0":"post-9048","1":"product","2":"type-product","3":"status-publish","5":"product_cat-ambiente-gl","6":"product_cat-personalizados","7":"product_tag-3d-printing","8":"product_tag-impresion-3d","9":"product_tag-impresion-3d-a-coruna","10":"product_tag-impresion-3d-coruna","11":"product_tag-personalizacion","12":"product_tag-personalizado-gl","13":"product_tag-piezas-personalizadas","15":"first","16":"instock","17":"taxable","18":"shipping-taxable","19":"purchasable","20":"product-type-simple"},"exclude_global_add_ons":[],"addons":[],"_links":{"self":[{"href":"https:\/\/test.imprimetresde.com\/gl\/wp-json\/wp\/v2\/product\/9048","targetHints":{"allow":["GET"]}}],"collection":[{"href":"https:\/\/test.imprimetresde.com\/gl\/wp-json\/wp\/v2\/product"}],"about":[{"href":"https:\/\/test.imprimetresde.com\/gl\/wp-json\/wp\/v2\/types\/product"}],"replies":[{"embeddable":true,"href":"https:\/\/test.imprimetresde.com\/gl\/wp-json\/wp\/v2\/comments?post=9048"}],"wp:attachment":[{"href":"https:\/\/test.imprimetresde.com\/gl\/wp-json\/wp\/v2\/media?parent=9048"}],"wp:term":[{"taxonomy":"product_brand","embeddable":true,"href":"https:\/\/test.imprimetresde.com\/gl\/wp-json\/wp\/v2\/product_brand?post=9048"},{"taxonomy":"product_cat","embeddable":true,"href":"https:\/\/test.imprimetresde.com\/gl\/wp-json\/wp\/v2\/product_cat?post=9048"},{"taxonomy":"product_tag","embeddable":true,"href":"https:\/\/test.imprimetresde.com\/gl\/wp-json\/wp\/v2\/product_tag?post=9048"}],"curies":[{"name":"wp","href":"https:\/\/api.w.org\/{rel}","templated":true}]}}