{"id":9063,"date":"2020-12-23T18:58:25","date_gmt":"2020-12-23T16:58:25","guid":{"rendered":"https:\/\/test.imprimetresde.com\/?post_type=product&#038;p=9063"},"modified":"2025-07-15T13:08:32","modified_gmt":"2025-07-15T11:08:32","slug":"colar-grelos","status":"publish","type":"product","link":"https:\/\/test.imprimetresde.com\/gl\/produto\/colar-grelos\/","title":{"rendered":"Colar Grelos"},"content":{"rendered":"<p>Colar Grelos dese\u00f1ado pola equipa de <a href=\"https:\/\/test.imprimetresde.com\/gl\/\">Imprimetresde<\/a>. Orixinal colar de <a href=\"https:\/\/gl.wikipedia.org\/wiki\/Grelo\">grelos<\/a>, o ingredentes principal e m\u00e1is querido do noso caldo e que a nosa poeta nacional, <a href=\"https:\/\/gl.wikipedia.org\/wiki\/Rosal%C3%ADa_de_Castro\">Rosal\u00eda de Castro<\/a> elevou \u00e1 categor\u00eda de manxar.<\/p>\n<p>&#8220;<span style=\"color: #494949; font-family: Verdana, sans-serif; font-size: large;\">Con un pouco de unto vello<br \/>\nque o ben soupen aforrar,<br \/>\ne ca fari\u00f1i\u00f1a munda,<br \/>\nxa ti\u00f1a para cear.<br \/>\nFixen un caldo de groria<br \/>\nque me soupo que la mar;<br \/>\nfixen un bolo do pote<br \/>\nque era cousa de envidiar&#8221;<\/span><\/p>\n<p>*O material no que est\u00e1 realizado \u00e9 <a href=\"https:\/\/test.imprimetresde.com\/gl\/o-noso-material-de-impresion-o-pla-polimero-biodegradabel-procedente-de-recursos-vexetais\/\">PLA<\/a>, material procedente de materia vexetal, biodegrad\u00e1bel, non t\u00f3xico e ecol\u00f3xico.<\/p>\n","protected":false},"excerpt":{"rendered":"<p>Colar Grelos dese\u00f1ado pola equipa de <a href=\"https:\/\/test.imprimetresde.com\/gl\/\">Imprimetresde<\/a>. Orixinal colar de <a href=\"https:\/\/gl.wikipedia.org\/wiki\/Grelo\">grelos<\/a>, o ingredentes principal e m\u00e1is querido do noso caldo e que a nosa poeta nacional, <a href=\"https:\/\/gl.wikipedia.org\/wiki\/Rosal%C3%ADa_de_Castro\">Rosal\u00eda de Castro<\/a> elevou \u00e1 categor\u00eda de manxar.<\/p>\n","protected":false},"featured_media":11077,"comment_status":"open","ping_status":"closed","template":"","meta":{"_vp_format_video_url":"","_vp_image_focal_point":[]},"product_brand":[],"product_cat":[1312,315,316],"product_tag":[980,1380,388,2018,1114,225,469,880,409,479,463,507,1519,2508,2507,481,1559,1328,754,968,969,281,1384,387,512],"class_list":{"0":"post-9063","1":"product","2":"type-product","3":"status-publish","4":"has-post-thumbnail","6":"product_cat-colgantes-gl","7":"product_cat-complementos-gl","8":"product_cat-cultura-gl","9":"product_tag-caldo","10":"product_tag-cocina-gl","11":"product_tag-colar","12":"product_tag-comer","13":"product_tag-dia-da-nai","14":"product_tag-dia-de-rosalia-gl","15":"product_tag-escritora","16":"product_tag-furancho","17":"product_tag-galega","18":"product_tag-galicia","19":"product_tag-galiza","20":"product_tag-gastronomia","21":"product_tag-grelos","22":"product_tag-impresion-3d-a-coruna","23":"product_tag-impresion-3d-coruna","24":"product_tag-libros","25":"product_tag-nacional","26":"product_tag-orixinal","27":"product_tag-poeta","28":"product_tag-regalo-gl","29":"product_tag-rosalia","30":"product_tag-rosalia-de-castro-gl","31":"product_tag-souvenir","32":"product_tag-tipico","33":"product_tag-tradicional","35":"first","36":"instock","37":"sale","38":"taxable","39":"shipping-taxable","40":"purchasable","41":"product-type-simple"},"exclude_global_add_ons":false,"addons":[{"name":"Material da Cadea (opcional)","type":"checkbox","position":0,"required":false,"title_format":"label","default":"","description_enable":true,"description":"Opci\u00f3n de facer a peza con cadea e accesorios de prata 925, de primera lei.","placeholder_enable":false,"placeholder":"","display":"select","restrictions_type":"any_text","adjust_price":false,"price":"","price_type":"flat_fee","restrictions":false,"min":"0","max":"0","options":[{"label":"Prata","price":"10","price_type":"flat_fee","image":0,"visibility":true}]}],"_links":{"self":[{"href":"https:\/\/test.imprimetresde.com\/gl\/wp-json\/wp\/v2\/product\/9063","targetHints":{"allow":["GET"]}}],"collection":[{"href":"https:\/\/test.imprimetresde.com\/gl\/wp-json\/wp\/v2\/product"}],"about":[{"href":"https:\/\/test.imprimetresde.com\/gl\/wp-json\/wp\/v2\/types\/product"}],"replies":[{"embeddable":true,"href":"https:\/\/test.imprimetresde.com\/gl\/wp-json\/wp\/v2\/comments?post=9063"}],"wp:featuredmedia":[{"embeddable":true,"href":"https:\/\/test.imprimetresde.com\/gl\/wp-json\/wp\/v2\/media\/11077"}],"wp:attachment":[{"href":"https:\/\/test.imprimetresde.com\/gl\/wp-json\/wp\/v2\/media?parent=9063"}],"wp:term":[{"taxonomy":"product_brand","embeddable":true,"href":"https:\/\/test.imprimetresde.com\/gl\/wp-json\/wp\/v2\/product_brand?post=9063"},{"taxonomy":"product_cat","embeddable":true,"href":"https:\/\/test.imprimetresde.com\/gl\/wp-json\/wp\/v2\/product_cat?post=9063"},{"taxonomy":"product_tag","embeddable":true,"href":"https:\/\/test.imprimetresde.com\/gl\/wp-json\/wp\/v2\/product_tag?post=9063"}],"curies":[{"name":"wp","href":"https:\/\/api.w.org\/{rel}","templated":true}]}}