{"id":9301,"date":"2021-01-27T12:42:42","date_gmt":"2021-01-27T10:42:42","guid":{"rendered":"https:\/\/test.imprimetresde.com\/?post_type=product&#038;p=9301"},"modified":"2025-09-17T13:16:34","modified_gmt":"2025-09-17T11:16:34","slug":"chaveiro-portamobil-animalinos","status":"publish","type":"product","link":"https:\/\/test.imprimetresde.com\/gl\/produto\/chaveiro-portamobil-animalinos\/","title":{"rendered":"Chaveiro Portam\u00f3bil Animali\u00f1os"},"content":{"rendered":"<p>Chaveiro Portam\u00f3bil Animali\u00f1os dese\u00f1ados por <a href=\"https:\/\/test.imprimetresde.com\/gl\/\">Imprimetresde<\/a> que permite colocar o smartphone ou tablet en formato apaisado. Temos a dispor tam\u00e9n Can, Vaca, Porqui\u00f1o, Morcego, Drag\u00f3n, Hipop\u00f3tamo, Tartaruga, Caracol e Coello e, pr\u00f3ximamente, faremos medrar a familia.<\/p>\n<p>*O material no que est\u00e1 realizado \u00e9 <a href=\"https:\/\/test.imprimetresde.com\/nuestro-material-de-impresion-el-pla-polimero-biodegradable-procedente-de-recursos-vegetales\/\">PLA<\/a>, material procedente de materia vexetal, biodegrad\u00e1bel, non t\u00f3xico e ecol\u00f3xico<\/p>\n","protected":false},"excerpt":{"rendered":"<p>Chaveiro Portam\u00f3bil Animali\u00f1os dese\u00f1ados por <a href=\"https:\/\/test.imprimetresde.com\/gl\/\">Imprimetresde<\/a> que permite colocar o smartphone ou tablet en formato apaisado. Temos a dispor tam\u00e9n Can, Vaca, Porqui\u00f1o, Morcego, Drag\u00f3n, Hipop\u00f3tamo, Tartaruga, Caracol e Coello e, pr\u00f3ximamente, faremos medrar a familia.<\/p>\n","protected":false},"featured_media":9305,"comment_status":"open","ping_status":"closed","template":"","meta":{"_vp_format_video_url":"","_vp_image_focal_point":[]},"product_brand":[],"product_cat":[315,320],"product_tag":[1572,1473,1567,273,1570,256,548,1457,1573,1114,1115,232,2508,2507,242,1398,266,1569,1359,1358,1456,1472,1470,1571,1568,948],"class_list":{"0":"post-9301","1":"product","2":"type-product","3":"status-publish","4":"has-post-thumbnail","6":"product_cat-complementos-gl","7":"product_cat-mascotas-gl","8":"product_tag-android","9":"product_tag-animal","10":"product_tag-animalinos","11":"product_tag-can","12":"product_tag-caracol","13":"product_tag-chaveiro","14":"product_tag-chaves","15":"product_tag-clase","16":"product_tag-crianza","17":"product_tag-dia-da-nai","18":"product_tag-dia-do-pai","19":"product_tag-gato-gl","20":"product_tag-impresion-3d-a-coruna","21":"product_tag-impresion-3d-coruna","22":"product_tag-iphone-gl","23":"product_tag-mesa","24":"product_tag-mobil","25":"product_tag-morcego","26":"product_tag-nena","27":"product_tag-neno","28":"product_tag-oficina","29":"product_tag-porquino","30":"product_tag-porta","31":"product_tag-tartaruga","32":"product_tag-telefono","33":"product_tag-vaca","35":"first","36":"instock","37":"sale","38":"taxable","39":"shipping-taxable","40":"purchasable","41":"product-type-variable"},"exclude_global_add_ons":false,"addons":[{"name":"Texto personalizado","type":"heading","position":0,"required":false,"title_format":"label","default":"","description_enable":true,"description":"**Texto que llevar\u00e1 el objeto al imprimirlo (8 caracteres m\u00e1ximo)","placeholder_enable":false,"placeholder":"","display":"select","restrictions_type":"any_text","adjust_price":false,"price":"","price_type":"","restrictions":false,"min":"0","max":"0","options":[]},{"name":"Texto","type":"custom_text","position":0,"required":false,"title_format":"label","default":"","description_enable":false,"description":"","placeholder_enable":false,"placeholder":"","display":"select","restrictions_type":"any_text","adjust_price":true,"price":"5","price_type":"quantity_based","restrictions":false,"min":"","max":"","options":[]}],"_links":{"self":[{"href":"https:\/\/test.imprimetresde.com\/gl\/wp-json\/wp\/v2\/product\/9301","targetHints":{"allow":["GET"]}}],"collection":[{"href":"https:\/\/test.imprimetresde.com\/gl\/wp-json\/wp\/v2\/product"}],"about":[{"href":"https:\/\/test.imprimetresde.com\/gl\/wp-json\/wp\/v2\/types\/product"}],"replies":[{"embeddable":true,"href":"https:\/\/test.imprimetresde.com\/gl\/wp-json\/wp\/v2\/comments?post=9301"}],"wp:featuredmedia":[{"embeddable":true,"href":"https:\/\/test.imprimetresde.com\/gl\/wp-json\/wp\/v2\/media\/9305"}],"wp:attachment":[{"href":"https:\/\/test.imprimetresde.com\/gl\/wp-json\/wp\/v2\/media?parent=9301"}],"wp:term":[{"taxonomy":"product_brand","embeddable":true,"href":"https:\/\/test.imprimetresde.com\/gl\/wp-json\/wp\/v2\/product_brand?post=9301"},{"taxonomy":"product_cat","embeddable":true,"href":"https:\/\/test.imprimetresde.com\/gl\/wp-json\/wp\/v2\/product_cat?post=9301"},{"taxonomy":"product_tag","embeddable":true,"href":"https:\/\/test.imprimetresde.com\/gl\/wp-json\/wp\/v2\/product_tag?post=9301"}],"curies":[{"name":"wp","href":"https:\/\/api.w.org\/{rel}","templated":true}]}}