{"id":9448,"date":"2021-01-28T14:14:56","date_gmt":"2021-01-28T12:14:56","guid":{"rendered":"https:\/\/test.imprimetresde.com\/?post_type=product&#038;p=9448"},"modified":"2024-10-02T13:25:37","modified_gmt":"2024-10-02T11:25:37","slug":"servilleteiro-personalizado-pack-2","status":"publish","type":"product","link":"https:\/\/test.imprimetresde.com\/gl\/produto\/servilleteiro-personalizado-pack-2\/","title":{"rendered":"Servilleteiro Personalizado Pack 2"},"content":{"rendered":"<p>Servilleteiro Personalizado Pack 2 dese\u00f1ado por <a href=\"https:\/\/test.imprimetresde.com\/gl\/\">Imprimetresde<\/a>. Orixinal servilleteiro co nome personalizado, ideal para regalar.<\/p>\n<p>*O material no que est\u00e1 realizado \u00e9 <a href=\"https:\/\/test.imprimetresde.com\/gl\/o-noso-material-de-impresion-o-pla-polimero-biodegradabel-procedente-de-recursos-vexetais\/\">PLA<\/a>, material procedente de materia vexetal, biodegrad\u00e1bel, non t\u00f3xico e ecol\u00f3xico.<\/p>\n","protected":false},"excerpt":{"rendered":"<p>Servilleteiro Personalizado Pack 2 dese\u00f1ado por <a href=\"https:\/\/test.imprimetresde.com\/gl\/\">Imprimetresde<\/a>. Orixinal servilleteiro co nome personalizado, ideal para regalar.<\/p>\n","protected":false},"featured_media":9449,"comment_status":"open","ping_status":"closed","template":"","meta":{"_vp_format_video_url":"","_vp_image_focal_point":[]},"product_brand":[],"product_cat":[313,2499],"product_tag":[1509,1380,2508,2507,1398,1585,274,968,1584,1586],"class_list":{"0":"post-9448","1":"product","2":"type-product","3":"status-publish","4":"has-post-thumbnail","6":"product_cat-ambiente-gl","7":"product_cat-personalizados","8":"product_tag-adorno","9":"product_tag-cocina-gl","10":"product_tag-impresion-3d-a-coruna","11":"product_tag-impresion-3d-coruna","12":"product_tag-mesa","13":"product_tag-pano","14":"product_tag-personalizado-gl","15":"product_tag-regalo-gl","16":"product_tag-servilleta","17":"product_tag-servilleteiro","19":"first","20":"instock","21":"sale","22":"taxable","23":"shipping-taxable","24":"purchasable","25":"product-type-simple"},"exclude_global_add_ons":[],"addons":[],"_links":{"self":[{"href":"https:\/\/test.imprimetresde.com\/gl\/wp-json\/wp\/v2\/product\/9448","targetHints":{"allow":["GET"]}}],"collection":[{"href":"https:\/\/test.imprimetresde.com\/gl\/wp-json\/wp\/v2\/product"}],"about":[{"href":"https:\/\/test.imprimetresde.com\/gl\/wp-json\/wp\/v2\/types\/product"}],"replies":[{"embeddable":true,"href":"https:\/\/test.imprimetresde.com\/gl\/wp-json\/wp\/v2\/comments?post=9448"}],"wp:featuredmedia":[{"embeddable":true,"href":"https:\/\/test.imprimetresde.com\/gl\/wp-json\/wp\/v2\/media\/9449"}],"wp:attachment":[{"href":"https:\/\/test.imprimetresde.com\/gl\/wp-json\/wp\/v2\/media?parent=9448"}],"wp:term":[{"taxonomy":"product_brand","embeddable":true,"href":"https:\/\/test.imprimetresde.com\/gl\/wp-json\/wp\/v2\/product_brand?post=9448"},{"taxonomy":"product_cat","embeddable":true,"href":"https:\/\/test.imprimetresde.com\/gl\/wp-json\/wp\/v2\/product_cat?post=9448"},{"taxonomy":"product_tag","embeddable":true,"href":"https:\/\/test.imprimetresde.com\/gl\/wp-json\/wp\/v2\/product_tag?post=9448"}],"curies":[{"name":"wp","href":"https:\/\/api.w.org\/{rel}","templated":true}]}}