{"id":9483,"date":"2021-02-01T18:50:09","date_gmt":"2021-02-01T16:50:09","guid":{"rendered":"https:\/\/test.imprimetresde.com\/?post_type=product&#038;p=9483"},"modified":"2025-03-11T13:52:37","modified_gmt":"2025-03-11T11:52:37","slug":"xaboeira","status":"publish","type":"product","link":"https:\/\/test.imprimetresde.com\/gl\/produto\/xaboeira\/","title":{"rendered":"Xaboeira"},"content":{"rendered":"<p>Xaboeira en 3D personalizable, idea de <a href=\"https:\/\/test.imprimetresde.com\/gl\/\">Imprimetresde<\/a>. Orixinal xaboeira con base recolle-auga desmontable para que o teu <a href=\"https:\/\/gl.wikipedia.org\/wiki\/Xab%C3%B3n\">xab\u00f3n<\/a> dure m\u00e1is. P\u00f3dese personalizar co teu nome ou para regalar. Exclusiva na <a href=\"https:\/\/test.imprimetresde.com\/gl\/categoria-produto\/ambiente-gl\/\">Colecci\u00f3n DOMUSI3D<\/a>.<\/p>\n<p>*O material no que est\u00e1 realizado \u00e9 <a href=\"https:\/\/test.imprimetresde.com\/gl\/o-noso-material-de-impresion-o-pla-polimero-biodegradabel-procedente-de-recursos-vexetais\/\">PLA<\/a>, material procedente de materia vexetal, biodegrad\u00e1bel, non t\u00f3xico e ecol\u00f3xico.<\/p>\n","protected":false},"excerpt":{"rendered":"<p>Xaboeira en 3D personalizable, idea de <a href=\"https:\/\/test.imprimetresde.com\/gl\/\">Imprimetresde<\/a>. Orixinal xaboeira con base recolle-auga desmontable para que o teu xab\u00f3n dure m\u00e1is. P\u00f3dese personalizar co teu nome ou para regalar. Exclusiva na <a href=\"https:\/\/test.imprimetresde.com\/gl\/categoria-produto\/ambiente-gl\/\">Colecci\u00f3n DOMUSI3D<\/a>.<\/p>\n","protected":false},"featured_media":9816,"comment_status":"open","ping_status":"closed","template":"","meta":{"_vp_format_video_url":"","_vp_image_focal_point":[]},"product_brand":[],"product_cat":[313,317],"product_tag":[1600,1603,1605,210,892,1114,1115,2508,2507,1601,1602,1456,274,1604,1617,1607,1599],"class_list":{"0":"post-9483","1":"product","2":"type-product","3":"status-publish","4":"has-post-thumbnail","6":"product_cat-ambiente-gl","7":"product_cat-gadgets-gl","8":"product_tag-auga","9":"product_tag-casa","10":"product_tag-covid-gl","11":"product_tag-decoracion-gl","12":"product_tag-decorativo","13":"product_tag-dia-da-nai","14":"product_tag-dia-do-pai","15":"product_tag-impresion-3d-a-coruna","16":"product_tag-impresion-3d-coruna","17":"product_tag-lavar","18":"product_tag-mans","19":"product_tag-oficina","20":"product_tag-personalizado-gl","21":"product_tag-traballo","22":"product_tag-xaboeira","23":"product_tag-xabon","24":"product_tag-xabron","26":"first","27":"instock","28":"taxable","29":"shipping-taxable","30":"purchasable","31":"product-type-simple"},"exclude_global_add_ons":false,"addons":[{"name":"Texto personalizado","type":"heading","position":0,"required":false,"title_format":"label","default":"","description_enable":true,"description":"**Texto que llevar\u00e1 el objeto al imprimirlo (8 caracteres m\u00e1ximo)","placeholder_enable":false,"placeholder":"","display":"select","restrictions_type":"any_text","adjust_price":false,"price":"","price_type":"","restrictions":false,"min":"0","max":"0","options":[]},{"name":"Texto","type":"custom_text","position":0,"required":false,"title_format":"label","default":"","description_enable":false,"description":"","placeholder_enable":false,"placeholder":"","display":"select","restrictions_type":"any_text","adjust_price":true,"price":"5","price_type":"quantity_based","restrictions":false,"min":"","max":"","options":[]}],"_links":{"self":[{"href":"https:\/\/test.imprimetresde.com\/gl\/wp-json\/wp\/v2\/product\/9483","targetHints":{"allow":["GET"]}}],"collection":[{"href":"https:\/\/test.imprimetresde.com\/gl\/wp-json\/wp\/v2\/product"}],"about":[{"href":"https:\/\/test.imprimetresde.com\/gl\/wp-json\/wp\/v2\/types\/product"}],"replies":[{"embeddable":true,"href":"https:\/\/test.imprimetresde.com\/gl\/wp-json\/wp\/v2\/comments?post=9483"}],"wp:featuredmedia":[{"embeddable":true,"href":"https:\/\/test.imprimetresde.com\/gl\/wp-json\/wp\/v2\/media\/9816"}],"wp:attachment":[{"href":"https:\/\/test.imprimetresde.com\/gl\/wp-json\/wp\/v2\/media?parent=9483"}],"wp:term":[{"taxonomy":"product_brand","embeddable":true,"href":"https:\/\/test.imprimetresde.com\/gl\/wp-json\/wp\/v2\/product_brand?post=9483"},{"taxonomy":"product_cat","embeddable":true,"href":"https:\/\/test.imprimetresde.com\/gl\/wp-json\/wp\/v2\/product_cat?post=9483"},{"taxonomy":"product_tag","embeddable":true,"href":"https:\/\/test.imprimetresde.com\/gl\/wp-json\/wp\/v2\/product_tag?post=9483"}],"curies":[{"name":"wp","href":"https:\/\/api.w.org\/{rel}","templated":true}]}}