{"id":9579,"date":"2021-02-10T14:00:45","date_gmt":"2021-02-10T12:00:45","guid":{"rendered":"https:\/\/test.imprimetresde.com\/?post_type=product&#038;p=9579"},"modified":"2024-03-14T18:38:56","modified_gmt":"2024-03-14T16:38:56","slug":"chaveiro-corazon","status":"publish","type":"product","link":"https:\/\/test.imprimetresde.com\/gl\/produto\/chaveiro-corazon\/","title":{"rendered":"Chaveiro Coraz\u00f3n"},"content":{"rendered":"<p>Chaveiro Coraz\u00f3n anti estr\u00e9s ideal para regalar. Cun dise\u00f1o moi orixinal, m\u00f3vense todas as pezas e podes adquirilo en vermello ou en naranxa.<\/p>\n<p>*O material no que est\u00e1 realizado \u00e9 <a href=\"https:\/\/test.imprimetresde.com\/nuestro-material-de-impresion-el-pla-polimero-biodegradable-procedente-de-recursos-vegetales\/\">PLA<\/a>, material procedente de materia vexetal, <a href=\"https:\/\/es.wikipedia.org\/wiki\/Biodegradabilidad\">biodegrad\u00e1bel<\/a>, non t\u00f3xico e ecol\u00f3xico<\/p>\n","protected":false},"excerpt":{"rendered":"<p>Chaveiro Coraz\u00f3n anti estr\u00e9s ideal para regalar. Cun dise\u00f1o moi orixinal, m\u00f3vense todas as pezas e podes adquirilo en vermello ou en naranxa.<\/p>\n","protected":false},"featured_media":9582,"comment_status":"open","ping_status":"closed","template":"","meta":{"_vp_format_video_url":"","_vp_image_focal_point":[]},"product_brand":[],"product_cat":[315],"product_tag":[1626,566,1628,256,1624,1627,2508,2507,968,1625,529],"class_list":{"0":"post-9579","1":"product","2":"type-product","3":"status-publish","4":"has-post-thumbnail","6":"product_cat-complementos-gl","7":"product_tag-14-febreiro","8":"product_tag-agasallo","9":"product_tag-amor","10":"product_tag-chaveiro","11":"product_tag-corazon","12":"product_tag-dia-dos-namorados","13":"product_tag-impresion-3d-a-coruna","14":"product_tag-impresion-3d-coruna","15":"product_tag-regalo-gl","16":"product_tag-san-valentin","17":"product_tag-vermello","19":"first","20":"instock","21":"taxable","22":"shipping-taxable","23":"purchasable","24":"product-type-variable"},"exclude_global_add_ons":[],"addons":[],"_links":{"self":[{"href":"https:\/\/test.imprimetresde.com\/gl\/wp-json\/wp\/v2\/product\/9579","targetHints":{"allow":["GET"]}}],"collection":[{"href":"https:\/\/test.imprimetresde.com\/gl\/wp-json\/wp\/v2\/product"}],"about":[{"href":"https:\/\/test.imprimetresde.com\/gl\/wp-json\/wp\/v2\/types\/product"}],"replies":[{"embeddable":true,"href":"https:\/\/test.imprimetresde.com\/gl\/wp-json\/wp\/v2\/comments?post=9579"}],"wp:featuredmedia":[{"embeddable":true,"href":"https:\/\/test.imprimetresde.com\/gl\/wp-json\/wp\/v2\/media\/9582"}],"wp:attachment":[{"href":"https:\/\/test.imprimetresde.com\/gl\/wp-json\/wp\/v2\/media?parent=9579"}],"wp:term":[{"taxonomy":"product_brand","embeddable":true,"href":"https:\/\/test.imprimetresde.com\/gl\/wp-json\/wp\/v2\/product_brand?post=9579"},{"taxonomy":"product_cat","embeddable":true,"href":"https:\/\/test.imprimetresde.com\/gl\/wp-json\/wp\/v2\/product_cat?post=9579"},{"taxonomy":"product_tag","embeddable":true,"href":"https:\/\/test.imprimetresde.com\/gl\/wp-json\/wp\/v2\/product_tag?post=9579"}],"curies":[{"name":"wp","href":"https:\/\/api.w.org\/{rel}","templated":true}]}}