{"id":9609,"date":"2021-02-11T14:10:32","date_gmt":"2021-02-11T12:10:32","guid":{"rendered":"https:\/\/test.imprimetresde.com\/?post_type=product&#038;p=9609"},"modified":"2024-03-14T18:38:43","modified_gmt":"2024-03-14T16:38:43","slug":"chaveiro-son-choqueir","status":"publish","type":"product","link":"https:\/\/test.imprimetresde.com\/gl\/produto\/chaveiro-son-choqueir\/","title":{"rendered":"Chaveiro Son Choqueir@"},"content":{"rendered":"<p>Chaveiro Son Choqueir@. Orixinal chaveiro creaci\u00f3n \u00fanica e exclusiva de I3D para po\u00f1er en valor @s <a href=\"http:\/\/orecunchodeevaristo.blogspot.com\/2020\/02\/entroido.html\">choqueir@s<\/a> do <a href=\"https:\/\/gl.wikipedia.org\/wiki\/Entroido\">Entroido<\/a> coru\u00f1\u00e9s e comarca, xa toda unha instituci\u00f3n! Non hai entroido na comarca da Coru\u00f1a sen choqueirada! En azul e en naranxa, chaveiro ou broche, elixe o teu e presume de Entroido!<\/p>\n<p>Tam\u00e9n a dispor o Broche Son Choqueiro, en azul el\u00e9ctrico e en laranxa.<\/p>\n<p>*O material no que est\u00e1 realizado \u00e9 <a href=\"https:\/\/test.imprimetresde.com\/nuestro-material-de-impresion-el-pla-polimero-biodegradable-procedente-de-recursos-vegetales\/\">PLA<\/a>, material procedente de materia vexetal, <a href=\"https:\/\/es.wikipedia.org\/wiki\/Biodegradabilidad\">biodegrad\u00e1bel<\/a>, non t\u00f3xico e ecol\u00f3xico<\/p>\n","protected":false},"excerpt":{"rendered":"<p>Chaveiro Son Choqueir@. Orixinal chaveiro creaci\u00f3n \u00fanica e exclusiva de I3D para po\u00f1er en valor @s <a href=\"http:\/\/orecunchodeevaristo.blogspot.com\/2020\/02\/entroido.html\">choqueir@s<\/a> do <a href=\"https:\/\/gl.wikipedia.org\/wiki\/Entroido\">Entroido<\/a> coru\u00f1\u00e9s e comarca, xa toda unha instituci\u00f3n! Non hai entroido na comarca da <a href=\"https:\/\/gl.wikipedia.org\/wiki\/A_Coru%C3%B1a\">Coru\u00f1a <\/a>sen choqueirada! En azul e en naranxa, chaveiro ou broche, elixe o teu e presume de Entroido!<\/p>\n","protected":false},"featured_media":9610,"comment_status":"open","ping_status":"closed","template":"","meta":{"_vp_format_video_url":"","_vp_image_focal_point":[]},"product_brand":[],"product_cat":[315,316],"product_tag":[1233,256,1638,1639,1637,983,2508,2507,1384,447],"class_list":{"0":"post-9609","1":"product","2":"type-product","3":"status-publish","4":"has-post-thumbnail","6":"product_cat-complementos-gl","7":"product_cat-cultura-gl","8":"product_tag-carnaval","9":"product_tag-chaveiro","10":"product_tag-choqueira","11":"product_tag-choqueirada","12":"product_tag-choqueiro","13":"product_tag-entroido","14":"product_tag-impresion-3d-a-coruna","15":"product_tag-impresion-3d-coruna","16":"product_tag-souvenir","17":"product_tag-tradicion","19":"first","20":"instock","21":"sale","22":"taxable","23":"shipping-taxable","24":"purchasable","25":"product-type-variable"},"exclude_global_add_ons":[],"addons":[],"_links":{"self":[{"href":"https:\/\/test.imprimetresde.com\/gl\/wp-json\/wp\/v2\/product\/9609","targetHints":{"allow":["GET"]}}],"collection":[{"href":"https:\/\/test.imprimetresde.com\/gl\/wp-json\/wp\/v2\/product"}],"about":[{"href":"https:\/\/test.imprimetresde.com\/gl\/wp-json\/wp\/v2\/types\/product"}],"replies":[{"embeddable":true,"href":"https:\/\/test.imprimetresde.com\/gl\/wp-json\/wp\/v2\/comments?post=9609"}],"wp:featuredmedia":[{"embeddable":true,"href":"https:\/\/test.imprimetresde.com\/gl\/wp-json\/wp\/v2\/media\/9610"}],"wp:attachment":[{"href":"https:\/\/test.imprimetresde.com\/gl\/wp-json\/wp\/v2\/media?parent=9609"}],"wp:term":[{"taxonomy":"product_brand","embeddable":true,"href":"https:\/\/test.imprimetresde.com\/gl\/wp-json\/wp\/v2\/product_brand?post=9609"},{"taxonomy":"product_cat","embeddable":true,"href":"https:\/\/test.imprimetresde.com\/gl\/wp-json\/wp\/v2\/product_cat?post=9609"},{"taxonomy":"product_tag","embeddable":true,"href":"https:\/\/test.imprimetresde.com\/gl\/wp-json\/wp\/v2\/product_tag?post=9609"}],"curies":[{"name":"wp","href":"https:\/\/api.w.org\/{rel}","templated":true}]}}