{"id":9937,"date":"2021-04-23T18:41:07","date_gmt":"2021-04-23T16:41:07","guid":{"rendered":"https:\/\/test.imprimetresde.com\/?post_type=product&#038;p=9937"},"modified":"2024-03-14T18:26:06","modified_gmt":"2024-03-14T16:26:06","slug":"marcapaxinas-gloria-fuertes","status":"publish","type":"product","link":"https:\/\/test.imprimetresde.com\/gl\/produto\/marcapaxinas-gloria-fuertes\/","title":{"rendered":"Marcap\u00e1xinas Gloria Fuertes"},"content":{"rendered":"<p>Marcap\u00e1xinas Gloria Fuertes. Elegante marcap\u00e1xinas ca figura de <a href=\"https:\/\/gl.wikipedia.org\/wiki\/Gloria_Fuertes\">Gloria Fuertes<\/a> tan importante para a poes\u00eda dentro do Estado Espa\u00f1ol. Feito en <a href=\"https:\/\/test.imprimetresde.com\/gl\/o-noso-material-de-impresion-o-pla-polimero-biodegradabel-procedente-de-recursos-vexetais\/\">PLA<\/a> branco con formato litofan\u00eda.<\/p>\n<p>Nada en <a title=\"Madrid\" href=\"https:\/\/gl.wikipedia.org\/wiki\/Madrid\">Madrid<\/a>\u00a0o\u00a0<a title=\"28 de xullo\" href=\"https:\/\/gl.wikipedia.org\/wiki\/28_de_xullo\">28 de xullo<\/a>\u00a0de\u00a0<a title=\"1917\" href=\"https:\/\/gl.wikipedia.org\/wiki\/1917\">1917<\/a>\u00a0e finada na mesma cidade o\u00a0<a title=\"27 de novembro\" href=\"https:\/\/gl.wikipedia.org\/wiki\/27_de_novembro\">27 de novembro<\/a>\u00a0de\u00a0<a title=\"1998\" href=\"https:\/\/gl.wikipedia.org\/wiki\/1998\">1998<\/a>, foi unha\u00a0<a title=\"Poes\u00eda\" href=\"https:\/\/gl.wikipedia.org\/wiki\/Poes%C3%ADa\">poeta<\/a>\u00a0(non lle gustaba\u00a0<i>poetisa<\/i>)\u00a0<a title=\"Espa\u00f1a\" href=\"https:\/\/gl.wikipedia.org\/wiki\/Espa%C3%B1a\">espa\u00f1ola<\/a>. A\u00ednda que ela sempre se definiu como &#8220;autodidacta e poeticamente desescolarizada&#8221;, o seu nome est\u00e1 ligado a dous movementos literarios: a\u00a0<a class=\"new\" title=\"Xeraci\u00f3n do 50 (a p\u00e1xina a\u00ednda non existe)\" href=\"https:\/\/gl.wikipedia.org\/w\/index.php?title=Xeraci%C3%B3n_do_50&amp;action=edit&amp;redlink=1\">xeraci\u00f3n do 50<\/a>\u00a0e o\u00a0<a class=\"new\" title=\"Postismo (a p\u00e1xina a\u00ednda non existe)\" href=\"https:\/\/gl.wikipedia.org\/w\/index.php?title=Postismo&amp;action=edit&amp;redlink=1\">Postismo.\u00a0<\/a><\/p>\n","protected":false},"excerpt":{"rendered":"<p>Marcap\u00e1xinas Gloria Fuertes. Elegante marcap\u00e1xinas ca figura de <a href=\"https:\/\/gl.wikipedia.org\/wiki\/Gloria_Fuertes\">Gloria Fuertes<\/a> tan importante para a poes\u00eda dentro do Estado Espa\u00f1ol. Feito en <a href=\"https:\/\/test.imprimetresde.com\/gl\/o-noso-material-de-impresion-o-pla-polimero-biodegradabel-procedente-de-recursos-vexetais\/\">PLA<\/a> branco con formato litofan\u00eda.<\/p>\n","protected":false},"featured_media":9938,"comment_status":"open","ping_status":"closed","template":"","meta":{"_vp_format_video_url":"","_vp_image_focal_point":[]},"product_brand":[],"product_cat":[316],"product_tag":[1715,1714,1725,469,354,1731,2508,2507,805,1394,481,252,487],"class_list":{"0":"post-9937","1":"product","2":"type-product","3":"status-publish","4":"has-post-thumbnail","6":"product_cat-cultura-gl","7":"product_tag-23-abril","8":"product_tag-dia-do-libro","9":"product_tag-escribir","10":"product_tag-escritora","11":"product_tag-feminista-gl","12":"product_tag-gloria-fuertes","13":"product_tag-impresion-3d-a-coruna","14":"product_tag-impresion-3d-coruna","15":"product_tag-lectura","16":"product_tag-leer-gl","17":"product_tag-libros","18":"product_tag-marcapaxinas-gl","19":"product_tag-poesia","21":"first","22":"instock","23":"taxable","24":"shipping-taxable","25":"purchasable","26":"product-type-simple"},"exclude_global_add_ons":[],"addons":[],"_links":{"self":[{"href":"https:\/\/test.imprimetresde.com\/gl\/wp-json\/wp\/v2\/product\/9937","targetHints":{"allow":["GET"]}}],"collection":[{"href":"https:\/\/test.imprimetresde.com\/gl\/wp-json\/wp\/v2\/product"}],"about":[{"href":"https:\/\/test.imprimetresde.com\/gl\/wp-json\/wp\/v2\/types\/product"}],"replies":[{"embeddable":true,"href":"https:\/\/test.imprimetresde.com\/gl\/wp-json\/wp\/v2\/comments?post=9937"}],"wp:featuredmedia":[{"embeddable":true,"href":"https:\/\/test.imprimetresde.com\/gl\/wp-json\/wp\/v2\/media\/9938"}],"wp:attachment":[{"href":"https:\/\/test.imprimetresde.com\/gl\/wp-json\/wp\/v2\/media?parent=9937"}],"wp:term":[{"taxonomy":"product_brand","embeddable":true,"href":"https:\/\/test.imprimetresde.com\/gl\/wp-json\/wp\/v2\/product_brand?post=9937"},{"taxonomy":"product_cat","embeddable":true,"href":"https:\/\/test.imprimetresde.com\/gl\/wp-json\/wp\/v2\/product_cat?post=9937"},{"taxonomy":"product_tag","embeddable":true,"href":"https:\/\/test.imprimetresde.com\/gl\/wp-json\/wp\/v2\/product_tag?post=9937"}],"curies":[{"name":"wp","href":"https:\/\/api.w.org\/{rel}","templated":true}]}}