{"id":7367,"date":"2020-04-22T13:10:56","date_gmt":"2020-04-22T12:10:56","guid":{"rendered":"https:\/\/test.imprimetresde.com\/cursos\/"},"modified":"2020-04-22T13:11:00","modified_gmt":"2020-04-22T12:11:00","slug":"cursos","status":"publish","type":"page","link":"https:\/\/test.imprimetresde.com\/pt-pt\/cursos\/","title":{"rendered":"Cursos"},"content":{"rendered":"<p>Cursos de impresi\u00f3n 3d y dise\u00f1o tridimensional<\/p>\n<p>[vc_row font_color=&#8221;#ec801b&#8221; css=&#8221;.vc_custom_1461494363522{padding-top: 250px !important;padding-bottom: 250px !important;background-image: url(https:\/\/test.imprimetresde.com\/wp-content\/uploads\/2016\/04\/cursos_OPT.jpg?id=2880) !important;}&#8221; background_style=&#8221;parallax&#8221;][vc_column][vc_text_separator title=&#8221;Cursos impress\u00e3o 3D&#8221; color=&#8221;#ec801b&#8221; subtitle=&#8221;Marca de Impresi\u00f3n en tres dimensiones con sede en A Coru\u00f1a&#8221; el_class=&#8221; h1orange&#8221;][\/vc_column][\/vc_row][vc_row type=&#8221;boxed&#8221; css=&#8221;.vc_custom_1400146784650{margin-top: 5% !important;margin-bottom: 5% !important;}&#8221;][vc_column width=&#8221;2\/3&#8243;][vc_column_text css=&#8221;.vc_custom_1461514369110{padding-right: 3% !important;}&#8221;]<\/p>\n<h4>A impress\u00e3o 3D \u00e9 um grupo de tecnologias de fabrica\u00e7\u00e3o de adi\u00e7\u00e3o em que um objeto tridimensional \u00e9 criado sobrepondo sucessivas camadas de material.<\/h4>\n<p>[\/vc_column_text][vc_column_text css=&#8221;.vc_custom_1461514227312{padding-right: 3% !important;}&#8221;]Impress\u00e3o 3D ou fabrica\u00e7\u00e3o aditiva, consiste na cria\u00e7\u00e3o de pe\u00e7as a partir de um modelo 3D gerado por programas de computador, sem a necessidade de recorrer a moldes ou ferramentas, depositando o material em camadas e curando-o ou secando-o usando luz ultravioleta ou emiss\u00e3o de calor, dependendo do tipo de tecnologia.<\/p>\n<p>As impressoras 3D s\u00e3o geralmente mais r\u00e1pidas, baratas e f\u00e1ceis de usar do que outras tecnologias de fabrica\u00e7\u00e3o complementares, embora, como qualquer processo industrial, estejam sujeitas a um compromisso entre o pre\u00e7o de compra e a toler\u00e2ncia nas medi\u00e7\u00f5es de objetos. produzido. As impressoras 3D oferecem aos desenvolvedores de produtos a capacidade de imprimir pe\u00e7as e montagens feitas de diferentes materiais com diferentes propriedades f\u00edsicas e mec\u00e2nicas, geralmente com um processo de montagem simples. Tecnologias avan\u00e7adas de impress\u00e3o 3D podem at\u00e9 oferecer modelos que podem servir como prot\u00f3tipos de produtos.<\/p>\n<p>Cursos de impress\u00e3o 3D e design tridimensional<br \/>\nOs cursos imprimetresde.com oferecem um primeiro contato e um maior desenvolvimento da impress\u00e3o 3D usando a tecnologia FDM (Fused Deposition Modeling), com o objetivo de obter uma vis\u00e3o geral da gama de tecnologias existentes, conhecendo as m\u00e1quinas e materiais mais utilizados, bem como a software de modelagem e impress\u00e3o, descobrindo poss\u00edveis e atuais aplica\u00e7\u00f5es futuras e, em geral, obtendo os fundamentos tecnol\u00f3gicos necess\u00e1rios para a impress\u00e3o 3D.<\/p>\n<p>[\/vc_column_text][vc_row_inner css=&#8221;.vc_custom_1461514269872{margin-bottom: 5% !important;}&#8221;][vc_column_inner width=&#8221;1\/2&#8243;][vc_column_text]<\/p>\n<h3 style=\"text-align: left;\">CURSO DE IMPRESS\u00c3O 3D 1. N\u00cdVEL B\u00c1SICO (4h)<\/h3>\n<p style=\"text-align: left;\">O que \u00e9 impress\u00e3o 3D<\/p>\n<p>Tipo, tecnologias e materiais<\/p>\n<p>Aplica\u00e7\u00f5es<\/p>\n<p>Estrutura de impress\u00e3o<\/p>\n<p>Uso b\u00e1sico de uma impressora FDM<\/p>\n<p>Software de modelagem<\/p>\n<p>Acabamentos<\/p>\n<p>Compartilhe seus modelos<br \/>\n[\/vc_column_text][\/vc_column_inner][vc_column_inner width=&#8221;1\/2&#8243;][vc_column_text]<\/p>\n<h3 style=\"text-align: left;\">CURSO DE IMPRESS\u00c3O 3D 2. N\u00cdVEL AVAN\u00c7ADO (6h)<\/h3>\n<p>Modelagem de impress\u00e3o 3D<\/p>\n<p>Software de modelagem<\/p>\n<p>Perfis de impress\u00e3o<\/p>\n<p>Modelos de v\u00e1rias partes<\/p>\n<p>Digitaliza\u00e7\u00e3o em 3D<\/p>\n<p>Biblioteca de objetos, reparo de arquivos<\/p>\n<p>Impress\u00e3o 3D aplicada \u00e0 arquitetura<\/p>\n<p>Impress\u00e3o 3D aplicada \u00e0 engenharia e design<br \/>\n[\/vc_column_text][\/vc_column_inner][\/vc_row_inner]<\/p>\n<p>[vc_column_text]<\/p>\n<h5><a href=\"\/?page_id=6462\">PRE\u00c7OS E INSCRI\u00c7\u00c3O NOSSOS CURSOS<\/a><\/h5>\n<p>[\/vc_column_text]<\/p>\n<div class=\"wpcf7 no-js\" id=\"wpcf7-f2891-o1\" lang=\"en-US\" dir=\"ltr\" data-wpcf7-id=\"2891\">\n<div class=\"screen-reader-response\"><p role=\"status\" aria-live=\"polite\" aria-atomic=\"true\"><\/p> <ul><\/ul><\/div>\n<form action=\"\/pt-pt\/wp-json\/wp\/v2\/pages\/7367#wpcf7-f2891-o1\" method=\"post\" class=\"wpcf7-form init\" aria-label=\"Contact form\" novalidate=\"novalidate\" data-status=\"init\">\n<fieldset class=\"hidden-fields-container\"><input type=\"hidden\" name=\"_wpcf7\" value=\"2891\" \/><input type=\"hidden\" name=\"_wpcf7_version\" value=\"6.1.3\" \/><input type=\"hidden\" name=\"_wpcf7_locale\" value=\"en_US\" \/><input type=\"hidden\" name=\"_wpcf7_unit_tag\" value=\"wpcf7-f2891-o1\" \/><input type=\"hidden\" name=\"_wpcf7_container_post\" value=\"0\" \/><input type=\"hidden\" name=\"_wpcf7_posted_data_hash\" value=\"\" \/><input type=\"hidden\" name=\"_wpcf7_recaptcha_response\" value=\"\" \/>\n<\/fieldset>\n<p><b>Solicitar informaci\u00f3n sobre nuestros Cursos<\/b>\n<\/p>\n<p>Tu nombre (obligatorio)\n<\/p>\n<p><span class=\"wpcf7-form-control-wrap\" data-name=\"your-name\"><input size=\"40\" maxlength=\"400\" class=\"wpcf7-form-control wpcf7-text wpcf7-validates-as-required\" aria-required=\"true\" aria-invalid=\"false\" value=\"\" type=\"text\" name=\"your-name\" \/><\/span>\n<\/p>\n<p>Tu Email (obligatorio)\n<\/p>\n<p><span class=\"wpcf7-form-control-wrap\" data-name=\"your-email\"><input size=\"40\" maxlength=\"400\" class=\"wpcf7-form-control wpcf7-email wpcf7-validates-as-required wpcf7-text wpcf7-validates-as-email\" aria-required=\"true\" aria-invalid=\"false\" value=\"\" type=\"email\" name=\"your-email\" \/><\/span>\n<\/p>\n<p>Selecciona curso\n<\/p>\n<p><span class=\"wpcf7-form-control-wrap\" data-name=\"menu-46\"><select class=\"wpcf7-form-control wpcf7-select wpcf7-validates-as-required\" aria-required=\"true\" aria-invalid=\"false\" name=\"menu-46\"><option value=\"\">&#8212;Please choose an option&#8212;<\/option><option value=\"Curso B\u00e1sico impresi\u00f3n 3d - 4h (50\u20ac)\">Curso B\u00e1sico impresi\u00f3n 3d - 4h (50\u20ac)<\/option><option value=\"Curso Avanzado Impres\u00f3n 3d - 6h (90\u20ac)\">Curso Avanzado Impres\u00f3n 3d - 6h (90\u20ac)<\/option><option value=\"Curso de modelado con Blender e impresi\u00f3n 3D - 15h (200\u20ac)\">Curso de modelado con Blender e impresi\u00f3n 3D - 15h (200\u20ac)<\/option><option value=\"Curso Nivel B\u00e1sico Rhinoceros 7 - 18h (210\u20ac)\">Curso Nivel B\u00e1sico Rhinoceros 7 - 18h (210\u20ac)<\/option><option value=\"Curso Nivel Avanzado Rhinoceros 7 - 24h (280\u20ac)\">Curso Nivel Avanzado Rhinoceros 7 - 24h (280\u20ac)<\/option><option value=\"Curso Nivel B\u00e1sico-Intermedio ZBrush 2020 - 44h (540\u20ac)\">Curso Nivel B\u00e1sico-Intermedio ZBrush 2020 - 44h (540\u20ac)<\/option><option value=\"Curso Personalizado ZBrush Core (Consultar)\">Curso Personalizado ZBrush Core (Consultar)<\/option><\/select><\/span>\n<\/p>\n<p>Tu Mensaje\n<\/p>\n<p><span class=\"wpcf7-form-control-wrap\" data-name=\"your-message\"><textarea cols=\"40\" rows=\"10\" maxlength=\"2000\" class=\"wpcf7-form-control wpcf7-textarea\" aria-invalid=\"false\" name=\"your-message\"><\/textarea><\/span>\n<\/p>\n<p><input class=\"wpcf7-form-control wpcf7-submit has-spinner\" type=\"submit\" value=\"Enviar\" \/>\n<\/p><div class=\"wpcf7-response-output\" aria-hidden=\"true\"><\/div>\n<\/form>\n<\/div>\n[\/vc_column][vc_column width=&#8221;1\/3&#8243;][vc_column_text]<\/p>\n<h6>Os cursos s\u00e3o ministrados em um pequeno grupo (5 a 10 pessoas)<\/h6>\n<h6><strong>HOR\u00c1RIOS :<\/strong><\/h6>\n<p>SEXTA-FEIRA \u00c0 TARDE<br \/>\nMANH\u00c3 DE S\u00c1BADO[\/vc_column_text][vc_column_text]<\/p>\n<h6><strong>INSCRI\u00c7\u00d5ES:<\/strong><\/h6>\n<p>Se voc\u00ea estiver interessado em participar<br \/>\nem qualquer um de nossos cursos, entre em contato conosco:<br \/>\n<a href=\"mailto:cursos@imprimetresde.com\">cursos@imprimetresde.com<\/a><br \/>\no <a href=\"\/?page_id=6462\">Inscr\u00edbete aqu\u00ed<\/a>[\/vc_column_text]\n    <div class=\"site-social-icons-shortcode\">\n        <ul class=\"left\" >\n            <li class=\"site-social-icons-facebook\"><a target=\"_blank\" href=\"https:\/\/www.facebook.com\/imprimetresde\" ><i class=\"fa fa-facebook\"><\/i><span>Facebook<\/span><\/a><\/li>            <li class=\"site-social-icons-twitter\"><a target=\"_blank\" href=\"http:\/\/twitter.com\/imprimetresde_\" ><i class=\"fa fa-twitter\"><\/i><span>Twitter<\/span><\/a><\/li>                        <li class=\"site-social-icons-pinterest\"><a target=\"_blank\" href=\"https:\/\/www.pinterest.com\/imprimetresde\/\" ><i class=\"fa fa-pinterest\"><\/i><span>Pinterest<\/span><\/a><\/li>                                                            <li class=\"site-social-icons-instagram\"><a target=\"_blank\" href=\"https:\/\/www.instagram.com\/imprimetresde\/\" ><i class=\"fa fa-instagram\"><\/i><span>Instagram<\/span><\/a><\/li>                                <\/ul>\n    <\/div>\n    \n    [\/vc_column][\/vc_row]<\/p>\n","protected":false},"excerpt":{"rendered":"<p>Cursos de impresi\u00f3n 3d y dise\u00f1o tridimensional [vc_row font_color=&#8221;#ec801b&#8221; css=&#8221;.vc_custom_1461494363522{padding-top: 250px !important;padding-bottom: 250px !important;background-image: url(https:\/\/test.imprimetresde.com\/wp-content\/uploads\/2016\/04\/cursos_OPT.jpg?id=2880) !important;}&#8221; background_style=&#8221;parallax&#8221;][vc_column][vc_text_separator title=&#8221;Cursos impress\u00e3o 3D&#8221; color=&#8221;#ec801b&#8221; subtitle=&#8221;Marca de Impresi\u00f3n en tres dimensiones con sede en A Coru\u00f1a&#8221; el_class=&#8221; h1orange&#8221;][\/vc_column][\/vc_row][vc_row type=&#8221;boxed&#8221; css=&#8221;.vc_custom_1400146784650{margin-top: 5% !important;margin-bottom: 5% !important;}&#8221;][vc_column width=&#8221;2\/3&#8243;][vc_column_text css=&#8221;.vc_custom_1461514369110{padding-right: 3% !important;}&#8221;] A impress\u00e3o 3D \u00e9 um grupo de tecnologias de fabrica\u00e7\u00e3o de [&hellip;]<\/p>\n","protected":false},"author":1,"featured_media":0,"parent":0,"menu_order":0,"comment_status":"closed","ping_status":"closed","template":"page-full-width.php","meta":{"_vp_format_video_url":"","_vp_image_focal_point":[],"footnotes":""},"class_list":["post-7367","page","type-page","status-publish","hentry"],"_links":{"self":[{"href":"https:\/\/test.imprimetresde.com\/pt-pt\/wp-json\/wp\/v2\/pages\/7367","targetHints":{"allow":["GET"]}}],"collection":[{"href":"https:\/\/test.imprimetresde.com\/pt-pt\/wp-json\/wp\/v2\/pages"}],"about":[{"href":"https:\/\/test.imprimetresde.com\/pt-pt\/wp-json\/wp\/v2\/types\/page"}],"author":[{"embeddable":true,"href":"https:\/\/test.imprimetresde.com\/pt-pt\/wp-json\/wp\/v2\/users\/1"}],"replies":[{"embeddable":true,"href":"https:\/\/test.imprimetresde.com\/pt-pt\/wp-json\/wp\/v2\/comments?post=7367"}],"version-history":[{"count":0,"href":"https:\/\/test.imprimetresde.com\/pt-pt\/wp-json\/wp\/v2\/pages\/7367\/revisions"}],"wp:attachment":[{"href":"https:\/\/test.imprimetresde.com\/pt-pt\/wp-json\/wp\/v2\/media?parent=7367"}],"curies":[{"name":"wp","href":"https:\/\/api.w.org\/{rel}","templated":true}]}}