{"id":7516,"date":"2020-05-07T11:03:09","date_gmt":"2020-05-07T10:03:09","guid":{"rendered":"https:\/\/test.imprimetresde.com\/portfolio\/"},"modified":"2020-05-07T11:37:25","modified_gmt":"2020-05-07T10:37:25","slug":"portfolio","status":"publish","type":"page","link":"https:\/\/test.imprimetresde.com\/pt-pt\/portfolio\/","title":{"rendered":"Portfolio"},"content":{"rendered":"<p>Este \u00e9 o nosso portf\u00f3lio. A <a href=\"https:\/\/test.imprimetresde.com\/pt-pt\">I3d<\/a> projeta e imprime en 3d sob encomenda, para clientes de todos os tipos, com materiais <a href=\"https:\/\/test.imprimetresde.com\/pt-pt\/nosso-material-de-impressao-pla-polimero-biodegradavel-de-recursos-vegetais\/\">ecol\u00f3gicos<\/a>.<\/p>\n<p>[vc_row][vc_column]    \n    [\/vc_column][\/vc_row]<\/p>\n","protected":false},"excerpt":{"rendered":"<p>Este \u00e9 o nosso portf\u00f3lio. A I3d projeta e imprime en 3d sob encomenda, para clientes de todos os tipos, com materiais ecol\u00f3gicos. [vc_row][vc_column][\/vc_column][\/vc_row]<\/p>\n","protected":false},"author":1,"featured_media":0,"parent":0,"menu_order":0,"comment_status":"closed","ping_status":"closed","template":"","meta":{"_vp_format_video_url":"","_vp_image_focal_point":[],"footnotes":""},"class_list":["post-7516","page","type-page","status-publish","hentry"],"_links":{"self":[{"href":"https:\/\/test.imprimetresde.com\/pt-pt\/wp-json\/wp\/v2\/pages\/7516","targetHints":{"allow":["GET"]}}],"collection":[{"href":"https:\/\/test.imprimetresde.com\/pt-pt\/wp-json\/wp\/v2\/pages"}],"about":[{"href":"https:\/\/test.imprimetresde.com\/pt-pt\/wp-json\/wp\/v2\/types\/page"}],"author":[{"embeddable":true,"href":"https:\/\/test.imprimetresde.com\/pt-pt\/wp-json\/wp\/v2\/users\/1"}],"replies":[{"embeddable":true,"href":"https:\/\/test.imprimetresde.com\/pt-pt\/wp-json\/wp\/v2\/comments?post=7516"}],"version-history":[{"count":0,"href":"https:\/\/test.imprimetresde.com\/pt-pt\/wp-json\/wp\/v2\/pages\/7516\/revisions"}],"wp:attachment":[{"href":"https:\/\/test.imprimetresde.com\/pt-pt\/wp-json\/wp\/v2\/media?parent=7516"}],"curies":[{"name":"wp","href":"https:\/\/api.w.org\/{rel}","templated":true}]}}